{"id":4869,"date":"2015-12-02T11:20:35","date_gmt":"2015-12-02T11:20:35","guid":{"rendered":"http:\/\/www.arovite.com\/louzao-joseba-y-molina-fernando-2014-2\/"},"modified":"2015-12-02T11:20:35","modified_gmt":"2015-12-02T11:20:35","slug":"louzao-joseba-y-molina-fernando-2014","status":"publish","type":"page","link":"https:\/\/www.arovite.com\/en\/louzao-joseba-y-molina-fernando-2014\/","title":{"rendered":"LOUZAO, Joseba y MOLINA, Fernando (2014)"},"content":{"rendered":"<div class=\"wpb-content-wrapper\"><p>[vc_row][vc_column width=&#8221;1\/1&#8243;][vc_column_text][vc_empty_space height=&#8221;20&#8243;]<br \/>\n<strong>Referencia bibliogr\u00e1fica<\/strong><br \/>\nLOUZAO, Joseba y MOLINA, Fernando (2014): \u00abEl pluralismo vasco: pol\u00edtica e historiograf\u00eda\u00bb, <em>Historia y Pol\u00edtica<\/em>, n\u00ba 32, pp. 301-328.<\/p>\n<p><a class=\"button blue  medium \" href=\"https:\/\/www.researchgate.net\/publication\/274718923_El_pluralismo_vasco_poltica_e_historiografa\" target=\"_blank\">Consultar PDF<\/a>[vc_empty_space height=&#8221;10&#8243;]<br \/>\n<strong>Resumen<\/strong><br \/>\nEste texto analiza la elaboraci\u00f3n historiogr\u00e1fica del concepto de \u00abpluralismo vasco \u00bb como tesis explicativa de la contemporaneidad vasca desde los a\u00f1os de la Transici\u00f3n hasta la actualidad. Una vez ubicado en el contexto de la \u00e9poca en que fue elaborado, se discute su operatividad explicativa como relato sobre el pasado de los vascos y su potencialidad para emplazar las tesis historiogr\u00e1ficas en los debates pol\u00edticos. A partir de la experiencia vasca, este art\u00edculo reflexiona sobre las estrechas relaciones entre biograf\u00eda, memoria e historia en el an\u00e1lisis historiogr\u00e1fico contempor\u00e1neo y, muy especialmente, en el dedicado al fen\u00f3meno de la naci\u00f3n y la violencia.<br \/>\n[vc_empty_space height=&#8221;10&#8243;]<br \/>\n<strong>Autor<\/strong><br \/>\nJoseba Louzao Villar. <a title=\"Dialnet\" href=\"http:\/\/dialnet.unirioja.es\/servlet\/autor?codigo=2160535\" target=\"_blank\">P\u00e1gina del autor en Dialnet.<\/a><br \/>\nFernando Molina. <a title=\"Dialnet\" href=\"http:\/\/dialnet.unirioja.es\/servlet\/autor?codigo=819573\" target=\"_blank\">P\u00e1gina del autor en Dialnet.<\/a><br \/>\n[vc_empty_space height=&#8221;10&#8243;]<br \/>\n<strong>Tipo de documento<\/strong><br \/>\nArt\u00edculo<br \/>\n[vc_empty_space height=&#8221;10&#8243;]<br \/>\n<a title=\"Enlace alternativo\" href=\"https:\/\/www.academia.edu\/11614620\/El_pluralismo_vasco_pol%C3%ADtica_e_historiograf%C3%ADa\" target=\"_blank\"><strong>Enlace alternativo.<\/strong><\/a><br \/>\n[\/vc_column_text][\/vc_column][\/vc_row]<\/p>\n<\/div>","protected":false},"excerpt":{"rendered":"<p>[vc_row][vc_column width=&#8221;1\/1&#8243;][vc_column_text][vc_empty_space height=&#8221;20&#8243;] Referencia bibliogr\u00e1fica LOUZAO, Joseba y MOLINA, Fernando (2014): \u00abEl pluralismo vasco: pol\u00edtica e historiograf\u00eda\u00bb, Historia y Pol\u00edtica, n\u00ba 32, pp. 301-328. Consultar PDF[vc_empty_space height=&#8221;10&#8243;] Resumen Este texto&hellip;<\/p>\n","protected":false},"author":1,"featured_media":0,"parent":0,"menu_order":0,"comment_status":"open","ping_status":"open","template":"","meta":{"om_disable_all_campaigns":false,"_monsterinsights_skip_tracking":false,"_monsterinsights_sitenote_active":false,"_monsterinsights_sitenote_note":"","_monsterinsights_sitenote_category":0,"_uf_show_specific_survey":0,"_uf_disable_surveys":false,"_vp_format_video_url":"","_vp_image_focal_point":[],"_vp_custom_popup_image":0,"_vp_format_audio_url":"","_vp_custom_thumbnail":0,"_vp_custom_thumbnail_focal_point":[],"_vp_hover_thumbnail":0,"_vp_hover_thumbnail_focal_point":[],"footnotes":""},"class_list":["post-4869","page","type-page","status-publish","hentry"],"aioseo_notices":[],"_links":{"self":[{"href":"https:\/\/www.arovite.com\/en\/wp-json\/wp\/v2\/pages\/4869","targetHints":{"allow":["GET"]}}],"collection":[{"href":"https:\/\/www.arovite.com\/en\/wp-json\/wp\/v2\/pages"}],"about":[{"href":"https:\/\/www.arovite.com\/en\/wp-json\/wp\/v2\/types\/page"}],"author":[{"embeddable":true,"href":"https:\/\/www.arovite.com\/en\/wp-json\/wp\/v2\/users\/1"}],"replies":[{"embeddable":true,"href":"https:\/\/www.arovite.com\/en\/wp-json\/wp\/v2\/comments?post=4869"}],"version-history":[{"count":0,"href":"https:\/\/www.arovite.com\/en\/wp-json\/wp\/v2\/pages\/4869\/revisions"}],"wp:attachment":[{"href":"https:\/\/www.arovite.com\/en\/wp-json\/wp\/v2\/media?parent=4869"}],"curies":[{"name":"wp","href":"https:\/\/api.w.org\/{rel}","templated":true}]}}