{"id":4865,"date":"2015-12-02T11:13:47","date_gmt":"2015-12-02T11:13:47","guid":{"rendered":"http:\/\/www.arovite.com\/markez-inaki-fernandez-alberto-y-perez-sales-pau-coords-2009-2\/"},"modified":"2016-01-26T21:47:15","modified_gmt":"2016-01-26T21:47:15","slug":"markez-inaki-fernandez-alberto-y-perez-sales-pau-coords-2009","status":"publish","type":"page","link":"https:\/\/www.arovite.com\/en\/markez-inaki-fernandez-alberto-y-perez-sales-pau-coords-2009\/","title":{"rendered":"MARKEZ, I\u00f1aki, FERN\u00c1NDEZ, Alberto y P\u00c9REZ-SALES, Pau (coords.) (2009)"},"content":{"rendered":"<div class=\"wpb-content-wrapper\"><p>[vc_row][vc_column width=&#8221;1\/1&#8243;][vc_column_text][vc_empty_space height=&#8221;20&#8243;]<br \/>\n<strong>Referencia bibliogr\u00e1fica<\/strong><br \/>\nMARKEZ, I\u00f1aki, FERN\u00c1NDEZ, Alberto y P\u00c9REZ-SALES, Pau (coords.) (2009): <em>Violencia y salud mental: salud mental y violencias institucional, estructural, social y colectiva<\/em>. Madrid: Asociaci\u00f3n Espa\u00f1ola de Neuropsiquiatr\u00eda.<\/p>\n<p><a class=\"button blue  medium \" href=\"http:\/\/www.difusor.org\/wp-content\/uploads\/2009\/06\/violencia-y-salud-mental.pdf\" target=\"_blank\">Consultar PDF<\/a>[vc_empty_space height=&#8221;10&#8243;]<br \/>\n<strong>Resumen<\/strong><br \/>\nSobre las relaciones entre violencia y salud mental han corrido r\u00edos de tinta y, adem\u00e1s, kil\u00f3metros de celuloide. Pero, como ha sucedido con uno y otro tema por separado, lo m\u00e1s frecuente es que tinta y celuloide se hayan orientado desde la \u00f3ptica del individuo, que, en las correspondientes reflexiones, se contempla como v\u00edctima o perpetrador, como paciente o agente de salud. Sin embargo la violencia cuya explicaci\u00f3n se agota en lo individual o en lo interpersonal inmediato tiene, con seguridad, menos efectos sobre la sociedad en general y sobre su salud mental en particular que otras formas de violencia a cuyas complejas relaciones con la salud mental se ha prestado menos atenci\u00f3n. Y, como, por mucho que se quiera ignorar, sabemos perfectamente, la salud mental de los individuos y sus alteraciones explican un porcentaje insignificante de la violencia que sufren nuestras sociedades.<br \/>\n[vc_empty_space height=&#8221;10&#8243;]<br \/>\n<strong>Autor<\/strong><br \/>\nI\u00f1aki Markez. <a title=\"Dialnet\" href=\"http:\/\/dialnet.unirioja.es\/servlet\/autor?codigo=1164643\" target=\"_blank\">P\u00e1gina del autor en Dialnet.<\/a><br \/>\nAlberto Fern\u00e1ndez Liria. <a title=\"Dialnet\" href=\"http:\/\/dialnet.unirioja.es\/servlet\/autor?codigo=956859\" target=\"_blank\">P\u00e1gina del autor en Dialnet.<\/a><br \/>\nPau P\u00e9rez-Sales. <a title=\"Dialnet\" href=\"http:\/\/dialnet.unirioja.es\/servlet\/autor?codigo=3529510\" target=\"_blank\">P\u00e1gina del autor en Dialnet.<\/a><br \/>\n[vc_empty_space height=&#8221;10&#8243;]<br \/>\n<strong>Tipo de documento<\/strong><br \/>\nLibro<br \/>\n[vc_empty_space height=&#8221;10&#8243;]<br \/>\n[\/vc_column_text][\/vc_column][\/vc_row]<\/p>\n<\/div>","protected":false},"excerpt":{"rendered":"<p>[vc_row][vc_column width=&#8221;1\/1&#8243;][vc_column_text][vc_empty_space height=&#8221;20&#8243;] Referencia bibliogr\u00e1fica MARKEZ, I\u00f1aki, FERN\u00c1NDEZ, Alberto y P\u00c9REZ-SALES, Pau (coords.) (2009): Violencia y salud mental: salud mental y violencias institucional, estructural, social y colectiva. Madrid: Asociaci\u00f3n Espa\u00f1ola&hellip;<\/p>\n","protected":false},"author":1,"featured_media":0,"parent":0,"menu_order":0,"comment_status":"open","ping_status":"open","template":"","meta":{"om_disable_all_campaigns":false,"_monsterinsights_skip_tracking":false,"_monsterinsights_sitenote_active":false,"_monsterinsights_sitenote_note":"","_monsterinsights_sitenote_category":0,"_uf_show_specific_survey":0,"_uf_disable_surveys":false,"_vp_format_video_url":"","_vp_image_focal_point":[],"_vp_custom_popup_image":0,"_vp_format_audio_url":"","_vp_custom_thumbnail":0,"_vp_custom_thumbnail_focal_point":[],"_vp_hover_thumbnail":0,"_vp_hover_thumbnail_focal_point":[],"footnotes":""},"class_list":["post-4865","page","type-page","status-publish","hentry"],"aioseo_notices":[],"_links":{"self":[{"href":"https:\/\/www.arovite.com\/en\/wp-json\/wp\/v2\/pages\/4865","targetHints":{"allow":["GET"]}}],"collection":[{"href":"https:\/\/www.arovite.com\/en\/wp-json\/wp\/v2\/pages"}],"about":[{"href":"https:\/\/www.arovite.com\/en\/wp-json\/wp\/v2\/types\/page"}],"author":[{"embeddable":true,"href":"https:\/\/www.arovite.com\/en\/wp-json\/wp\/v2\/users\/1"}],"replies":[{"embeddable":true,"href":"https:\/\/www.arovite.com\/en\/wp-json\/wp\/v2\/comments?post=4865"}],"version-history":[{"count":1,"href":"https:\/\/www.arovite.com\/en\/wp-json\/wp\/v2\/pages\/4865\/revisions"}],"predecessor-version":[{"id":6607,"href":"https:\/\/www.arovite.com\/en\/wp-json\/wp\/v2\/pages\/4865\/revisions\/6607"}],"wp:attachment":[{"href":"https:\/\/www.arovite.com\/en\/wp-json\/wp\/v2\/media?parent=4865"}],"curies":[{"name":"wp","href":"https:\/\/api.w.org\/{rel}","templated":true}]}}