{"id":4834,"date":"2015-12-02T09:40:47","date_gmt":"2015-12-02T09:40:47","guid":{"rendered":"http:\/\/www.arovite.com\/martin-pena-javier-rodriguez-carballeira-alvaro-escartin-jordi-porrua-clara-y-olff-miranda-2011-2\/"},"modified":"2015-12-02T09:40:47","modified_gmt":"2015-12-02T09:40:47","slug":"martin-pena-javier-rodriguez-carballeira-alvaro-escartin-jordi-porrua-clara-y-olff-miranda-2011","status":"publish","type":"page","link":"https:\/\/www.arovite.com\/en\/martin-pena-javier-rodriguez-carballeira-alvaro-escartin-jordi-porrua-clara-y-olff-miranda-2011\/","title":{"rendered":"MART\u00cdN-PE\u00d1A, Javier, RODR\u00cdGUEZ-CARBALLEIRA, \u00c1lvaro, ESCART\u00cdN, Jordi, PORR\u00daA, Clara y OLFF, Miranda (2011)"},"content":{"rendered":"<div class=\"wpb-content-wrapper\"><p>[vc_row][vc_column width=&#8221;1\/1&#8243;][vc_column_text][vc_empty_space height=&#8221;20&#8243;]<br \/>\n<strong>Referencia bibliogr\u00e1fica<\/strong><br \/>\nMART\u00cdN-PE\u00d1A, Javier, RODR\u00cdGUEZ-CARBALLEIRA, \u00c1lvaro, ESCART\u00cdN, Jordi, PORR\u00daA, Clara y OLFF, Miranda (2011): \u00abTaxonomy of the psychosocial consequences caused by the violence of persecution of ETA\u2019s network\u00bb, <em>The Spanish Journal of Psychology<\/em>, vol. 14, n\u00ba 1, pp. 172-182.<\/p>\n<p><a class=\"button blue  medium \" href=\"http:\/\/diposit.ub.edu\/dspace\/bitstream\/2445\/20487\/1\/571100.pdf\" target=\"_blank\">Consultar PDF<\/a>[vc_empty_space height=&#8221;10&#8243;]<br \/>\n<strong>Resumen<\/strong><br \/>\nEste estudio delimita y analiza los efectos del acoso aplicado por el entramado terrorista de ETA en el Pa\u00eds Vasco. El objetivo consiste en aportar una taxonom\u00eda de las consecuencias de la violencia psicol\u00f3gica y validar esta taxonom\u00eda, mediante un an\u00e1lisis de contenido de 37 testimonios de v\u00edctimas de la violencia terrorista. La taxonom\u00eda de consecuencias de la violencia psicol\u00f3gica se encuentra formada por cuatro componentes: 1. los efectos sobre el contexto de las personas afectadas, 2. sobre su estado emocional, 3. sobre la cognici\u00f3n y 4. sobre la conducta. Los resultados muestran una predominancia de las consecuencias contextuales y las cogniciones negativas. El an\u00e1lisis de la fiabilidad intraobservador e interobservador muestra unos adecuados coeficientes de estabilidad y reproducibilidad. Este estudio muestra que el acoso y la violencia psicol\u00f3gica tienen grandes consecuencias no solo para las v\u00edctimas sino para los familiares, los colectivos amenazados y para el conjunto de la sociedad.<br \/>\n[vc_empty_space height=&#8221;10&#8243;]<br \/>\n<strong>Abstract<\/strong><br \/>\nThis paper delimits and analyzes the effects of the harassment perpetrated by ETA\u2019s terrorist network in the Basque Country. The aim was to provide a taxonomy of the consequences of psychological violence and to validate this taxonomy, by means of a content analysis of 37 testimonies of victims of terrorist violence. The taxonomy of consequences of psychological violence is made up by four components: 1. the effects on the context of the persons affected, 2. on their emotional state, 3. on cognition and 4. on behavior. Results show a predominance of contextual consequences and negative cognitions. Intra-observer and inter-observer reliability analysis showed high stability and reproducibility coefficients. This study shows that harassment and psychological violence have major consequences not only for victims but also for family members, threatened collectives and even the society as a whole.<br \/>\n[vc_empty_space height=&#8221;10&#8243;]<br \/>\n<strong>Autor<\/strong><br \/>\nJavier Mart\u00edn Pe\u00f1a. <a title=\"Dialnet\" href=\"http:\/\/dialnet.unirioja.es\/servlet\/autor?codigo=2901565\" target=\"_blank\">P\u00e1gina del autor en Dialnet.<\/a><br \/>\n\u00c1lvaro Rodr\u00edguez Carballeira. <a title=\"Dialnet\" href=\"http:\/\/dialnet.unirioja.es\/servlet\/autor?codigo=271619\" target=\"_blank\">P\u00e1gina del autor en Dialnet.<\/a><br \/>\nJordi Escart\u00edn. <a title=\"Dialnet\" href=\"http:\/\/dialnet.unirioja.es\/servlet\/autor?codigo=2544940\" target=\"_blank\">P\u00e1gina del autor en Dialnet.<\/a><br \/>\nClara Porr\u00faa. <a title=\"Dialnet\" href=\"http:\/\/dialnet.unirioja.es\/servlet\/autor?codigo=2544941\" target=\"_blank\">P\u00e1gina del autor en Dialnet.<\/a><br \/>\nMiranda Olff. <a title=\"Dialnet\" href=\"http:\/\/dialnet.unirioja.es\/servlet\/autor?codigo=2901569\" target=\"_blank\">P\u00e1gina del autor en Dialnet.<\/a><br \/>\n[vc_empty_space height=&#8221;10&#8243;]<br \/>\n<strong>Tipo de documento<\/strong><br \/>\nArt\u00edculo<br \/>\n[vc_empty_space height=&#8221;10&#8243;]<br \/>\n[\/vc_column_text][\/vc_column][\/vc_row]<\/p>\n<\/div>","protected":false},"excerpt":{"rendered":"<p>[vc_row][vc_column width=&#8221;1\/1&#8243;][vc_column_text][vc_empty_space height=&#8221;20&#8243;] Referencia bibliogr\u00e1fica MART\u00cdN-PE\u00d1A, Javier, RODR\u00cdGUEZ-CARBALLEIRA, \u00c1lvaro, ESCART\u00cdN, Jordi, PORR\u00daA, Clara y OLFF, Miranda (2011): \u00abTaxonomy of the psychosocial consequences caused by the violence of persecution of ETA\u2019s&hellip;<\/p>\n","protected":false},"author":1,"featured_media":0,"parent":0,"menu_order":0,"comment_status":"open","ping_status":"open","template":"","meta":{"om_disable_all_campaigns":false,"_monsterinsights_skip_tracking":false,"_monsterinsights_sitenote_active":false,"_monsterinsights_sitenote_note":"","_monsterinsights_sitenote_category":0,"_uf_show_specific_survey":0,"_uf_disable_surveys":false,"_vp_format_video_url":"","_vp_image_focal_point":[],"_vp_custom_popup_image":0,"_vp_format_audio_url":"","_vp_custom_thumbnail":0,"_vp_custom_thumbnail_focal_point":[],"_vp_hover_thumbnail":0,"_vp_hover_thumbnail_focal_point":[],"footnotes":""},"class_list":["post-4834","page","type-page","status-publish","hentry"],"aioseo_notices":[],"_links":{"self":[{"href":"https:\/\/www.arovite.com\/en\/wp-json\/wp\/v2\/pages\/4834","targetHints":{"allow":["GET"]}}],"collection":[{"href":"https:\/\/www.arovite.com\/en\/wp-json\/wp\/v2\/pages"}],"about":[{"href":"https:\/\/www.arovite.com\/en\/wp-json\/wp\/v2\/types\/page"}],"author":[{"embeddable":true,"href":"https:\/\/www.arovite.com\/en\/wp-json\/wp\/v2\/users\/1"}],"replies":[{"embeddable":true,"href":"https:\/\/www.arovite.com\/en\/wp-json\/wp\/v2\/comments?post=4834"}],"version-history":[{"count":0,"href":"https:\/\/www.arovite.com\/en\/wp-json\/wp\/v2\/pages\/4834\/revisions"}],"wp:attachment":[{"href":"https:\/\/www.arovite.com\/en\/wp-json\/wp\/v2\/media?parent=4834"}],"curies":[{"name":"wp","href":"https:\/\/api.w.org\/{rel}","templated":true}]}}