{"id":4829,"date":"2015-12-02T09:35:07","date_gmt":"2015-12-02T09:35:07","guid":{"rendered":"http:\/\/www.arovite.com\/martin-pena-javier-rodriguez-carballeira-alvaro-escartin-jordi-porrua-clara-y-winkel-frans-willem-2010-2\/"},"modified":"2015-12-02T09:35:07","modified_gmt":"2015-12-02T09:35:07","slug":"martin-pena-javier-rodriguez-carballeira-alvaro-escartin-jordi-porrua-clara-y-winkel-frans-willem-2010","status":"publish","type":"page","link":"https:\/\/www.arovite.com\/en\/martin-pena-javier-rodriguez-carballeira-alvaro-escartin-jordi-porrua-clara-y-winkel-frans-willem-2010\/","title":{"rendered":"MART\u00cdN PE\u00d1A, Javier, RODR\u00cdGUEZ CARBALLEIRA, \u00c1lvaro, ESCART\u00cdN, Jordi, PORR\u00daA, Clara y WINKEL, Frans Willem (2010)"},"content":{"rendered":"<div class=\"wpb-content-wrapper\"><p>[vc_row][vc_column width=&#8221;1\/1&#8243;][vc_column_text][vc_empty_space height=&#8221;20&#8243;]<br \/>\n<strong>Referencia bibliogr\u00e1fica<\/strong><br \/>\nMART\u00cdN PE\u00d1A, Javier, RODR\u00cdGUEZ CARBALLEIRA, \u00c1lvaro, ESCART\u00cdN, Jordi, PORR\u00daA, Clara y WINKEL, Frans Willem (2010): \u00abStrategies of psychological terrorism perpetrated by ETA&#8217;s network. Delimitation and classification\u00bb, <em>Psicothema<\/em>, vol. 22, n\u00ba 1, pp. 112-117.<\/p>\n<p><a class=\"button blue  medium \" href=\"http:\/\/www.psicothema.com\/pdf\/3704.pdf\" target=\"_blank\">Consultar PDF<\/a>[vc_empty_space height=&#8221;10&#8243;]<br \/>\n<strong>Resumen<\/strong><br \/>\nEste estudio delimita y analiza el acoso aplicado por el entramado terrorista de ETA en el Pa\u00eds Vasco, aportando para ello una taxonom\u00eda de sus estrategias de violencia psicol\u00f3gica. La utilidad de la mencionada clasificaci\u00f3n ha sido probada y contrastada mediante un an\u00e1lisis de contenido de 19 testimonios de personas que han sido v\u00edctimas de la violencia del entramado terrorista. La taxonom\u00eda del conjunto de estrategias de violencia psicol\u00f3gica est\u00e1 compuesta por cuatro dimensiones, que enfatizan respectivamente la acci\u00f3n sobre el contexto cercano del individuo, sobre sus emociones, sus cogniciones y sobre su misma conducta. Los resultados muestran la predominancia de las estrategias de tipo emocional y cognitivo. El an\u00e1lisis de la fiabilidad intraobservador e interobservador en la codificaci\u00f3n mostr\u00f3 un coeficiente Kappa de Cohen de .92 y .87, respectivamente. La violencia psicol\u00f3gica analizada en este estudio refleja un tipo de terrorismo psicol\u00f3gico que acosa y persigue a un sector espec\u00edfico de la poblaci\u00f3n.<br \/>\n[vc_empty_space height=&#8221;10&#8243;]<br \/>\n<strong>Abstract<\/strong><br \/>\nThis paper defines and analyzes the harassment perpetrated by ETA\u2019s terrorist network in the Basque Country, providing a taxonomy of its strategies of psychological violence. The usefulness of this taxonomy has been tested and contrasted by means of a content analysis of 19 testimonies of persons who were the victims of violence by the terrorist network. The taxonomy of strategies of psychological violence is made up of four dimensions that emphasize the actions on the context of the persons affected, and on their emotional state, cognitions, and behaviour. Results show the predominance of emotional and cognitive strategies. Intra-observer and inter-observer reliability analysis in coding showed a Cohen\u2019s Kappa coefficient of .92 and .87, respectively. The psychological violence analyzed in this study reflects a form of psychological terrorism that harasses and persecutes a specific sector of the population.<br \/>\n[vc_empty_space height=&#8221;10&#8243;]<br \/>\n<strong>Autor<\/strong><br \/>\nJavier Mart\u00edn Pe\u00f1a. <a title=\"Dialnet\" href=\"http:\/\/dialnet.unirioja.es\/servlet\/autor?codigo=2901565\" target=\"_blank\">P\u00e1gina del autor en Dialnet.<\/a><br \/>\n\u00c1lvaro Rodr\u00edguez Carballeira. <a title=\"Dialnet\" href=\"http:\/\/dialnet.unirioja.es\/servlet\/autor?codigo=271619\" target=\"_blank\">P\u00e1gina del autor en Dialnet.<\/a><br \/>\nJordi Escart\u00edn. <a title=\"Dialnet\" href=\"http:\/\/dialnet.unirioja.es\/servlet\/autor?codigo=2544940\" target=\"_blank\">P\u00e1gina del autor en Dialnet.<\/a><br \/>\nClara Porr\u00faa. <a title=\"Dialnet\" href=\"http:\/\/dialnet.unirioja.es\/servlet\/autor?codigo=2544941\" target=\"_blank\">P\u00e1gina del autor en Dialnet.<\/a><br \/>\nFrans Willem Winkel. <a title=\"Dialnet\" href=\"http:\/\/dialnet.unirioja.es\/servlet\/autor?codigo=556055\" target=\"_blank\">P\u00e1gina del autor en Dialnet.<\/a><br \/>\n[vc_empty_space height=&#8221;10&#8243;]<br \/>\n<strong>Tipo de documento<\/strong><br \/>\nArt\u00edculo<br \/>\n[vc_empty_space height=&#8221;10&#8243;]<br \/>\n<a title=\"Enlace alternativo\" href=\"http:\/\/dialnet.unirioja.es\/servlet\/articulo?codigo=3122316\" target=\"_blank\"><strong>Enlace alternativo.<\/strong><\/a><br \/>\n[\/vc_column_text][\/vc_column][\/vc_row]<\/p>\n<\/div>","protected":false},"excerpt":{"rendered":"<p>[vc_row][vc_column width=&#8221;1\/1&#8243;][vc_column_text][vc_empty_space height=&#8221;20&#8243;] Referencia bibliogr\u00e1fica MART\u00cdN PE\u00d1A, Javier, RODR\u00cdGUEZ CARBALLEIRA, \u00c1lvaro, ESCART\u00cdN, Jordi, PORR\u00daA, Clara y WINKEL, Frans Willem (2010): \u00abStrategies of psychological terrorism perpetrated by ETA&#8217;s network. Delimitation and&hellip;<\/p>\n","protected":false},"author":1,"featured_media":0,"parent":0,"menu_order":0,"comment_status":"open","ping_status":"open","template":"","meta":{"om_disable_all_campaigns":false,"_monsterinsights_skip_tracking":false,"_monsterinsights_sitenote_active":false,"_monsterinsights_sitenote_note":"","_monsterinsights_sitenote_category":0,"_uf_show_specific_survey":0,"_uf_disable_surveys":false,"_vp_format_video_url":"","_vp_image_focal_point":[],"_vp_custom_popup_image":0,"_vp_format_audio_url":"","_vp_custom_thumbnail":0,"_vp_custom_thumbnail_focal_point":[],"_vp_hover_thumbnail":0,"_vp_hover_thumbnail_focal_point":[],"footnotes":""},"class_list":["post-4829","page","type-page","status-publish","hentry"],"aioseo_notices":[],"_links":{"self":[{"href":"https:\/\/www.arovite.com\/en\/wp-json\/wp\/v2\/pages\/4829","targetHints":{"allow":["GET"]}}],"collection":[{"href":"https:\/\/www.arovite.com\/en\/wp-json\/wp\/v2\/pages"}],"about":[{"href":"https:\/\/www.arovite.com\/en\/wp-json\/wp\/v2\/types\/page"}],"author":[{"embeddable":true,"href":"https:\/\/www.arovite.com\/en\/wp-json\/wp\/v2\/users\/1"}],"replies":[{"embeddable":true,"href":"https:\/\/www.arovite.com\/en\/wp-json\/wp\/v2\/comments?post=4829"}],"version-history":[{"count":0,"href":"https:\/\/www.arovite.com\/en\/wp-json\/wp\/v2\/pages\/4829\/revisions"}],"wp:attachment":[{"href":"https:\/\/www.arovite.com\/en\/wp-json\/wp\/v2\/media?parent=4829"}],"curies":[{"name":"wp","href":"https:\/\/api.w.org\/{rel}","templated":true}]}}