{"id":4817,"date":"2015-12-02T09:21:53","date_gmt":"2015-12-02T09:21:53","guid":{"rendered":"http:\/\/www.arovite.com\/molina-fernando-2013-2-2\/"},"modified":"2015-12-02T09:21:53","modified_gmt":"2015-12-02T09:21:53","slug":"molina-fernando-2013-2","status":"publish","type":"page","link":"https:\/\/www.arovite.com\/en\/molina-fernando-2013-2\/","title":{"rendered":"MOLINA, Fernando (2013)"},"content":{"rendered":"<div class=\"wpb-content-wrapper\"><p>[vc_row][vc_column width=&#8221;1\/1&#8243;][vc_column_text][vc_empty_space height=&#8221;20&#8243;]<br \/>\n<strong>Referencia bibliogr\u00e1fica<\/strong><br \/>\nMOLINA, Fernando (2013): \u00abLa naci\u00f3n desde abajo. Nacionalizaci\u00f3n, individuo e identidad nacional\u00bb, <em>Ayer<\/em>, n\u00ba 90, pp. 39-63.<\/p>\n<p><a class=\"button blue  medium \" href=\"https:\/\/www.researchgate.net\/publication\/267451759_La_nacin_desde_abajo._Nacionalizacin_individuo_e_identidad_nacional\" target=\"_blank\">Consultar PDF<\/a>[vc_empty_space height=&#8221;10&#8243;]<br \/>\n<strong>Resumen<\/strong><br \/>\nLa teor\u00eda social de la naci\u00f3n ha permitido rescatar el individuo como participante aut\u00f3nomo en el proceso de nacionalizaci\u00f3n. Existe un \u00abnacionalismo personal\u00bb que explica la m\u00faltiple y contradictoria apropiaci\u00f3n que de la naci\u00f3n hace el individuo, que puede rastrearse en la escritura hist\u00f3rica. As\u00ed lo demuestran otras historiograf\u00edas europeas pese a que en el caso espa\u00f1ol \u00e9ste sea precisamente un asunto a\u00fan muy escasamente estudiado. En este sentido, los trabajos biogr\u00e1ficos pueden ser sumamente \u00fatiles para comprender la compleja identificaci\u00f3n que el individuo tiene con la naci\u00f3n y c\u00f3mo \u00e9sta no tiene por qu\u00e9 coincidir con el relato can\u00f3nico que el nacionalismo fija acerca de la identidad nacional.<br \/>\n[vc_empty_space height=&#8221;10&#8243;]<br \/>\n<strong>Abstract<\/strong><br \/>\nIn contrast with canonical nationalist discourse, the individual adopts the nation as an identity narrative and this subjective fact can change over a lifetime, as does the individual. There is a mutual involvement between nation and individual that is always autonomous from the discourse of nationalists. The latter seek to \u00abcollectivize\u00bb this experience, transforming it into a general phenomenon and taking away the specific components of each biographical trajectory. Biography and personal memories can be useful to understand the relationship between individual and nation, as Spanish historians focused on other European historiographies have showed.<br \/>\n[vc_empty_space height=&#8221;10&#8243;]<br \/>\n<strong>Autor<\/strong><br \/>\nFernando Molina. <a title=\"Dialnet\" href=\"http:\/\/dialnet.unirioja.es\/servlet\/autor?codigo=819573\" target=\"_blank\">P\u00e1gina del autor en Dialnet.<\/a><br \/>\n[vc_empty_space height=&#8221;10&#8243;]<br \/>\n<strong>Tipo de documento<\/strong><br \/>\nArt\u00edculo<br \/>\n[vc_empty_space height=&#8221;10&#8243;]<br \/>\n[\/vc_column_text][\/vc_column][\/vc_row]<\/p>\n<\/div>","protected":false},"excerpt":{"rendered":"<p>[vc_row][vc_column width=&#8221;1\/1&#8243;][vc_column_text][vc_empty_space height=&#8221;20&#8243;] Referencia bibliogr\u00e1fica MOLINA, Fernando (2013): \u00abLa naci\u00f3n desde abajo. Nacionalizaci\u00f3n, individuo e identidad nacional\u00bb, Ayer, n\u00ba 90, pp. 39-63. Consultar PDF[vc_empty_space height=&#8221;10&#8243;] Resumen La teor\u00eda social de&hellip;<\/p>\n","protected":false},"author":1,"featured_media":0,"parent":0,"menu_order":0,"comment_status":"open","ping_status":"open","template":"","meta":{"om_disable_all_campaigns":false,"_monsterinsights_skip_tracking":false,"_monsterinsights_sitenote_active":false,"_monsterinsights_sitenote_note":"","_monsterinsights_sitenote_category":0,"_uf_show_specific_survey":0,"_uf_disable_surveys":false,"_vp_format_video_url":"","_vp_image_focal_point":[],"_vp_custom_popup_image":0,"_vp_format_audio_url":"","_vp_custom_thumbnail":0,"_vp_custom_thumbnail_focal_point":[],"_vp_hover_thumbnail":0,"_vp_hover_thumbnail_focal_point":[],"footnotes":""},"class_list":["post-4817","page","type-page","status-publish","hentry"],"aioseo_notices":[],"_links":{"self":[{"href":"https:\/\/www.arovite.com\/en\/wp-json\/wp\/v2\/pages\/4817","targetHints":{"allow":["GET"]}}],"collection":[{"href":"https:\/\/www.arovite.com\/en\/wp-json\/wp\/v2\/pages"}],"about":[{"href":"https:\/\/www.arovite.com\/en\/wp-json\/wp\/v2\/types\/page"}],"author":[{"embeddable":true,"href":"https:\/\/www.arovite.com\/en\/wp-json\/wp\/v2\/users\/1"}],"replies":[{"embeddable":true,"href":"https:\/\/www.arovite.com\/en\/wp-json\/wp\/v2\/comments?post=4817"}],"version-history":[{"count":1,"href":"https:\/\/www.arovite.com\/en\/wp-json\/wp\/v2\/pages\/4817\/revisions"}],"predecessor-version":[{"id":24305,"href":"https:\/\/www.arovite.com\/en\/wp-json\/wp\/v2\/pages\/4817\/revisions\/24305"}],"wp:attachment":[{"href":"https:\/\/www.arovite.com\/en\/wp-json\/wp\/v2\/media?parent=4817"}],"curies":[{"name":"wp","href":"https:\/\/api.w.org\/{rel}","templated":true}]}}