{"id":4766,"date":"2015-12-02T08:46:42","date_gmt":"2015-12-02T08:46:42","guid":{"rendered":"http:\/\/www.arovite.com\/munoz-alonso-alejandro-1986-2\/"},"modified":"2025-10-05T09:22:14","modified_gmt":"2025-10-05T09:22:14","slug":"munoz-alonso-alejandro-1986","status":"publish","type":"page","link":"https:\/\/www.arovite.com\/en\/munoz-alonso-alejandro-1986\/","title":{"rendered":"MU\u00d1OZ ALONSO, Alejandro (1986)"},"content":{"rendered":"<div class=\"wpb-content-wrapper\"><p>[vc_row][vc_column width=&#8221;1\/1&#8243;][vc_column_text][vc_empty_space height=&#8221;20&#8243;]<br \/>\n<strong>Referencia bibliogr\u00e1fica<\/strong><br \/>\nMU\u00d1OZ ALONSO, Alejandro (1986): \u00abGolpismo y terrorismo en la Transici\u00f3n democr\u00e1tica\u00bb, <em>REIS: Revista Espa\u00f1ola de Investigaciones Sociol\u00f3gicas<\/em>, n\u00ba 36, pp. 25-33. <\/p>\n<p><a class=\"button blue  medium \" href=\"https:\/\/dialnet.unirioja.es\/descarga\/articulo\/249114.pdf\" target=\"_blank\">Consultar PDF<\/a>[vc_empty_space height=&#8221;10&#8243;]<br \/>\n<strong>Resumen<\/strong><br \/>\nEl objeto de la presente comunicaci\u00f3n es hacer una serie de consideraciones sobre el papel de las Fuerzas Armadas en el proceso de transici\u00f3n a la democracia vivido por Espa\u00f1a a partir de 1975, con una especial insistencia en las relaciones que se establecen entre los dos fen\u00f3menos \u2014golpismo y terrorismo\u2014 que representan los dos obst\u00e1culos m\u00e1s importantes en el proceso de normalizaci\u00f3n pol\u00edtica.<br \/>\n[vc_empty_space height=&#8221;10&#8243;]<br \/>\n<strong>Autor<\/strong><br \/>\nAlejandro Mu\u00f1oz Alonso. <a title=\"Dialnet\" href=\"http:\/\/dialnet.unirioja.es\/servlet\/autor?codigo=69143\" target=\"_blank\">P\u00e1gina del autor en Dialnet.<\/a><br \/>\n[vc_empty_space height=&#8221;10&#8243;]<br \/>\n<strong>Tipo de documento<\/strong><br \/>\nArt\u00edculo<br \/>\n[vc_empty_space height=&#8221;10&#8243;]<br \/>\n<a title=\"Enlace alternativo\" href=\"http:\/\/dialnet.unirioja.es\/servlet\/articulo?codigo=249114\" target=\"_blank\"><strong>Enlace alternativo.<\/strong><\/a><br \/>\n[\/vc_column_text][\/vc_column][\/vc_row]<\/p>\n<\/div>","protected":false},"excerpt":{"rendered":"<p>[vc_row][vc_column width=&#8221;1\/1&#8243;][vc_column_text][vc_empty_space height=&#8221;20&#8243;] Referencia bibliogr\u00e1fica MU\u00d1OZ ALONSO, Alejandro (1986): \u00abGolpismo y terrorismo en la Transici\u00f3n democr\u00e1tica\u00bb, REIS: Revista Espa\u00f1ola de Investigaciones Sociol\u00f3gicas, n\u00ba 36, pp. 25-33. Consultar PDF[vc_empty_space height=&#8221;10&#8243;] Resumen&hellip;<\/p>\n","protected":false},"author":1,"featured_media":0,"parent":0,"menu_order":0,"comment_status":"open","ping_status":"open","template":"","meta":{"om_disable_all_campaigns":false,"_monsterinsights_skip_tracking":false,"_monsterinsights_sitenote_active":false,"_monsterinsights_sitenote_note":"","_monsterinsights_sitenote_category":0,"_uf_show_specific_survey":0,"_uf_disable_surveys":false,"_vp_format_video_url":"","_vp_image_focal_point":[],"_vp_custom_popup_image":0,"_vp_format_audio_url":"","_vp_custom_thumbnail":0,"_vp_custom_thumbnail_focal_point":[],"_vp_hover_thumbnail":0,"_vp_hover_thumbnail_focal_point":[],"footnotes":""},"class_list":["post-4766","page","type-page","status-publish","hentry"],"aioseo_notices":[],"_links":{"self":[{"href":"https:\/\/www.arovite.com\/en\/wp-json\/wp\/v2\/pages\/4766","targetHints":{"allow":["GET"]}}],"collection":[{"href":"https:\/\/www.arovite.com\/en\/wp-json\/wp\/v2\/pages"}],"about":[{"href":"https:\/\/www.arovite.com\/en\/wp-json\/wp\/v2\/types\/page"}],"author":[{"embeddable":true,"href":"https:\/\/www.arovite.com\/en\/wp-json\/wp\/v2\/users\/1"}],"replies":[{"embeddable":true,"href":"https:\/\/www.arovite.com\/en\/wp-json\/wp\/v2\/comments?post=4766"}],"version-history":[{"count":1,"href":"https:\/\/www.arovite.com\/en\/wp-json\/wp\/v2\/pages\/4766\/revisions"}],"predecessor-version":[{"id":24762,"href":"https:\/\/www.arovite.com\/en\/wp-json\/wp\/v2\/pages\/4766\/revisions\/24762"}],"wp:attachment":[{"href":"https:\/\/www.arovite.com\/en\/wp-json\/wp\/v2\/media?parent=4766"}],"curies":[{"name":"wp","href":"https:\/\/api.w.org\/{rel}","templated":true}]}}