{"id":4743,"date":"2015-12-02T08:25:23","date_gmt":"2015-12-02T08:25:23","guid":{"rendered":"http:\/\/www.arovite.com\/observatorio-vasco-de-la-juventud-2011-2\/"},"modified":"2015-12-30T12:23:26","modified_gmt":"2015-12-30T12:23:26","slug":"observatorio-vasco-de-la-juventud-2011","status":"publish","type":"page","link":"https:\/\/www.arovite.com\/en\/observatorio-vasco-de-la-juventud-2011\/","title":{"rendered":"OBSERVATORIO VASCO DE LA JUVENTUD (2011)"},"content":{"rendered":"<div class=\"wpb-content-wrapper\"><p>[vc_row][vc_column width=&#8221;1\/1&#8243;][vc_column_text][vc_empty_space height=&#8221;20&#8243;]<br \/>\n<strong>Referencia bibliogr\u00e1fica<\/strong><br \/>\nOBSERVATORIO VASCO DE LA JUVENTUD (2011): <em>Retrato de juventud 14. Cultura democr\u00e1tica<\/em>. Vitoria-Gasteiz: Gobierno Vasco.<\/p>\n<p><a class=\"button blue  medium \" href=\"http:\/\/www.arovite.com\/documentos\/2011_Retratos_juventud.pdf\" target=\"_blank\">Consultar PDF<\/a>[vc_empty_space height=&#8221;10&#8243;]<br \/>\n<strong>Resumen<\/strong><br \/>\nLa recogida de informaci\u00f3n se realiz\u00f3 entre el 28 de octubre y el 12 de noviembre de 2010 -ambos inclusive- a trav\u00e9s de entrevista individual mediante cuestionario estructurado y cerrado, realizada a domicilio a una muestra representativa de la poblaci\u00f3n de 15 y m\u00e1s a\u00f1os de cada uno de los Territorios Hist\u00f3ricos de la Comunidad Aut\u00f3noma del Pa\u00eds Vasco (CAPV). En conjunto se realizaron 3094 entrevistas, de las cuales 1326 corresponden a j\u00f3venes de entre 15 y 29 a\u00f1os y 1.768 a personas de 30 y m\u00e1s a\u00f1os. En todos los casos la selecci\u00f3n se realiz\u00f3 por procedimiento poliet\u00e1pico y estratificado, siguiendo rutas aleatorias -a partir de un total de 221 puntos de muestreo- y con selecci\u00f3n de los individuos por cuotas de sexo, edad y situaci\u00f3n laboral, siendo posteriormente ponderados los resultados en base a la poblaci\u00f3n y al recuerdo de voto en las Elecciones al Parlamento Vasco de 2009, en cada uno de los tres Territorios. El error muestral correspondiente a la muestra de 1326 j\u00f3venes y atribuible en el caso te\u00f3rico de que la muestra hubiera sido estrictamente aleatoria, se cifra en un + 2,7% para el conjunto de la CAPV, con un nivel de confianza de 95,5% y p=q=0,5. El dise\u00f1o de la investigaci\u00f3n ha sido realizado en colaboraci\u00f3n con el Observatorio Vasco de la Juventud. El an\u00e1lisis de los resultados y la elaboraci\u00f3n del informe es responsabilidad exclusiva del Gabinete de Prospecci\u00f3n Sociol\u00f3gica. La recogida de informaci\u00f3n fue realizada por la empresa Ikertalde, sita en el edificio Lurra, Paseo Txingurri 28-30, 2, 20017, Donostia-San Sebasti\u00e1n.<br \/>\n[vc_empty_space height=&#8221;10&#8243;]<br \/>\n<strong>Tipo de documento<\/strong><br \/>\nInforme<br \/>\n[vc_empty_space height=&#8221;10&#8243;]<br \/>\n<a title=\"Enlace alternativo\" href=\"http:\/\/www.gazteaukera.euskadi.eus\/r58-7657\/es\/contenidos\/informacion\/gazteen_argazkiak_bilduma\/es_5561\/adjuntos\/10retratos14_es.pdf\" target=\"_blank\"><strong>Enlace alternativo.<\/strong><\/a><br \/>\n[\/vc_column_text][\/vc_column][\/vc_row]<\/p>\n<\/div>","protected":false},"excerpt":{"rendered":"<p>[vc_row][vc_column width=&#8221;1\/1&#8243;][vc_column_text][vc_empty_space height=&#8221;20&#8243;] Referencia bibliogr\u00e1fica OBSERVATORIO VASCO DE LA JUVENTUD (2011): Retrato de juventud 14. Cultura democr\u00e1tica. Vitoria-Gasteiz: Gobierno Vasco. Consultar PDF[vc_empty_space height=&#8221;10&#8243;] Resumen La recogida de informaci\u00f3n se realiz\u00f3&hellip;<\/p>\n","protected":false},"author":1,"featured_media":0,"parent":0,"menu_order":0,"comment_status":"open","ping_status":"open","template":"","meta":{"om_disable_all_campaigns":false,"_monsterinsights_skip_tracking":false,"_monsterinsights_sitenote_active":false,"_monsterinsights_sitenote_note":"","_monsterinsights_sitenote_category":0,"_uf_show_specific_survey":0,"_uf_disable_surveys":false,"_vp_format_video_url":"","_vp_image_focal_point":[],"_vp_custom_popup_image":0,"_vp_format_audio_url":"","_vp_custom_thumbnail":0,"_vp_custom_thumbnail_focal_point":[],"_vp_hover_thumbnail":0,"_vp_hover_thumbnail_focal_point":[],"footnotes":""},"class_list":["post-4743","page","type-page","status-publish","hentry"],"aioseo_notices":[],"_links":{"self":[{"href":"https:\/\/www.arovite.com\/en\/wp-json\/wp\/v2\/pages\/4743","targetHints":{"allow":["GET"]}}],"collection":[{"href":"https:\/\/www.arovite.com\/en\/wp-json\/wp\/v2\/pages"}],"about":[{"href":"https:\/\/www.arovite.com\/en\/wp-json\/wp\/v2\/types\/page"}],"author":[{"embeddable":true,"href":"https:\/\/www.arovite.com\/en\/wp-json\/wp\/v2\/users\/1"}],"replies":[{"embeddable":true,"href":"https:\/\/www.arovite.com\/en\/wp-json\/wp\/v2\/comments?post=4743"}],"version-history":[{"count":2,"href":"https:\/\/www.arovite.com\/en\/wp-json\/wp\/v2\/pages\/4743\/revisions"}],"predecessor-version":[{"id":5425,"href":"https:\/\/www.arovite.com\/en\/wp-json\/wp\/v2\/pages\/4743\/revisions\/5425"}],"wp:attachment":[{"href":"https:\/\/www.arovite.com\/en\/wp-json\/wp\/v2\/media?parent=4743"}],"curies":[{"name":"wp","href":"https:\/\/api.w.org\/{rel}","templated":true}]}}