{"id":4715,"date":"2015-11-30T13:21:55","date_gmt":"2015-11-30T13:21:55","guid":{"rendered":"http:\/\/www.arovite.com\/perez-kepa-2007-9-2\/"},"modified":"2016-01-26T17:48:14","modified_gmt":"2016-01-26T17:48:14","slug":"perez-kepa-2007-9","status":"publish","type":"page","link":"https:\/\/www.arovite.com\/en\/perez-kepa-2007-9\/","title":{"rendered":"P\u00c9REZ, Kepa (2007)"},"content":{"rendered":"<div class=\"wpb-content-wrapper\"><p>[vc_row][vc_column width=&#8221;1\/1&#8243;][vc_column_text][vc_empty_space height=&#8221;20&#8243;]<br \/>\n<strong>Referencia bibliogr\u00e1fica<\/strong><br \/>\nP\u00c9REZ, Kepa (2007): <em>Secuestrados. Todos los secuestros de ETA 1970-1997<\/em>. Bilbao: Asociaci\u00f3n para la Defensa de la Dignidad Humana. <\/p>\n<p><a class=\"button blue  medium \" href=\"http:\/\/www.arovite.com\/documentos\/2008b_Perez.pdf\" target=\"_blank\">Consultar PDF<\/a>[vc_empty_space height=&#8221;10&#8243;]<br \/>\n<strong>Resumen<\/strong><br \/>\nCon el paso del tiempo los secuestros que se llevaron a cabo en el Pa\u00eds Vasco durante tres d\u00e9cadas (entre 1970 y 1997) -especialmente para muchas personas no afectadas directamente por ellos- parecen haberse quedado en una triste y oscura lista de sucesos, muchas veces luctuosos, que debe ser borrada de nuestra mente por las connotaciones negativas y desagradables que tienen, al estar enmarcados en una de las etapas m\u00e1s oscuras de la historia vasca, que a nadie gusta recordar. Sin embargo, aunque esta perspectiva tiene su l\u00f3gica y es plenamente comprensible, no es menos cierto que todas estas, realmente tristes y dolorosas vivencias, atentatorias contra la esencia misma de la dignidad humana, pueden ser, y de hecho lo son, un valioso legado de paz, dignidad y justicia para las generaciones futuras, y un desgarrador canto a la libertad y a la dignidad del ser humano.<br \/>\n[vc_empty_space height=&#8221;10&#8243;]<br \/>\n<strong>Autor<\/strong><br \/>\nKepa P\u00e9rez.<br \/>\n[vc_empty_space height=&#8221;10&#8243;]<br \/>\n<strong>Tipo de documento<\/strong><br \/>\nLibro<br \/>\n[vc_empty_space height=&#8221;10&#8243;]<br \/>\n<a title=\"Enlace alternativo\" href=\"http:\/\/www.addh.org.es\/SECUESTRADOS%20.pdf\" target=\"_blank\"><strong>Enlace alternativo.<\/strong><\/a><br \/>\n[\/vc_column_text][\/vc_column][\/vc_row]<\/p>\n<\/div>","protected":false},"excerpt":{"rendered":"<p>[vc_row][vc_column width=&#8221;1\/1&#8243;][vc_column_text][vc_empty_space height=&#8221;20&#8243;] Referencia bibliogr\u00e1fica P\u00c9REZ, Kepa (2007): Secuestrados. Todos los secuestros de ETA 1970-1997. Bilbao: Asociaci\u00f3n para la Defensa de la Dignidad Humana. Consultar PDF[vc_empty_space height=&#8221;10&#8243;] Resumen Con el&hellip;<\/p>\n","protected":false},"author":1,"featured_media":0,"parent":0,"menu_order":0,"comment_status":"open","ping_status":"open","template":"","meta":{"om_disable_all_campaigns":false,"_monsterinsights_skip_tracking":false,"_monsterinsights_sitenote_active":false,"_monsterinsights_sitenote_note":"","_monsterinsights_sitenote_category":0,"_uf_show_specific_survey":0,"_uf_disable_surveys":false,"_vp_format_video_url":"","_vp_image_focal_point":[],"_vp_custom_popup_image":0,"_vp_format_audio_url":"","_vp_custom_thumbnail":0,"_vp_custom_thumbnail_focal_point":[],"_vp_hover_thumbnail":0,"_vp_hover_thumbnail_focal_point":[],"footnotes":""},"class_list":["post-4715","page","type-page","status-publish","hentry"],"aioseo_notices":[],"_links":{"self":[{"href":"https:\/\/www.arovite.com\/en\/wp-json\/wp\/v2\/pages\/4715","targetHints":{"allow":["GET"]}}],"collection":[{"href":"https:\/\/www.arovite.com\/en\/wp-json\/wp\/v2\/pages"}],"about":[{"href":"https:\/\/www.arovite.com\/en\/wp-json\/wp\/v2\/types\/page"}],"author":[{"embeddable":true,"href":"https:\/\/www.arovite.com\/en\/wp-json\/wp\/v2\/users\/1"}],"replies":[{"embeddable":true,"href":"https:\/\/www.arovite.com\/en\/wp-json\/wp\/v2\/comments?post=4715"}],"version-history":[{"count":3,"href":"https:\/\/www.arovite.com\/en\/wp-json\/wp\/v2\/pages\/4715\/revisions"}],"predecessor-version":[{"id":6604,"href":"https:\/\/www.arovite.com\/en\/wp-json\/wp\/v2\/pages\/4715\/revisions\/6604"}],"wp:attachment":[{"href":"https:\/\/www.arovite.com\/en\/wp-json\/wp\/v2\/media?parent=4715"}],"curies":[{"name":"wp","href":"https:\/\/api.w.org\/{rel}","templated":true}]}}