{"id":4684,"date":"2015-11-30T13:26:43","date_gmt":"2015-11-30T13:26:43","guid":{"rendered":"http:\/\/www.arovite.com\/perez-kepa-2009-2\/"},"modified":"2015-12-30T13:02:03","modified_gmt":"2015-12-30T13:02:03","slug":"perez-kepa-2009","status":"publish","type":"page","link":"https:\/\/www.arovite.com\/en\/perez-kepa-2009\/","title":{"rendered":"P\u00c9REZ, Kepa (2009)"},"content":{"rendered":"<div class=\"wpb-content-wrapper\"><p>[vc_row][vc_column width=&#8221;1\/1&#8243;][vc_column_text][vc_empty_space height=&#8221;20&#8243;]<br \/>\n<strong>Referencia bibliogr\u00e1fica<\/strong><br \/>\nP\u00c9REZ, Kepa (2009): <em>In memoriam 2009: reconocimientos sociales e institucionales a las v\u00edctimas del terrorismo<\/em>. Bilbao: Asociaci\u00f3n para la Defensa de la Dignidad Humana.<\/p>\n<p><a class=\"button blue  medium \" href=\"http:\/\/www.arovite.com\/documentos\/2009_Perez.pdf\" target=\"_blank\">Consultar PDF<\/a>[vc_empty_space height=&#8221;10&#8243;]<br \/>\n<strong>Resumen<\/strong><br \/>\nLas v\u00edctimas han sido las grandes olvidadas de la historia, pero, como asegur\u00f3 Maixabel Lasa, la Directora de Atenci\u00f3n a las V\u00edctimas del terrorismo del Gobierno Vasco durante la celebraci\u00f3n del tercer gran homenaje a las v\u00edctimas que se tribut\u00f3 en el Teatro Principal de Vitoria el domingo 29 de noviembre de 2009, en Euskadi, esto no va a ocurrir. No va a ocurrir porque a partir de ahora ser\u00e1n los municipios quienes se encargar\u00e1n de ir manteniendo viva la llama del recuerdo.<br \/>\n[vc_empty_space height=&#8221;10&#8243;]<br \/>\n<strong>Autor<\/strong><br \/>\nKepa P\u00e9rez.<br \/>\n[vc_empty_space height=&#8221;10&#8243;]<br \/>\n<strong>Tipo de documento<\/strong><br \/>\nLibro<br \/>\n[vc_empty_space height=&#8221;10&#8243;]<br \/>\n<a title=\"Enlace alternativo\" href=\"http:\/\/www.addh.org.es\/7.-In%20Memoriam%202009.pdf\" target=\"_blank\"><strong>Enlace alternativo.<\/strong><\/a><br \/>\n[\/vc_column_text][\/vc_column][\/vc_row]<\/p>\n<\/div>","protected":false},"excerpt":{"rendered":"<p>[vc_row][vc_column width=&#8221;1\/1&#8243;][vc_column_text][vc_empty_space height=&#8221;20&#8243;] Referencia bibliogr\u00e1fica P\u00c9REZ, Kepa (2009): In memoriam 2009: reconocimientos sociales e institucionales a las v\u00edctimas del terrorismo. Bilbao: Asociaci\u00f3n para la Defensa de la Dignidad Humana. Consultar&hellip;<\/p>\n","protected":false},"author":1,"featured_media":0,"parent":0,"menu_order":0,"comment_status":"open","ping_status":"open","template":"","meta":{"om_disable_all_campaigns":false,"_monsterinsights_skip_tracking":false,"_monsterinsights_sitenote_active":false,"_monsterinsights_sitenote_note":"","_monsterinsights_sitenote_category":0,"_uf_show_specific_survey":0,"_uf_disable_surveys":false,"_vp_format_video_url":"","_vp_image_focal_point":[],"_vp_custom_popup_image":0,"_vp_format_audio_url":"","_vp_custom_thumbnail":0,"_vp_custom_thumbnail_focal_point":[],"_vp_hover_thumbnail":0,"_vp_hover_thumbnail_focal_point":[],"footnotes":""},"class_list":["post-4684","page","type-page","status-publish","hentry"],"aioseo_notices":[],"_links":{"self":[{"href":"https:\/\/www.arovite.com\/en\/wp-json\/wp\/v2\/pages\/4684","targetHints":{"allow":["GET"]}}],"collection":[{"href":"https:\/\/www.arovite.com\/en\/wp-json\/wp\/v2\/pages"}],"about":[{"href":"https:\/\/www.arovite.com\/en\/wp-json\/wp\/v2\/types\/page"}],"author":[{"embeddable":true,"href":"https:\/\/www.arovite.com\/en\/wp-json\/wp\/v2\/users\/1"}],"replies":[{"embeddable":true,"href":"https:\/\/www.arovite.com\/en\/wp-json\/wp\/v2\/comments?post=4684"}],"version-history":[{"count":1,"href":"https:\/\/www.arovite.com\/en\/wp-json\/wp\/v2\/pages\/4684\/revisions"}],"predecessor-version":[{"id":5513,"href":"https:\/\/www.arovite.com\/en\/wp-json\/wp\/v2\/pages\/4684\/revisions\/5513"}],"wp:attachment":[{"href":"https:\/\/www.arovite.com\/en\/wp-json\/wp\/v2\/media?parent=4684"}],"curies":[{"name":"wp","href":"https:\/\/api.w.org\/{rel}","templated":true}]}}