{"id":4682,"date":"2015-11-30T13:02:24","date_gmt":"2015-11-30T13:02:24","guid":{"rendered":"http:\/\/www.arovite.com\/buesa-mikel-and-baumert-thomas-2012-2\/"},"modified":"2015-11-30T13:02:24","modified_gmt":"2015-11-30T13:02:24","slug":"buesa-mikel-and-baumert-thomas-2012","status":"publish","type":"page","link":"https:\/\/www.arovite.com\/en\/buesa-mikel-and-baumert-thomas-2012\/","title":{"rendered":"BUESA, Mikel and BAUMERT, Thomas (2012)"},"content":{"rendered":"<div class=\"wpb-content-wrapper\"><p>[vc_row][vc_column width=&#8221;1\/1&#8243;][vc_column_text][vc_empty_space height=&#8221;20&#8243;]<br \/>\n<strong>Referencia bibliogr\u00e1fica<\/strong><br \/>\nBUESA, Mikel and BAUMERT, Thomas (2012): \u00abDismantling Terrorist\u2019s Economics: the Case of ETA\u00bb, <em>C\u00e1tedra de Econom\u00eda del Terrorismo<\/em>, Documento de trabajo n\u00ba 11.<\/p>\n<p><a class=\"button blue  medium \" href=\"http:\/\/www.arovite.com\/documentos\/2012_Buesa_Baumert.pdf\" target=\"_blank\">Consultar PDF<\/a>[vc_empty_space height=&#8221;10&#8243;]<br \/>\n<strong>Resumen<\/strong><br \/>\nEste art\u00edculo tiene por objeto el an\u00e1lisis de las fuentes de financiaci\u00f3n del terrorismo a partir del caso de la organizaci\u00f3n terrorista vasca ETA. Para ello se tiene en cuenta la red de entidades que, bajo el liderazgo y la supervisi\u00f3n de ETA, desarrollan las actividades pol\u00edticas, econ\u00f3micas, culturales, de propaganda y asistenciales en las que se materializa el proyecto terrorista. El estudio se centra especialmente en los per\u00edodos 1993-2002 y 2003-2010, a fin de observar los cambios que experiment\u00f3 la financiaci\u00f3n del terrorismo a ra\u00edz de la ilegalizaci\u00f3n de Batasuna \u2014el brazo pol\u00edtico de ETA\u2014. Los resultados muestran el papel singularmente relevante que tuvieron las subvenciones p\u00fablicas en la financiaci\u00f3n de la red terrorista. Asimismo, se muestra que la ilegalizaci\u00f3n de Batasuna ocasion\u00f3 un cambio muy importante en esa financiaci\u00f3n, sobre todo como consecuencia de la dificultad que, desde 2002, tuvieron las organizaciones vinculadas con ETA para obtener subvenciones del Gobierno Vasco y las dem\u00e1s Administraciones P\u00fablicas.<br \/>\n[vc_empty_space height=&#8221;10&#8243;]<br \/>\n<strong>Abstract<\/strong><br \/>\nThis article aims to analyze the sources of terrorist financing for the case of the Basque terrorist organization ETA. It takes into account the network of entities that, under the leadership and oversight of ETA, have developed the political, economic, cultural, support and propaganda agenda of their terrorist project. The study focuses in particular on the periods 1993-2002 and 2003-2010, in order to observe the changes in the financing of terrorism after the outlawing of <em>Batasuna<\/em>, ETA&#8217;s political wing. The results show the significant role of public subsidies in finance the terrorist network. It also proves that the outlawing of <em>Batasuna<\/em> caused a major change in that funding, especially due to the difficulty that since 2002, the ETA related organizations had to confront to obtain subsidies from the Basque Government and other public authorities.<br \/>\n[vc_empty_space height=&#8221;10&#8243;]<br \/>\n<strong>Autor<\/strong><br \/>\nMikel Buesa Blanco. <a title=\"Dialnet\" href=\"http:\/\/dialnet.unirioja.es\/servlet\/autor?codigo=10436\" target=\"_blank\">P\u00e1gina del autor en Dialnet.<\/a><br \/>\nThomas Baumert. <a title=\"Dialnet\" href=\"http:\/\/dialnet.unirioja.es\/servlet\/autor?codigo=499080\" target=\"_blank\">P\u00e1gina del autor en Dialnet.<\/a><br \/>\n[vc_empty_space height=&#8221;10&#8243;]<br \/>\n<strong>Tipo de documento<\/strong><br \/>\nWorking paper<br \/>\n[vc_empty_space height=&#8221;10&#8243;]<br \/>\n<a title=\"Enlace alternativo\" href=\"http:\/\/pendientedemigracion.ucm.es\/info\/cet\/documentos%20trabajo\/DT11CET_Dism_terr_eco_case_ETA.pdf\" target=\"_blank\"><strong>Enlace alternativo.<\/strong><\/a><br \/>\n[vc_empty_space height=&#8221;10&#8243;]<br \/>\n[\/vc_column_text][\/vc_column][\/vc_row]<\/p>\n<\/div>","protected":false},"excerpt":{"rendered":"<p>[vc_row][vc_column width=&#8221;1\/1&#8243;][vc_column_text][vc_empty_space height=&#8221;20&#8243;] Referencia bibliogr\u00e1fica BUESA, Mikel and BAUMERT, Thomas (2012): \u00abDismantling Terrorist\u2019s Economics: the Case of ETA\u00bb, C\u00e1tedra de Econom\u00eda del Terrorismo, Documento de trabajo n\u00ba 11. Consultar PDF[vc_empty_space&hellip;<\/p>\n","protected":false},"author":2,"featured_media":0,"parent":0,"menu_order":0,"comment_status":"open","ping_status":"open","template":"","meta":{"om_disable_all_campaigns":false,"_monsterinsights_skip_tracking":false,"_monsterinsights_sitenote_active":false,"_monsterinsights_sitenote_note":"","_monsterinsights_sitenote_category":0,"_uf_show_specific_survey":0,"_uf_disable_surveys":false,"_vp_format_video_url":"","_vp_image_focal_point":[],"_vp_custom_popup_image":0,"_vp_format_audio_url":"","_vp_custom_thumbnail":0,"_vp_custom_thumbnail_focal_point":[],"_vp_hover_thumbnail":0,"_vp_hover_thumbnail_focal_point":[],"footnotes":""},"class_list":["post-4682","page","type-page","status-publish","hentry"],"aioseo_notices":[],"_links":{"self":[{"href":"https:\/\/www.arovite.com\/en\/wp-json\/wp\/v2\/pages\/4682","targetHints":{"allow":["GET"]}}],"collection":[{"href":"https:\/\/www.arovite.com\/en\/wp-json\/wp\/v2\/pages"}],"about":[{"href":"https:\/\/www.arovite.com\/en\/wp-json\/wp\/v2\/types\/page"}],"author":[{"embeddable":true,"href":"https:\/\/www.arovite.com\/en\/wp-json\/wp\/v2\/users\/2"}],"replies":[{"embeddable":true,"href":"https:\/\/www.arovite.com\/en\/wp-json\/wp\/v2\/comments?post=4682"}],"version-history":[{"count":0,"href":"https:\/\/www.arovite.com\/en\/wp-json\/wp\/v2\/pages\/4682\/revisions"}],"wp:attachment":[{"href":"https:\/\/www.arovite.com\/en\/wp-json\/wp\/v2\/media?parent=4682"}],"curies":[{"name":"wp","href":"https:\/\/api.w.org\/{rel}","templated":true}]}}