{"id":4642,"date":"2015-11-30T13:00:54","date_gmt":"2015-11-30T13:00:54","guid":{"rendered":"http:\/\/www.arovite.com\/reinares-fernando-1997-2\/"},"modified":"2015-11-30T13:00:54","modified_gmt":"2015-11-30T13:00:54","slug":"reinares-fernando-1997","status":"publish","type":"page","link":"https:\/\/www.arovite.com\/en\/reinares-fernando-1997\/","title":{"rendered":"REINARES, Fernando (1997)"},"content":{"rendered":"<div class=\"wpb-content-wrapper\"><p>[vc_row][vc_column width=&#8221;1\/1&#8243;][vc_column_text][vc_empty_space height=&#8221;20&#8243;]<br \/>\n<strong>Referencia bibliogr\u00e1fica<\/strong><br \/>\nREINARES, Fernando (1997): \u00abSociolog\u00eda pol\u00edtica de la militancia en organizaciones terroristas\u00bb, <em>Revista de Estudios Pol\u00edticos<\/em>, n\u00ba 98, pp. 85-114.<\/p>\n<p><a class=\"button blue  medium \" href=\"http:\/\/www.cepc.gob.es\/publicaciones\/revistas\/revistaselectronicas?IDR=3&#038;IDN=255&#038;IDA=17120\" target=\"_blank\">Consultar PDF<\/a>[vc_empty_space height=&#8221;10&#8243;]<br \/>\n<strong>Resumen<\/strong><br \/>\nAbundan los estudios acerca del comportamiento electoral y la afiliaci\u00f3n a partidos pol\u00edticos legales o grupos de inter\u00e9s constitucionalizados. Notorias son ya, asimismo, las investigaciones sobre participaci\u00f3n en variedades menos convencionales y m\u00e1s bien no institucionales de acci\u00f3n colectiva, como los movimientos sociales en general. Muy limitado y poco concluyente es, sin embargo, el conocimiento que existe en torno a la implicaci\u00f3n en formas extremas de actividad pol\u00edtica organizada, caracterizadas tanto por la naturaleza frecuentemente violenta de los medios que utilizan como por el elevado riesgo que suponen y el totalizante compromiso personal que reclaman.<br \/>\n[vc_empty_space height=&#8221;10&#8243;]<br \/>\n<strong>Autor<\/strong><br \/>\nFernando Reinares. <a title=\"Dialnet\" href=\"http:\/\/dialnet.unirioja.es\/servlet\/autor?codigo=272445\" target=\"_blank\">P\u00e1gina del autor en Dialnet.<\/a><br \/>\n[vc_empty_space height=&#8221;10&#8243;]<br \/>\n<strong>Tipo de documento<\/strong><br \/>\nArt\u00edculo<br \/>\n[vc_empty_space height=&#8221;10&#8243;]<br \/>\n<a title=\"Enlace alternativo\" href=\"http:\/\/dialnet.unirioja.es\/servlet\/articulo?codigo=27477\" target=\"_blank\"><strong>Enlace alternativo.<\/strong><\/a><br \/>\n[\/vc_column_text][\/vc_column][\/vc_row]<\/p>\n<\/div>","protected":false},"excerpt":{"rendered":"<p>[vc_row][vc_column width=&#8221;1\/1&#8243;][vc_column_text][vc_empty_space height=&#8221;20&#8243;] Referencia bibliogr\u00e1fica REINARES, Fernando (1997): \u00abSociolog\u00eda pol\u00edtica de la militancia en organizaciones terroristas\u00bb, Revista de Estudios Pol\u00edticos, n\u00ba 98, pp. 85-114. Consultar PDF[vc_empty_space height=&#8221;10&#8243;] Resumen Abundan los&hellip;<\/p>\n","protected":false},"author":1,"featured_media":0,"parent":0,"menu_order":0,"comment_status":"open","ping_status":"open","template":"","meta":{"om_disable_all_campaigns":false,"_monsterinsights_skip_tracking":false,"_monsterinsights_sitenote_active":false,"_monsterinsights_sitenote_note":"","_monsterinsights_sitenote_category":0,"_uf_show_specific_survey":0,"_uf_disable_surveys":false,"_vp_format_video_url":"","_vp_image_focal_point":[],"_vp_custom_popup_image":0,"_vp_format_audio_url":"","_vp_custom_thumbnail":0,"_vp_custom_thumbnail_focal_point":[],"_vp_hover_thumbnail":0,"_vp_hover_thumbnail_focal_point":[],"footnotes":""},"class_list":["post-4642","page","type-page","status-publish","hentry"],"aioseo_notices":[],"_links":{"self":[{"href":"https:\/\/www.arovite.com\/en\/wp-json\/wp\/v2\/pages\/4642","targetHints":{"allow":["GET"]}}],"collection":[{"href":"https:\/\/www.arovite.com\/en\/wp-json\/wp\/v2\/pages"}],"about":[{"href":"https:\/\/www.arovite.com\/en\/wp-json\/wp\/v2\/types\/page"}],"author":[{"embeddable":true,"href":"https:\/\/www.arovite.com\/en\/wp-json\/wp\/v2\/users\/1"}],"replies":[{"embeddable":true,"href":"https:\/\/www.arovite.com\/en\/wp-json\/wp\/v2\/comments?post=4642"}],"version-history":[{"count":0,"href":"https:\/\/www.arovite.com\/en\/wp-json\/wp\/v2\/pages\/4642\/revisions"}],"wp:attachment":[{"href":"https:\/\/www.arovite.com\/en\/wp-json\/wp\/v2\/media?parent=4642"}],"curies":[{"name":"wp","href":"https:\/\/api.w.org\/{rel}","templated":true}]}}