{"id":4635,"date":"2015-11-30T12:58:13","date_gmt":"2015-11-30T12:58:13","guid":{"rendered":"http:\/\/www.arovite.com\/mate-reyes-2012-2\/"},"modified":"2015-11-30T12:58:13","modified_gmt":"2015-11-30T12:58:13","slug":"mate-reyes-2012","status":"publish","type":"page","link":"https:\/\/www.arovite.com\/en\/mate-reyes-2012\/","title":{"rendered":"MATE, Reyes (2012)"},"content":{"rendered":"<div class=\"wpb-content-wrapper\"><p>[vc_row][vc_column width=&#8221;1\/1&#8243;][vc_column_text][vc_empty_space height=&#8221;20&#8243;]<br \/>\n<strong>Referencia bibliogr\u00e1fica<\/strong><br \/>\nMATE, Reyes (2012): \u00abLa pr\u00e1ctica de la justicia victimal y el valor p\u00fablico del testimonio de las v\u00edctimas del terrorismo\u00bb, <em>Eguzkilore<\/em>, n\u00ba 26, pp. 193-200.<\/p>\n<p><a class=\"button blue  medium \" href=\"http:\/\/www.ehu.eus\/documents\/1736829\/2177136\/Reyes+Eguzkilore+26-20.pdf\" target=\"_blank\">Consultar PDF<\/a>[vc_empty_space height=&#8221;10&#8243;]<br \/>\n<strong>Resumen<\/strong><br \/>\nLa justicia victimal, en sentido objetivo, se centra en la justicia que se debe a las v\u00edctimas. Ello implica que no se puede hacer justicia sin ellas, sin tener en cuenta los da\u00f1os o injusticias a ellas infligidos. Unos da\u00f1os que, en el caso del terrorismo, son ciertamente m\u00faltiples, pues al ser una violencia con intencionalidad pol\u00edtica sus da\u00f1os trascienden a las personas. La Justicia victimal se enfrenta por ello a la devaluaci\u00f3n tradicional del valor del testimonio de la v\u00edctima, del relato de los da\u00f1os recibidos, como demandas de justicia, los cuales han sido s\u00f3lo considerados bajo el punto de vista del delito, entendido como atentado a la autoridad o imperio de la ley. Se daba m\u00e1s importancia a la infracci\u00f3n de la ley que a las v\u00edctimas.<br \/>\n[vc_empty_space height=&#8221;10&#8243;]<br \/>\n<strong>Laburpena<\/strong><br \/>\nBiktimekiko justiziak, zentzu objektiboan, biktimei zor zaien justizia du ardatz. Hortaz, ezin da justiziarik egin haiek gabe eta haiei egindako kalteak edo bidegabekeriak kontuan hartu gabe. Terrorismoaren kasuan, kalte horiek askotarikoak dira, intentzio politikoko indarkeria bat denez, kalteak pertsonetara zabaltzen baitira. Hori dela-eta, biktimekiko justiziak aurre egiten dio biktimaren testigantzak eta jasandako kalteen kontaketak duen balioaren ohiko debaluazioari, hala nola justizia eskaerei. Izan ere, horiek delituaren ikuspuntutik soilik hartu dira kontuan, agintaritzaren edo legearen inperioaren aurkakotzat ulertuta. Legehausteari garrantzi gehiago ematen zitzaion biktimei baino.<br \/>\n[vc_empty_space height=&#8221;10&#8243;]<br \/>\n<strong>Abstract<\/strong><br \/>\nVictimal justice focuses objectively on justice that is owed to victims. That implies that justice cannot be carried out without them, without taking into account the damage and injustices inflicted upon them; damage which, in the case of terrorism, is multiple, since it is violence that carried out with political intent and therefore transcends to people. Victimal justice therefore overhauls the traditional devaluation of the testimony of the victim, the account of damage caused to him, and looks upon them as the simple demands of justice, which has only been considered from the point of view of the crime, understood here as an attack against authority or the rule of law. More importance was given to infringement of the law than to the victims.<br \/>\n[vc_empty_space height=&#8221;10&#8243;]<br \/>\n<strong>Autor<\/strong><br \/>\nReyes Mate. <a title=\"Dialnet\" href=\"http:\/\/dialnet.unirioja.es\/servlet\/autor?codigo=145113\" target=\"_blank\">P\u00e1gina del autor en Dialnet.<\/a><br \/>\n[vc_empty_space height=&#8221;10&#8243;]<br \/>\n<strong>Tipo de documento<\/strong><br \/>\nArt\u00edculo<br \/>\n[vc_empty_space height=&#8221;10&#8243;]<br \/>\n<a title=\"Enlace alternativo\" href=\"http:\/\/dialnet.unirioja.es\/servlet\/articulo?codigo=4080309\" target=\"_blank\"><strong>Enlace alternativo.<\/strong><\/a><br \/>\n[\/vc_column_text][\/vc_column][\/vc_row]<\/p>\n<\/div>","protected":false},"excerpt":{"rendered":"<p>[vc_row][vc_column width=&#8221;1\/1&#8243;][vc_column_text][vc_empty_space height=&#8221;20&#8243;] Referencia bibliogr\u00e1fica MATE, Reyes (2012): \u00abLa pr\u00e1ctica de la justicia victimal y el valor p\u00fablico del testimonio de las v\u00edctimas del terrorismo\u00bb, Eguzkilore, n\u00ba 26, pp. 193-200.&hellip;<\/p>\n","protected":false},"author":1,"featured_media":0,"parent":0,"menu_order":0,"comment_status":"open","ping_status":"open","template":"","meta":{"om_disable_all_campaigns":false,"_monsterinsights_skip_tracking":false,"_monsterinsights_sitenote_active":false,"_monsterinsights_sitenote_note":"","_monsterinsights_sitenote_category":0,"_uf_show_specific_survey":0,"_uf_disable_surveys":false,"_vp_format_video_url":"","_vp_image_focal_point":[],"_vp_custom_popup_image":0,"_vp_format_audio_url":"","_vp_custom_thumbnail":0,"_vp_custom_thumbnail_focal_point":[],"_vp_hover_thumbnail":0,"_vp_hover_thumbnail_focal_point":[],"footnotes":""},"class_list":["post-4635","page","type-page","status-publish","hentry"],"aioseo_notices":[],"_links":{"self":[{"href":"https:\/\/www.arovite.com\/en\/wp-json\/wp\/v2\/pages\/4635","targetHints":{"allow":["GET"]}}],"collection":[{"href":"https:\/\/www.arovite.com\/en\/wp-json\/wp\/v2\/pages"}],"about":[{"href":"https:\/\/www.arovite.com\/en\/wp-json\/wp\/v2\/types\/page"}],"author":[{"embeddable":true,"href":"https:\/\/www.arovite.com\/en\/wp-json\/wp\/v2\/users\/1"}],"replies":[{"embeddable":true,"href":"https:\/\/www.arovite.com\/en\/wp-json\/wp\/v2\/comments?post=4635"}],"version-history":[{"count":0,"href":"https:\/\/www.arovite.com\/en\/wp-json\/wp\/v2\/pages\/4635\/revisions"}],"wp:attachment":[{"href":"https:\/\/www.arovite.com\/en\/wp-json\/wp\/v2\/media?parent=4635"}],"curies":[{"name":"wp","href":"https:\/\/api.w.org\/{rel}","templated":true}]}}