{"id":4613,"date":"2015-11-30T12:52:09","date_gmt":"2015-11-30T12:52:09","guid":{"rendered":"http:\/\/www.arovite.com\/rivera-antonio-2015-2\/"},"modified":"2015-11-30T12:53:12","modified_gmt":"2015-11-30T12:53:12","slug":"rivera-antonio-2015","status":"publish","type":"page","link":"https:\/\/www.arovite.com\/en\/rivera-antonio-2015\/","title":{"rendered":"RIVERA, Antonio (2015)"},"content":{"rendered":"<div class=\"wpb-content-wrapper\"><p>[vc_row][vc_column width=&#8221;1\/1&#8243;][vc_column_text][vc_empty_space height=&#8221;20&#8243;]<br \/>\n<strong>Referencia bibliogr\u00e1fica<\/strong><br \/>\nRIVERA, Antonio (2015): \u00abLa historizaci\u00f3n del terrorismo: el Informe Foronda\u00bb, <em>Revista de Libros<\/em>.<\/p>\n<p><a class=\"button blue  medium \" href=\"http:\/\/www.revistadelibros.com\/discusion\/la-historizacion-del-terrorismo-el-informe-foronda\" target=\"_blank\">Consultar PDF<\/a>[vc_empty_space height=&#8221;10&#8243;]<br \/>\n<strong>Resumen<\/strong><br \/>\nLa cuesti\u00f3n del terrorismo en el Pa\u00eds Vasco est\u00e1 condicionada y limitada en estos instantes por dos hechos principales: 1) El de que su final obliga a buscar una soluci\u00f3n que integre el reconocimiento del bien y del mal que necesitan el Estado de Derecho y la sociedad democr\u00e1tica en que vivimos junto con las posibilidades de rearticulaci\u00f3n de una sociedad fracturada (y recordemos que en el Pa\u00eds Vasco el terrorismo se ha caracterizado por contar con un importante apoyo social y con una ciudadan\u00eda hasta muy tarde ajena a implicarse en la cuesti\u00f3n). 2) Y el de que su final nos obliga a empezar a cerrar el pasado mediante la formulaci\u00f3n del relato de lo ocurrido; en definitiva, mediante su construcci\u00f3n y consiguiente \u00abelecci\u00f3n\u00bb por parte de la sociedad. En este sentido, estamos en condiciones de hacer una historia bien distinta de la que se ha hecho sobre el terrorismo vasco en tanto que podemos\/debemos hacernos preguntas diferentes, contar con otro tipo de fuentes y testimonios no mediatizados, y alejarnos de l\u00f3gicas comprensivas que funcionaron en otros tiempos.<br \/>\n[vc_empty_space height=&#8221;10&#8243;]<br \/>\n<strong>Autor<\/strong><br \/>\nAntonio Rivera. <a title=\"Dialnet\" href=\"http:\/\/dialnet.unirioja.es\/servlet\/autor?codigo=181403\" target=\"_blank\">P\u00e1gina del autor en Dialnet.<\/a><br \/>\n[vc_empty_space height=&#8221;10&#8243;]<br \/>\n<strong>Tipo de documento<\/strong><br \/>\nArt\u00edculo<br \/>\n[\/vc_column_text][\/vc_column][\/vc_row]<\/p>\n<\/div>","protected":false},"excerpt":{"rendered":"<p>[vc_row][vc_column width=&#8221;1\/1&#8243;][vc_column_text][vc_empty_space height=&#8221;20&#8243;] Referencia bibliogr\u00e1fica RIVERA, Antonio (2015): \u00abLa historizaci\u00f3n del terrorismo: el Informe Foronda\u00bb, Revista de Libros. Consultar PDF[vc_empty_space height=&#8221;10&#8243;] Resumen La cuesti\u00f3n del terrorismo en el Pa\u00eds Vasco&hellip;<\/p>\n","protected":false},"author":1,"featured_media":0,"parent":0,"menu_order":0,"comment_status":"open","ping_status":"open","template":"","meta":{"om_disable_all_campaigns":false,"_monsterinsights_skip_tracking":false,"_monsterinsights_sitenote_active":false,"_monsterinsights_sitenote_note":"","_monsterinsights_sitenote_category":0,"_uf_show_specific_survey":0,"_uf_disable_surveys":false,"_vp_format_video_url":"","_vp_image_focal_point":[],"_vp_custom_popup_image":0,"_vp_format_audio_url":"","_vp_custom_thumbnail":0,"_vp_custom_thumbnail_focal_point":[],"_vp_hover_thumbnail":0,"_vp_hover_thumbnail_focal_point":[],"footnotes":""},"class_list":["post-4613","page","type-page","status-publish","hentry"],"aioseo_notices":[],"_links":{"self":[{"href":"https:\/\/www.arovite.com\/en\/wp-json\/wp\/v2\/pages\/4613","targetHints":{"allow":["GET"]}}],"collection":[{"href":"https:\/\/www.arovite.com\/en\/wp-json\/wp\/v2\/pages"}],"about":[{"href":"https:\/\/www.arovite.com\/en\/wp-json\/wp\/v2\/types\/page"}],"author":[{"embeddable":true,"href":"https:\/\/www.arovite.com\/en\/wp-json\/wp\/v2\/users\/1"}],"replies":[{"embeddable":true,"href":"https:\/\/www.arovite.com\/en\/wp-json\/wp\/v2\/comments?post=4613"}],"version-history":[{"count":1,"href":"https:\/\/www.arovite.com\/en\/wp-json\/wp\/v2\/pages\/4613\/revisions"}],"predecessor-version":[{"id":4616,"href":"https:\/\/www.arovite.com\/en\/wp-json\/wp\/v2\/pages\/4613\/revisions\/4616"}],"wp:attachment":[{"href":"https:\/\/www.arovite.com\/en\/wp-json\/wp\/v2\/media?parent=4613"}],"curies":[{"name":"wp","href":"https:\/\/api.w.org\/{rel}","templated":true}]}}