{"id":4600,"date":"2015-11-30T12:49:15","date_gmt":"2015-11-30T12:49:15","guid":{"rendered":"http:\/\/www.arovite.com\/rivera-antonio-2004-2\/"},"modified":"2015-11-30T12:49:15","modified_gmt":"2015-11-30T12:49:15","slug":"rivera-antonio-2004","status":"publish","type":"page","link":"https:\/\/www.arovite.com\/en\/rivera-antonio-2004\/","title":{"rendered":"RIVERA, Antonio (2004)"},"content":{"rendered":"<div class=\"wpb-content-wrapper\"><p>[vc_row][vc_column width=&#8221;1\/1&#8243;][vc_column_text][vc_empty_space height=&#8221;20&#8243;]<br \/>\n<strong>Referencia bibliogr\u00e1fica<\/strong><br \/>\nRIVERA, Antonio (2004): \u00abCuando la mala historia es peor que la desmemoria (acerca de los mitos de la Historia contempor\u00e1nea vasca)\u00bb, <em>El Valor de la Palabra<\/em>, n\u00ba 4, pp. 41-72.<\/p>\n<p><a class=\"button blue  medium \" href=\"http:\/\/dialnet.unirioja.es\/servlet\/articulo?codigo=1292472\" target=\"_blank\">Consultar PDF<\/a>[vc_empty_space height=&#8221;10&#8243;]<br \/>\n<strong>Resumen<\/strong><br \/>\n\u00bfTiene que tener la historia una funci\u00f3n social?, \u00bfpuede plantearse como instrumento para el an\u00e1lisis y la transformaci\u00f3n de la realidad?, \u00bfpuede aspirar a ser una formadora de ciudadanos y de virtudes ciudadanas?<br \/>\nLa historiograf\u00eda vasca desde el siglo XIX hasta el tiempo de la profesionalizaci\u00f3n de \u00e9sta, en los a\u00f1os setenta del XX, presenta un balance si no pobre, por lo menos limitado. Hay razones para ello: no existi\u00f3 hasta entonces una Universidad propia, una tradici\u00f3n acad\u00e9mica ni una profesionalizaci\u00f3n de los historiadores; no ha habido tampoco una tradici\u00f3n pol\u00edtica estatal que lleve a unas historias del pa\u00eds y, a cambio, todo lo m\u00e1s, no ha habido sino retazos de historias locales o provinciales\u2026 Esas y otras razones explicar\u00edan por qu\u00e9 la mitolog\u00eda y la literatura historizante (literatura hist\u00f3rica, leyendas) han sustituido en el caso vasco a la historia.<br \/>\n[vc_empty_space height=&#8221;10&#8243;]<br \/>\n<strong>Autor<\/strong><br \/>\nAntonio Rivera. <a title=\"Dialnet\" href=\"http:\/\/dialnet.unirioja.es\/servlet\/autor?codigo=181403\" target=\"_blank\">P\u00e1gina del autor en Dialnet.<\/a><br \/>\n[vc_empty_space height=&#8221;10&#8243;]<br \/>\n<strong>Tipo de documento<\/strong><br \/>\nArt\u00edculo<br \/>\n[vc_empty_space height=&#8221;10&#8243;]<br \/>\n<a title=\"Enlace alternativo\" href=\"https:\/\/www.academia.edu\/6748428\/ART%C3%8DCULOS_CUANDO_LA_MALA_HISTORIA_ES_PEOR_QUE_LA_DESMEMORIA_ACERCA_DE_LOS_MITOS_DE_LA_HISTORIA_CONTEMPOR%C3%81NEA_VASCA\" target=\"_blank\"><strong>Enlace alternativo.<\/strong><\/a><br \/>\n[\/vc_column_text][\/vc_column][\/vc_row]<\/p>\n<\/div>","protected":false},"excerpt":{"rendered":"<p>[vc_row][vc_column width=&#8221;1\/1&#8243;][vc_column_text][vc_empty_space height=&#8221;20&#8243;] Referencia bibliogr\u00e1fica RIVERA, Antonio (2004): \u00abCuando la mala historia es peor que la desmemoria (acerca de los mitos de la Historia contempor\u00e1nea vasca)\u00bb, El Valor de la&hellip;<\/p>\n","protected":false},"author":1,"featured_media":0,"parent":0,"menu_order":0,"comment_status":"open","ping_status":"open","template":"","meta":{"om_disable_all_campaigns":false,"_monsterinsights_skip_tracking":false,"_monsterinsights_sitenote_active":false,"_monsterinsights_sitenote_note":"","_monsterinsights_sitenote_category":0,"_uf_show_specific_survey":0,"_uf_disable_surveys":false,"_vp_format_video_url":"","_vp_image_focal_point":[],"_vp_custom_popup_image":0,"_vp_format_audio_url":"","_vp_custom_thumbnail":0,"_vp_custom_thumbnail_focal_point":[],"_vp_hover_thumbnail":0,"_vp_hover_thumbnail_focal_point":[],"footnotes":""},"class_list":["post-4600","page","type-page","status-publish","hentry"],"aioseo_notices":[],"_links":{"self":[{"href":"https:\/\/www.arovite.com\/en\/wp-json\/wp\/v2\/pages\/4600","targetHints":{"allow":["GET"]}}],"collection":[{"href":"https:\/\/www.arovite.com\/en\/wp-json\/wp\/v2\/pages"}],"about":[{"href":"https:\/\/www.arovite.com\/en\/wp-json\/wp\/v2\/types\/page"}],"author":[{"embeddable":true,"href":"https:\/\/www.arovite.com\/en\/wp-json\/wp\/v2\/users\/1"}],"replies":[{"embeddable":true,"href":"https:\/\/www.arovite.com\/en\/wp-json\/wp\/v2\/comments?post=4600"}],"version-history":[{"count":0,"href":"https:\/\/www.arovite.com\/en\/wp-json\/wp\/v2\/pages\/4600\/revisions"}],"wp:attachment":[{"href":"https:\/\/www.arovite.com\/en\/wp-json\/wp\/v2\/media?parent=4600"}],"curies":[{"name":"wp","href":"https:\/\/api.w.org\/{rel}","templated":true}]}}