{"id":4590,"date":"2015-11-30T12:44:36","date_gmt":"2015-11-30T12:44:36","guid":{"rendered":"http:\/\/www.arovite.com\/rivera-antonio-1998-2\/"},"modified":"2025-10-05T09:29:19","modified_gmt":"2025-10-05T09:29:19","slug":"rivera-antonio-1998","status":"publish","type":"page","link":"https:\/\/www.arovite.com\/en\/rivera-antonio-1998\/","title":{"rendered":"RIVERA, Antonio (1998)"},"content":{"rendered":"<div class=\"wpb-content-wrapper\"><p>[vc_row][vc_column width=&#8221;1\/1&#8243;][vc_column_text][vc_empty_space height=&#8221;20&#8243;]<br \/>\n<strong>Referencia bibliogr\u00e1fica<\/strong><br \/>\nRIVERA, Antonio (1998): \u00abTradici\u00f3n, manipulaci\u00f3n y actualidad de la violencia en Vasconia\u00bb, <em>Vasconia<\/em>, n\u00ba 26, pp. 309-314.<\/p>\n<p><a class=\"button blue  medium \" href=\"https:\/\/ojs.eusko-ikaskuntza.eus\/index.php\/vasconia\/article\/view\/780\/754\" target=\"_blank\">Consultar PDF<\/a>[vc_empty_space height=&#8221;10&#8243;]<br \/>\n<strong>Resumen<\/strong><br \/>\nLa violencia ha sido tambi\u00e9n una constante de la historia vasca de los dos \u00faltimos siglos. Pero \u00e9sta ha de verse en una doble direcci\u00f3n: de lo interior frente a lo exterior, y entre vascos de una opini\u00f3n y otra. No hay posibilidad de se\u00f1alar a unos frente a otros como detentadores continuos del &#8220;ser vasco&#8221;. La actual violencia juvenil no tiene tanto de espont\u00e1nea como de planificadora en el marco de una estrategia concreta de acci\u00f3n pol\u00edtica.<br \/>\n[vc_empty_space height=&#8221;10&#8243;]<br \/>\n<strong>Laburpena<\/strong><br \/>\nIndarkeria etengabea izan da azken bi mendetako euskal historian ere. Baina beroni bi ikuspuntutatik begiratu behar zaio: barnekoak kanpokoarekikoa eta eritzi bateko eta besteko euskaldunen artekoa. Ez dago modurik batzu besteen aurrean &#8220;euskal izatearen&#8221; betiereko jabe gisa aldarrikatzeko eta bereizteko modurik. Gaur egungo gazte-indarkeria, espontaneoa, berezkoa baino gehiago, planifikatua da, ekintza politikarako estrategia zehartzaren barruan planifikatua.<br \/>\n[vc_empty_space height=&#8221;10&#8243;]<br \/>\n<strong>Autor<\/strong><br \/>\nAntonio Rivera. <a title=\"Dialnet\" href=\"http:\/\/dialnet.unirioja.es\/servlet\/autor?codigo=181403\" target=\"_blank\">P\u00e1gina del autor en Dialnet.<\/a><br \/>\n[vc_empty_space height=&#8221;10&#8243;]<br \/>\n<strong>Tipo de documento<\/strong><br \/>\nArt\u00edculo<br \/>\n[vc_empty_space height=&#8221;10&#8243;]<br \/>\n<a title=\"Enlace alternativo\" href=\"http:\/\/dialnet.unirioja.es\/servlet\/articulo?codigo=4761597\" target=\"_blank\"><strong>Enlace alternativo.<\/strong><\/a><br \/>\n[\/vc_column_text][\/vc_column][\/vc_row]<\/p>\n<\/div>","protected":false},"excerpt":{"rendered":"<p>[vc_row][vc_column width=&#8221;1\/1&#8243;][vc_column_text][vc_empty_space height=&#8221;20&#8243;] Referencia bibliogr\u00e1fica RIVERA, Antonio (1998): \u00abTradici\u00f3n, manipulaci\u00f3n y actualidad de la violencia en Vasconia\u00bb, Vasconia, n\u00ba 26, pp. 309-314. Consultar PDF[vc_empty_space height=&#8221;10&#8243;] Resumen La violencia ha sido&hellip;<\/p>\n","protected":false},"author":1,"featured_media":0,"parent":0,"menu_order":0,"comment_status":"open","ping_status":"open","template":"","meta":{"om_disable_all_campaigns":false,"_monsterinsights_skip_tracking":false,"_monsterinsights_sitenote_active":false,"_monsterinsights_sitenote_note":"","_monsterinsights_sitenote_category":0,"_uf_show_specific_survey":0,"_uf_disable_surveys":false,"_vp_format_video_url":"","_vp_image_focal_point":[],"_vp_custom_popup_image":0,"_vp_format_audio_url":"","_vp_custom_thumbnail":0,"_vp_custom_thumbnail_focal_point":[],"_vp_hover_thumbnail":0,"_vp_hover_thumbnail_focal_point":[],"footnotes":""},"class_list":["post-4590","page","type-page","status-publish","hentry"],"aioseo_notices":[],"_links":{"self":[{"href":"https:\/\/www.arovite.com\/en\/wp-json\/wp\/v2\/pages\/4590","targetHints":{"allow":["GET"]}}],"collection":[{"href":"https:\/\/www.arovite.com\/en\/wp-json\/wp\/v2\/pages"}],"about":[{"href":"https:\/\/www.arovite.com\/en\/wp-json\/wp\/v2\/types\/page"}],"author":[{"embeddable":true,"href":"https:\/\/www.arovite.com\/en\/wp-json\/wp\/v2\/users\/1"}],"replies":[{"embeddable":true,"href":"https:\/\/www.arovite.com\/en\/wp-json\/wp\/v2\/comments?post=4590"}],"version-history":[{"count":1,"href":"https:\/\/www.arovite.com\/en\/wp-json\/wp\/v2\/pages\/4590\/revisions"}],"predecessor-version":[{"id":24771,"href":"https:\/\/www.arovite.com\/en\/wp-json\/wp\/v2\/pages\/4590\/revisions\/24771"}],"wp:attachment":[{"href":"https:\/\/www.arovite.com\/en\/wp-json\/wp\/v2\/media?parent=4590"}],"curies":[{"name":"wp","href":"https:\/\/api.w.org\/{rel}","templated":true}]}}