{"id":4585,"date":"2015-11-30T12:41:12","date_gmt":"2015-11-30T12:41:12","guid":{"rendered":"http:\/\/www.arovite.com\/buesa-mikel-2010-2\/"},"modified":"2015-11-30T13:37:21","modified_gmt":"2015-11-30T13:37:21","slug":"buesa-mikel-2010","status":"publish","type":"page","link":"https:\/\/www.arovite.com\/en\/buesa-mikel-2010\/","title":{"rendered":"BUESA, Mikel (2010)"},"content":{"rendered":"<div class=\"wpb-content-wrapper\"><p>[vc_row][vc_column width=&#8221;1\/1&#8243;][vc_column_text][vc_empty_space height=&#8221;20&#8243;]<br \/>\n<strong>Referencia bibliogr\u00e1fica<\/strong><br \/>\nBUESA, Mikel (2010): \u00abActualizaci\u00f3n del recuento estad\u00edstico de las actividades terroristas de ETA y de la pol\u00edtica antiterrorista. Edici\u00f3n de enero de 2010\u00bb, <em>C\u00e1tedra de Econom\u00eda del Terrorismo<\/em>, n\u00ba 7.<\/p>\n<p><a class=\"button blue  medium \" href=\"http:\/\/www.arovite.com\/documentos\/2010_Buesa.pdf\" target=\"_blank\">Consultar PDF<\/a>[vc_empty_space height=&#8221;10&#8243;]<br \/>\n<strong>Resumen<\/strong><br \/>\nEn este trabajo se efect\u00faa un recuento estad\u00edstico de las actividades terroristas de ETA desde 2006. Por una parte, se toman en consideraci\u00f3n los atentados terroristas, las acciones de terrorismo callejero y la extorsi\u00f3n a los empresarios del Pa\u00eds Vasco y Navarra. Por otra, se contabilizan las detenciones de militantes y colaboradores de ETA, as\u00ed como de los implicados en el terrorismo callejero. Tambi\u00e9n se realiza una exhaustiva anotaci\u00f3n de las v\u00edctimas del terrorismo \u2014muertos, heridos y secuestrados\u2014 y una evaluaci\u00f3n del coste de los da\u00f1os causados por el terrorismo.<br \/>\n[vc_empty_space height=&#8221;10&#8243;]<br \/>\n<strong>Abstract<\/strong><br \/>\nIn this work there make a statistical inventory of ETA&#8217;S terrorist activities from 2006. On one hand, there take in consideration the terrorist attacks, the actions of street terrorism and the extortion to the businessmen of the Basque Country and Navarre. For other one, there are assessed the detentions of militants and collaborators of ETA, as well as of the implied ones in the street terrorism. Also an exhaustive annotation of the victims of the terrorism is realized \u2014dead men, injured men and kidnapped\u2014 and an evaluation of the cost of the damages caused by the terrorism.<br \/>\n[vc_empty_space height=&#8221;10&#8243;]<br \/>\n<strong>Autor<\/strong><br \/>\nMikel Buesa Blanco. <a title=\"Dialnet\" href=\"http:\/\/dialnet.unirioja.es\/servlet\/autor?codigo=10436\" target=\"_blank\">P\u00e1gina del autor en Dialnet.<\/a><br \/>\n[vc_empty_space height=&#8221;10&#8243;]<br \/>\n<strong>Tipo de documento<\/strong><br \/>\nWorking paper<br \/>\n[vc_empty_space height=&#8221;10&#8243;]<br \/>\n[\/vc_column_text][\/vc_column][\/vc_row]<\/p>\n<\/div>","protected":false},"excerpt":{"rendered":"<p>[vc_row][vc_column width=&#8221;1\/1&#8243;][vc_column_text][vc_empty_space height=&#8221;20&#8243;] Referencia bibliogr\u00e1fica BUESA, Mikel (2010): \u00abActualizaci\u00f3n del recuento estad\u00edstico de las actividades terroristas de ETA y de la pol\u00edtica antiterrorista. Edici\u00f3n de enero de 2010\u00bb, C\u00e1tedra de&hellip;<\/p>\n","protected":false},"author":2,"featured_media":0,"parent":0,"menu_order":0,"comment_status":"open","ping_status":"open","template":"","meta":{"om_disable_all_campaigns":false,"_monsterinsights_skip_tracking":false,"_monsterinsights_sitenote_active":false,"_monsterinsights_sitenote_note":"","_monsterinsights_sitenote_category":0,"_uf_show_specific_survey":0,"_uf_disable_surveys":false,"_vp_format_video_url":"","_vp_image_focal_point":[],"_vp_custom_popup_image":0,"_vp_format_audio_url":"","_vp_custom_thumbnail":0,"_vp_custom_thumbnail_focal_point":[],"_vp_hover_thumbnail":0,"_vp_hover_thumbnail_focal_point":[],"footnotes":""},"class_list":["post-4585","page","type-page","status-publish","hentry"],"aioseo_notices":[],"_links":{"self":[{"href":"https:\/\/www.arovite.com\/en\/wp-json\/wp\/v2\/pages\/4585","targetHints":{"allow":["GET"]}}],"collection":[{"href":"https:\/\/www.arovite.com\/en\/wp-json\/wp\/v2\/pages"}],"about":[{"href":"https:\/\/www.arovite.com\/en\/wp-json\/wp\/v2\/types\/page"}],"author":[{"embeddable":true,"href":"https:\/\/www.arovite.com\/en\/wp-json\/wp\/v2\/users\/2"}],"replies":[{"embeddable":true,"href":"https:\/\/www.arovite.com\/en\/wp-json\/wp\/v2\/comments?post=4585"}],"version-history":[{"count":1,"href":"https:\/\/www.arovite.com\/en\/wp-json\/wp\/v2\/pages\/4585\/revisions"}],"predecessor-version":[{"id":4704,"href":"https:\/\/www.arovite.com\/en\/wp-json\/wp\/v2\/pages\/4585\/revisions\/4704"}],"wp:attachment":[{"href":"https:\/\/www.arovite.com\/en\/wp-json\/wp\/v2\/media?parent=4585"}],"curies":[{"name":"wp","href":"https:\/\/api.w.org\/{rel}","templated":true}]}}