{"id":4538,"date":"2015-11-30T12:30:24","date_gmt":"2015-11-30T12:30:24","guid":{"rendered":"http:\/\/www.arovite.com\/romero-pena-aleix-2014-2\/"},"modified":"2015-11-30T12:31:19","modified_gmt":"2015-11-30T12:31:19","slug":"romero-pena-aleix-2014","status":"publish","type":"page","link":"https:\/\/www.arovite.com\/en\/romero-pena-aleix-2014\/","title":{"rendered":"ROMERO PE\u00d1A, Aleix (2014)"},"content":{"rendered":"<div class=\"wpb-content-wrapper\"><p>[vc_row][vc_column width=&#8221;1\/1&#8243;][vc_column_text][vc_empty_space height=&#8221;20&#8243;]<br \/>\n<strong>Referencia bibliogr\u00e1fica<\/strong><br \/>\nROMERO PE\u00d1A, Aleix (2014): \u00abBalance de la pol\u00edtica antiterrorista durante los siete a\u00f1os de gobierno de Rodr\u00edguez Zapatero\u00bb, en NAVAJAS, Carlos e ITURRIAGA, Diego: <em>Espa\u00f1a en democracia. Actas del IV Congreso de Historia de Nuestro Tiempo<\/em>. Logro\u00f1o: Universidad de La Rioja, pp. 331-340.<\/p>\n<p><a class=\"button blue  medium \" href=\"http:\/\/dialnet.unirioja.es\/servlet\/articulo?codigo=4847696\" target=\"_blank\">Consultar PDF<\/a>[vc_empty_space height=&#8221;10&#8243;]<br \/>\n<strong>Resumen<\/strong><br \/>\nEn la segunda legislatura de Jos\u00e9 Luis Rodr\u00edguez Zapatero ETA realiz\u00f3 un anuncio fundamental: el 20 de octubre de 2011 inform\u00f3 en una declaraci\u00f3n p\u00fablica que abandonaba la lucha armada. Del sentido positivo que encerraba aquel mensaje da buena muestra que tanto el Gobierno \u2013y por ende el PSOE\u2013, como el PP, hasta entonces enfrentados en materia antiterrorista, confirieran a la noticia un rango positivo, coincidiendo en se\u00f1alar que se trataba de una victoria del Estado de Derecho \u201csin condiciones\u201d. Los mandos policiales incluyeron por su parte nuevos matices explicativos, pues afirmando que se trataba de una \u201crendici\u00f3n incondicional\u201d y la \u201cderrota definitiva\u201d de ETA, acentuando el papel desempe\u00f1ado por las Fuerzas y Cuerpos de Seguridad del Estado en esta labor. Pero en su comunicado ETA no hablaba de ninguna rendici\u00f3n, sino que emplazaba a un \u201cnuevo tiempo pol\u00edtico\u201d y una \u201coportunidad hist\u00f3rica para una soluci\u00f3n justa y democr\u00e1tica al secular conflicto pol\u00edtico\u201d en Euskal Herria \u2013es decir, Euskadi y Navarra\u2013. De hecho, su pretensi\u00f3n era la de tener alguna influencia en las elecciones nacionales del 20 de noviembre de aquel mismo a\u00f1os, como tradicionalmente hab\u00eda hecho con acciones violentas (F. Llera, 2006, p. 82). Pero adem\u00e1s, ETA se reservaba para s\u00ed misma la posibilidad de entregar las armas o disolverse: pod\u00eda estar derrotada, pero no acabada. Por otra parte, los balances anteriores minusvaloraban o directamente rechazaban de manera consciente cualquier valor al proceso de reflexi\u00f3n aut\u00f3noma que hab\u00eda acometido la izquierda abertzale tras el fracaso de las negociaciones entre ETA y el Ejecutivo que hab\u00edan tenido lugar durante la primera legislatura de Zapatero. Los magn\u00edficos resultados obtenidos por la coalici\u00f3n soberanista EH Bildu en las elecciones auton\u00f3micas de mayo de aquel a\u00f1o \u2013obtuvo 313.000 votos en la Comunidad Aut\u00f3noma Vasca y Navarra\u2013 dan buena cuenta del impacto que tuvo este proceso entre las bases, desatando una euforia que despu\u00e9s se ver\u00eda matizada.<br \/>\n[vc_empty_space height=&#8221;10&#8243;]<br \/>\n<strong>Autor<\/strong><br \/>\nAleix Romero Pe\u00f1a. <a title=\"Dialnet\" href=\"http:\/\/dialnet.unirioja.es\/servlet\/autor?codigo=1883553\" target=\"_blank\">P\u00e1gina del autor en Dialnet.<\/a><br \/>\n[vc_empty_space height=&#8221;10&#8243;]<br \/>\n<strong>Tipo de documento<\/strong><br \/>\nCap\u00edtulo de libro<br \/>\n[\/vc_column_text][\/vc_column][\/vc_row]<\/p>\n<\/div>","protected":false},"excerpt":{"rendered":"<p>[vc_row][vc_column width=&#8221;1\/1&#8243;][vc_column_text][vc_empty_space height=&#8221;20&#8243;] Referencia bibliogr\u00e1fica ROMERO PE\u00d1A, Aleix (2014): \u00abBalance de la pol\u00edtica antiterrorista durante los siete a\u00f1os de gobierno de Rodr\u00edguez Zapatero\u00bb, en NAVAJAS, Carlos e ITURRIAGA, Diego: Espa\u00f1a&hellip;<\/p>\n","protected":false},"author":1,"featured_media":0,"parent":0,"menu_order":0,"comment_status":"open","ping_status":"open","template":"","meta":{"om_disable_all_campaigns":false,"_monsterinsights_skip_tracking":false,"_monsterinsights_sitenote_active":false,"_monsterinsights_sitenote_note":"","_monsterinsights_sitenote_category":0,"_uf_show_specific_survey":0,"_uf_disable_surveys":false,"_vp_format_video_url":"","_vp_image_focal_point":[],"_vp_custom_popup_image":0,"_vp_format_audio_url":"","_vp_custom_thumbnail":0,"_vp_custom_thumbnail_focal_point":[],"_vp_hover_thumbnail":0,"_vp_hover_thumbnail_focal_point":[],"footnotes":""},"class_list":["post-4538","page","type-page","status-publish","hentry"],"aioseo_notices":[],"_links":{"self":[{"href":"https:\/\/www.arovite.com\/en\/wp-json\/wp\/v2\/pages\/4538","targetHints":{"allow":["GET"]}}],"collection":[{"href":"https:\/\/www.arovite.com\/en\/wp-json\/wp\/v2\/pages"}],"about":[{"href":"https:\/\/www.arovite.com\/en\/wp-json\/wp\/v2\/types\/page"}],"author":[{"embeddable":true,"href":"https:\/\/www.arovite.com\/en\/wp-json\/wp\/v2\/users\/1"}],"replies":[{"embeddable":true,"href":"https:\/\/www.arovite.com\/en\/wp-json\/wp\/v2\/comments?post=4538"}],"version-history":[{"count":1,"href":"https:\/\/www.arovite.com\/en\/wp-json\/wp\/v2\/pages\/4538\/revisions"}],"predecessor-version":[{"id":4542,"href":"https:\/\/www.arovite.com\/en\/wp-json\/wp\/v2\/pages\/4538\/revisions\/4542"}],"wp:attachment":[{"href":"https:\/\/www.arovite.com\/en\/wp-json\/wp\/v2\/media?parent=4538"}],"curies":[{"name":"wp","href":"https:\/\/api.w.org\/{rel}","templated":true}]}}