{"id":4516,"date":"2015-11-30T12:23:57","date_gmt":"2015-11-30T12:23:57","guid":{"rendered":"http:\/\/www.arovite.com\/perez-kepa-2007-2\/"},"modified":"2015-12-30T12:55:19","modified_gmt":"2015-12-30T12:55:19","slug":"perez-kepa-2005","status":"publish","type":"page","link":"https:\/\/www.arovite.com\/en\/perez-kepa-2005\/","title":{"rendered":"P\u00c9REZ, Kepa (2005)"},"content":{"rendered":"<div class=\"wpb-content-wrapper\"><p>[vc_row][vc_column width=&#8221;1\/1&#8243;][vc_column_text][vc_empty_space height=&#8221;20&#8243;]<br \/>\n<strong>Referencia bibliogr\u00e1fica<\/strong><br \/>\nP\u00c9REZ, Kepa (2007): <em>Homenaje a las v\u00edctimas del terrorismo de Donostia-San Sebasti\u00e1n<\/em>. Bilbao: Asociaci\u00f3n para la Defensa de la Dignidad Humana.<\/p>\n<p><a class=\"button blue  medium \" href=\"http:\/\/www.arovite.com\/documentos\/2005_Perez.pdf\" target=\"_blank\">Consultar PDF<\/a>[vc_empty_space height=&#8221;10&#8243;]<br \/>\n<strong>Resumen<\/strong><br \/>\nEste libro pretende rendir un sentido homenaje a todas aquellas personas que han sido v\u00edctimas del terrorismo en Donostia-San Sebasti\u00e1n, que hoy quiere darse a conocer como \u201cla ciudad de la paz\u201d. Muchas de ellas llegaron a esta bell\u00edsima ciudad, acariciada por los vientos del Cant\u00e1brico, por muy diversos motivos. Otras, en cambio, nunca hab\u00edan salido de ella. Pero todas se fueron silenciosamente, y la inmensa mayor\u00eda tuvo que hacerlo \u201cpor la puerta de atr\u00e1s\u201d.<br \/>\n[vc_empty_space height=&#8221;10&#8243;]<br \/>\n<strong>Autor<\/strong><br \/>\nKepa P\u00e9rez.<br \/>\n[vc_empty_space height=&#8221;10&#8243;]<br \/>\n<strong>Tipo de documento<\/strong><br \/>\nLibro<br \/>\n[vc_empty_space height=&#8221;10&#8243;]<br \/>\n<a title=\"Enlace alternativo\" href=\"http:\/\/www.addh.org.es\/Homenaje_a_las_victimas_del_terrorismo_de_Donostia_San%20Sebastian.pdf\" target=\"_blank\"><strong>Enlace alternativo.<\/strong><\/a><br \/>\n[\/vc_column_text][\/vc_column][\/vc_row]<\/p>\n<\/div>","protected":false},"excerpt":{"rendered":"<p>[vc_row][vc_column width=&#8221;1\/1&#8243;][vc_column_text][vc_empty_space height=&#8221;20&#8243;] Referencia bibliogr\u00e1fica P\u00c9REZ, Kepa (2007): Homenaje a las v\u00edctimas del terrorismo de Donostia-San Sebasti\u00e1n. Bilbao: Asociaci\u00f3n para la Defensa de la Dignidad Humana. Consultar PDF[vc_empty_space height=&#8221;10&#8243;] Resumen&hellip;<\/p>\n","protected":false},"author":1,"featured_media":0,"parent":0,"menu_order":0,"comment_status":"open","ping_status":"open","template":"","meta":{"om_disable_all_campaigns":false,"_monsterinsights_skip_tracking":false,"_monsterinsights_sitenote_active":false,"_monsterinsights_sitenote_note":"","_monsterinsights_sitenote_category":0,"_uf_show_specific_survey":0,"_uf_disable_surveys":false,"_vp_format_video_url":"","_vp_image_focal_point":[],"_vp_custom_popup_image":0,"_vp_format_audio_url":"","_vp_custom_thumbnail":0,"_vp_custom_thumbnail_focal_point":[],"_vp_hover_thumbnail":0,"_vp_hover_thumbnail_focal_point":[],"footnotes":""},"class_list":["post-4516","page","type-page","status-publish","hentry"],"aioseo_notices":[],"_links":{"self":[{"href":"https:\/\/www.arovite.com\/en\/wp-json\/wp\/v2\/pages\/4516","targetHints":{"allow":["GET"]}}],"collection":[{"href":"https:\/\/www.arovite.com\/en\/wp-json\/wp\/v2\/pages"}],"about":[{"href":"https:\/\/www.arovite.com\/en\/wp-json\/wp\/v2\/types\/page"}],"author":[{"embeddable":true,"href":"https:\/\/www.arovite.com\/en\/wp-json\/wp\/v2\/users\/1"}],"replies":[{"embeddable":true,"href":"https:\/\/www.arovite.com\/en\/wp-json\/wp\/v2\/comments?post=4516"}],"version-history":[{"count":2,"href":"https:\/\/www.arovite.com\/en\/wp-json\/wp\/v2\/pages\/4516\/revisions"}],"predecessor-version":[{"id":5473,"href":"https:\/\/www.arovite.com\/en\/wp-json\/wp\/v2\/pages\/4516\/revisions\/5473"}],"wp:attachment":[{"href":"https:\/\/www.arovite.com\/en\/wp-json\/wp\/v2\/media?parent=4516"}],"curies":[{"name":"wp","href":"https:\/\/api.w.org\/{rel}","templated":true}]}}