{"id":4509,"date":"2015-11-30T12:20:46","date_gmt":"2015-11-30T12:20:46","guid":{"rendered":"http:\/\/www.arovite.com\/buesa-mikel-2006-c-2\/"},"modified":"2025-10-05T08:34:15","modified_gmt":"2025-10-05T08:34:15","slug":"buesa-mikel-2006-c","status":"publish","type":"page","link":"https:\/\/www.arovite.com\/en\/buesa-mikel-2006-c\/","title":{"rendered":"BUESA, Mikel (2006) c"},"content":{"rendered":"<div class=\"wpb-content-wrapper\"><p>[vc_row][vc_column width=&#8221;1\/1&#8243;][vc_column_text][vc_empty_space height=&#8221;20&#8243;]<br \/>\n<strong>Referencia bibliogr\u00e1fica<\/strong><br \/>\nBUESA, Mikel (2006): \u00abV\u00edctimas del terrorismo y pol\u00edtica del perd\u00f3n\u00bb, <em>Cuadernos de Pensamiento Pol\u00edtico FAES<\/em>, n\u00ba 10, pp. 9-22.<\/p>\n<p><a class=\"button blue  medium \" href=\"https:\/\/fundacionfaes.org\/wp-content\/uploads\/2021\/10\/20130423145800victimas-del-terrorismo-y-politica-del-perdon.pdf\" target=\"_blank\">Consultar PDF<\/a>[vc_empty_space height=&#8221;10&#8243;]<br \/>\n<strong>Resumen<\/strong><br \/>\nEn su m\u00e1s sint\u00e9tica formulaci\u00f3n, las distintas organizaciones de v\u00edctimas del terrorismo han recurrido a cuatro conceptos para expresar sus reivindicaciones pol\u00edticas ante la sociedad espa\u00f1ola. Se ha reclamado as\u00ed la <em>memoria<\/em> de todos cuantos han sufrido directamente la violencia de los atentados terroristas, muy especialmente de quienes perecieron en ellos; se ha exigido tambi\u00e9n el restablecimiento de la <em>verdad<\/em> con respecto a esas v\u00edctimas para que, reconoci\u00e9ndose que su sufrimiento no ha sido la consecuencia de una culpa, se restituya su <em>dignidad<\/em> como ciudadanos inocentes sacrificados por las organizaciones terroristas para infundir el miedo en el conjunto de la sociedad; y se ha demandado <em>justicia<\/em> para que, por medio de la condena penal de los individuos responsables de la actividad terrorista y la reparaci\u00f3n del da\u00f1o causado, pudiera eludirse cualquier apelaci\u00f3n a la venganza como medio de satisfacci\u00f3n moral.<br \/>\n[vc_empty_space height=&#8221;10&#8243;]<br \/>\n<strong>Autor<\/strong><br \/>\nMikel Buesa Blanco. <a title=\"Dialnet\" href=\"http:\/\/dialnet.unirioja.es\/servlet\/autor?codigo=10436\" target=\"_blank\">P\u00e1gina del autor en Dialnet.<\/a><br \/>\n[vc_empty_space height=&#8221;10&#8243;]<br \/>\n<strong>Tipo de documento<\/strong><br \/>\nArt\u00edculo<br \/>\n[vc_empty_space height=&#8221;10&#8243;]<br \/>\n<a title=\"Enlace alternativo\" href=\"http:\/\/dialnet.unirioja.es\/servlet\/articulo?codigo=1708544\" target=\"_blank\">Enlace alternativo.<\/a><br \/>\n[vc_empty_space height=&#8221;10&#8243;]<br \/>\n[\/vc_column_text][\/vc_column][\/vc_row]<\/p>\n<\/div>","protected":false},"excerpt":{"rendered":"<p>[vc_row][vc_column width=&#8221;1\/1&#8243;][vc_column_text][vc_empty_space height=&#8221;20&#8243;] Referencia bibliogr\u00e1fica BUESA, Mikel (2006): \u00abV\u00edctimas del terrorismo y pol\u00edtica del perd\u00f3n\u00bb, Cuadernos de Pensamiento Pol\u00edtico FAES, n\u00ba 10, pp. 9-22. Consultar PDF[vc_empty_space height=&#8221;10&#8243;] Resumen En su&hellip;<\/p>\n","protected":false},"author":2,"featured_media":0,"parent":0,"menu_order":0,"comment_status":"open","ping_status":"open","template":"","meta":{"om_disable_all_campaigns":false,"_monsterinsights_skip_tracking":false,"_monsterinsights_sitenote_active":false,"_monsterinsights_sitenote_note":"","_monsterinsights_sitenote_category":0,"_uf_show_specific_survey":0,"_uf_disable_surveys":false,"_vp_format_video_url":"","_vp_image_focal_point":[],"_vp_custom_popup_image":0,"_vp_format_audio_url":"","_vp_custom_thumbnail":0,"_vp_custom_thumbnail_focal_point":[],"_vp_hover_thumbnail":0,"_vp_hover_thumbnail_focal_point":[],"footnotes":""},"class_list":["post-4509","page","type-page","status-publish","hentry"],"aioseo_notices":[],"_links":{"self":[{"href":"https:\/\/www.arovite.com\/en\/wp-json\/wp\/v2\/pages\/4509","targetHints":{"allow":["GET"]}}],"collection":[{"href":"https:\/\/www.arovite.com\/en\/wp-json\/wp\/v2\/pages"}],"about":[{"href":"https:\/\/www.arovite.com\/en\/wp-json\/wp\/v2\/types\/page"}],"author":[{"embeddable":true,"href":"https:\/\/www.arovite.com\/en\/wp-json\/wp\/v2\/users\/2"}],"replies":[{"embeddable":true,"href":"https:\/\/www.arovite.com\/en\/wp-json\/wp\/v2\/comments?post=4509"}],"version-history":[{"count":1,"href":"https:\/\/www.arovite.com\/en\/wp-json\/wp\/v2\/pages\/4509\/revisions"}],"predecessor-version":[{"id":24690,"href":"https:\/\/www.arovite.com\/en\/wp-json\/wp\/v2\/pages\/4509\/revisions\/24690"}],"wp:attachment":[{"href":"https:\/\/www.arovite.com\/en\/wp-json\/wp\/v2\/media?parent=4509"}],"curies":[{"name":"wp","href":"https:\/\/api.w.org\/{rel}","templated":true}]}}