{"id":4495,"date":"2015-11-30T12:16:26","date_gmt":"2015-11-30T12:16:26","guid":{"rendered":"http:\/\/www.arovite.com\/ruiz-gonzalez-jose-gabriel-2011-2\/"},"modified":"2015-11-30T12:16:26","modified_gmt":"2015-11-30T12:16:26","slug":"ruiz-gonzalez-jose-gabriel-2011","status":"publish","type":"page","link":"https:\/\/www.arovite.com\/en\/ruiz-gonzalez-jose-gabriel-2011\/","title":{"rendered":"RUIZ GONZ\u00c1LEZ, Jos\u00e9 Gabriel (2011)"},"content":{"rendered":"<div class=\"wpb-content-wrapper\"><p>[vc_row][vc_column width=&#8221;1\/1&#8243;][vc_column_text][vc_empty_space height=&#8221;20&#8243;]<br \/>\n<strong>Referencia bibliogr\u00e1fica<\/strong><br \/>\nRUIZ GONZ\u00c1LEZ, Jos\u00e9 Gabriel (2011): \u00abEl derecho a la reparaci\u00f3n integral de la v\u00edctima en la ley de ayuda a las v\u00edctimas del terrorismo de la regi\u00f3n de Murcia\u00bb, <em>Eguzkilore<\/em>, n\u00ba 25, pp. 147-164.<\/p>\n<p><a class=\"button blue  medium \" href=\"http:\/\/www.ehu.eus\/documents\/1736829\/2176993\/08-Ruiz.indd.pdf\" target=\"_blank\">Consultar PDF<\/a>[vc_empty_space height=&#8221;10&#8243;]<br \/>\n<strong>Resumen<\/strong><br \/>\nEn los \u00faltimos a\u00f1os, desde Derecho auton\u00f3mico espa\u00f1ol se ha iniciado una tendencia consistente en elaborar normas para redundar y complementar las ayudas a las v\u00edctimas del terrorismo establecidas por el Estado. Siguiendo este camino, que comenzaron las Comunidades Aut\u00f3nomas del Pa\u00eds Vasco y Navarra en 1998 y que continuaron otras, la Comunidad Aut\u00f3noma de la Regi\u00f3n de Murcia aprob\u00f3 la Ley 7\/2009, de 2 de noviembre, de Ayuda a las V\u00edctimas del Terrorismo de la Regi\u00f3n de Murcia. El presente art\u00edculo pretende analizar el alcance y contenido de la reparaci\u00f3n integral de la v\u00edctima como objeto de dicha norma, en el marco de la regulaci\u00f3n constitucional, nacional e internacional de la que trae su causa.<br \/>\n[vc_empty_space height=&#8221;10&#8243;]<br \/>\n<strong>Abstract<\/strong><br \/>\nIn recent years, the Spanish Autonomous Communities-law and legislation have developed several regulations to complement the aids provided by the State to victims of terrorism. Following the path opened up in 1998 by the Autonomous Communities of the Basque Country and Navarre, and continued subsequently by others, the Region of Murcia passed the Victims of Terrorism Compensation Act of the Region of Murcia (Act 7\/2009, November 2). The aim of this paper is to analyse the scope and content of the full compensation for the victim as an object of the aforesaid act, within the frame of the constitutional, national and international legislation.<br \/>\n[vc_empty_space height=&#8221;10&#8243;]<br \/>\n<strong>Autor<\/strong><br \/>\nJos\u00e9 Gabriel Ruiz Gonz\u00e1lez. <a title=\"Dialnet\" href=\"http:\/\/dialnet.unirioja.es\/servlet\/autor?codigo=1978937\" target=\"_blank\">P\u00e1gina del autor en Dialnet.<\/a><br \/>\n[vc_empty_space height=&#8221;10&#8243;]<br \/>\n<strong>Tipo de documento<\/strong><br \/>\nArt\u00edculo<br \/>\n[vc_empty_space height=&#8221;10&#8243;]<br \/>\n<a title=\"Enlace alternativo\" href=\"http:\/\/dialnet.unirioja.es\/servlet\/articulo?codigo=3902114\" target=\"_blank\"><strong>Enlace alternativo.<\/strong><\/a><br \/>\n[\/vc_column_text][\/vc_column][\/vc_row]<\/p>\n<\/div>","protected":false},"excerpt":{"rendered":"<p>[vc_row][vc_column width=&#8221;1\/1&#8243;][vc_column_text][vc_empty_space height=&#8221;20&#8243;] Referencia bibliogr\u00e1fica RUIZ GONZ\u00c1LEZ, Jos\u00e9 Gabriel (2011): \u00abEl derecho a la reparaci\u00f3n integral de la v\u00edctima en la ley de ayuda a las v\u00edctimas del terrorismo de&hellip;<\/p>\n","protected":false},"author":1,"featured_media":0,"parent":0,"menu_order":0,"comment_status":"open","ping_status":"open","template":"","meta":{"om_disable_all_campaigns":false,"_monsterinsights_skip_tracking":false,"_monsterinsights_sitenote_active":false,"_monsterinsights_sitenote_note":"","_monsterinsights_sitenote_category":0,"_uf_show_specific_survey":0,"_uf_disable_surveys":false,"_vp_format_video_url":"","_vp_image_focal_point":[],"_vp_custom_popup_image":0,"_vp_format_audio_url":"","_vp_custom_thumbnail":0,"_vp_custom_thumbnail_focal_point":[],"_vp_hover_thumbnail":0,"_vp_hover_thumbnail_focal_point":[],"footnotes":""},"class_list":["post-4495","page","type-page","status-publish","hentry"],"aioseo_notices":[],"_links":{"self":[{"href":"https:\/\/www.arovite.com\/en\/wp-json\/wp\/v2\/pages\/4495","targetHints":{"allow":["GET"]}}],"collection":[{"href":"https:\/\/www.arovite.com\/en\/wp-json\/wp\/v2\/pages"}],"about":[{"href":"https:\/\/www.arovite.com\/en\/wp-json\/wp\/v2\/types\/page"}],"author":[{"embeddable":true,"href":"https:\/\/www.arovite.com\/en\/wp-json\/wp\/v2\/users\/1"}],"replies":[{"embeddable":true,"href":"https:\/\/www.arovite.com\/en\/wp-json\/wp\/v2\/comments?post=4495"}],"version-history":[{"count":0,"href":"https:\/\/www.arovite.com\/en\/wp-json\/wp\/v2\/pages\/4495\/revisions"}],"wp:attachment":[{"href":"https:\/\/www.arovite.com\/en\/wp-json\/wp\/v2\/media?parent=4495"}],"curies":[{"name":"wp","href":"https:\/\/api.w.org\/{rel}","templated":true}]}}