{"id":4481,"date":"2015-11-30T12:12:01","date_gmt":"2015-11-30T12:12:01","guid":{"rendered":"http:\/\/www.arovite.com\/perez-perez-jose-antonio-2013-2\/"},"modified":"2015-11-30T12:12:01","modified_gmt":"2015-11-30T12:12:01","slug":"perez-perez-jose-antonio-2013","status":"publish","type":"page","link":"https:\/\/www.arovite.com\/en\/perez-perez-jose-antonio-2013\/","title":{"rendered":"P\u00c9REZ P\u00c9REZ, Jos\u00e9 Antonio (2013)"},"content":{"rendered":"<div class=\"wpb-content-wrapper\"><p>[vc_row][vc_column width=&#8221;1\/1&#8243;][vc_column_text][vc_empty_space height=&#8221;20&#8243;]<br \/>\n<strong>Referencia bibliogr\u00e1fica<\/strong><br \/>\nP\u00c9REZ P\u00c9REZ, Jos\u00e9 Antonio (2013): \u00abHistoria (y memoria) del antifranquismo en el Pa\u00eds Vasco\u00bb, <em>Cuadernos de Historia Contempor\u00e1nea<\/em>, n\u00ba 35, pp. 41-62.<\/p>\n<p><a class=\"button blue  medium \" href=\"http:\/\/revistas.ucm.es\/index.php\/CHCO\/article\/viewFile\/42648\/40527\" target=\"_blank\">Consultar PDF<\/a>[vc_empty_space height=&#8221;10&#8243;]<br \/>\n<strong>Resumen<\/strong><br \/>\nUna parte muy importante de la oposici\u00f3n antifranquista que tuvo lugar en el Pa\u00eds Vasco fue protagonizada por la izquierda no nacionalista. Sin embargo, la memoria de esa lucha ha quedado diluida en el relato hist\u00f3rico elaborado por el nacionalismo vasco. La desaparici\u00f3n del terrorismo de ETA ha obligado a quienes lo practicaron y apoyaron durante d\u00e9cadas a reforzar su tradicional relato hist\u00f3rico sobre el pasado m\u00e1s reciente. Su objetivo se centra en legitimar su actividad terrorista como una consecuencia inevitable de su lucha contra el franquismo.<br \/>\n[vc_empty_space height=&#8221;10&#8243;]<br \/>\n<strong>Abstract<\/strong><br \/>\nThe non-nationalist left was prominent among the groups that opposed Franco in the Basque Country. However, their fight has almost disappeared from the historical narratives Basque nationalists have formulated over the years. The end of ETA\u2019s terrorist actions has forced its practitioners and supporters to reinvigorate traditional historical accounts about their recent past. Their goal was to legitimize terrorist act, presenting them as an inescapable consequence of their fight against Francoism.<br \/>\n[vc_empty_space height=&#8221;10&#8243;]<br \/>\n<strong>Autor<\/strong><br \/>\nJos\u00e9 Antonio P\u00e9rez. <a title=\"Dialnet\" href=\"http:\/\/dialnet.unirioja.es\/servlet\/autor?codigo=104127\" target=\"_blank\">P\u00e1gina del autor en Dialnet.<\/a><br \/>\n[vc_empty_space height=&#8221;10&#8243;]<br \/>\n<strong>Tipo de documento<\/strong><br \/>\nArt\u00edculo<br \/>\n[vc_empty_space height=&#8221;10&#8243;]<br \/>\n<a title=\"Enlace alternativo\" href=\"http:\/\/dialnet.unirioja.es\/servlet\/articulo?codigo=4501206\" target=\"_blank\"><strong>Enlace alternativo.<\/strong><\/a><br \/>\n[\/vc_column_text][\/vc_column][\/vc_row]<\/p>\n<\/div>","protected":false},"excerpt":{"rendered":"<p>[vc_row][vc_column width=&#8221;1\/1&#8243;][vc_column_text][vc_empty_space height=&#8221;20&#8243;] Referencia bibliogr\u00e1fica P\u00c9REZ P\u00c9REZ, Jos\u00e9 Antonio (2013): \u00abHistoria (y memoria) del antifranquismo en el Pa\u00eds Vasco\u00bb, Cuadernos de Historia Contempor\u00e1nea, n\u00ba 35, pp. 41-62. Consultar PDF[vc_empty_space height=&#8221;10&#8243;]&hellip;<\/p>\n","protected":false},"author":1,"featured_media":0,"parent":0,"menu_order":0,"comment_status":"open","ping_status":"open","template":"","meta":{"om_disable_all_campaigns":false,"_monsterinsights_skip_tracking":false,"_monsterinsights_sitenote_active":false,"_monsterinsights_sitenote_note":"","_monsterinsights_sitenote_category":0,"_uf_show_specific_survey":0,"_uf_disable_surveys":false,"_vp_format_video_url":"","_vp_image_focal_point":[],"_vp_custom_popup_image":0,"_vp_format_audio_url":"","_vp_custom_thumbnail":0,"_vp_custom_thumbnail_focal_point":[],"_vp_hover_thumbnail":0,"_vp_hover_thumbnail_focal_point":[],"footnotes":""},"class_list":["post-4481","page","type-page","status-publish","hentry"],"aioseo_notices":[],"_links":{"self":[{"href":"https:\/\/www.arovite.com\/en\/wp-json\/wp\/v2\/pages\/4481","targetHints":{"allow":["GET"]}}],"collection":[{"href":"https:\/\/www.arovite.com\/en\/wp-json\/wp\/v2\/pages"}],"about":[{"href":"https:\/\/www.arovite.com\/en\/wp-json\/wp\/v2\/types\/page"}],"author":[{"embeddable":true,"href":"https:\/\/www.arovite.com\/en\/wp-json\/wp\/v2\/users\/1"}],"replies":[{"embeddable":true,"href":"https:\/\/www.arovite.com\/en\/wp-json\/wp\/v2\/comments?post=4481"}],"version-history":[{"count":0,"href":"https:\/\/www.arovite.com\/en\/wp-json\/wp\/v2\/pages\/4481\/revisions"}],"wp:attachment":[{"href":"https:\/\/www.arovite.com\/en\/wp-json\/wp\/v2\/media?parent=4481"}],"curies":[{"name":"wp","href":"https:\/\/api.w.org\/{rel}","templated":true}]}}