{"id":4475,"date":"2015-11-30T12:09:52","date_gmt":"2015-11-30T12:09:52","guid":{"rendered":"http:\/\/www.arovite.com\/bilbao-galo-ibanez-julian-y-martin-beristain-carlos-2\/"},"modified":"2015-11-30T12:09:52","modified_gmt":"2015-11-30T12:09:52","slug":"bilbao-galo-ibanez-julian-y-martin-beristain-carlos","status":"publish","type":"page","link":"https:\/\/www.arovite.com\/en\/bilbao-galo-ibanez-julian-y-martin-beristain-carlos\/","title":{"rendered":"BILBAO, Galo, IB\u00c1\u00d1EZ, Juli\u00e1n y MART\u00cdN BERISTAIN, Carlos"},"content":{"rendered":"<div class=\"wpb-content-wrapper\"><p>[vc_row][vc_column width=&#8221;1\/1&#8243;][vc_column_text][vc_empty_space height=&#8221;20&#8243;]<br \/>\n<strong>Referencia bibliogr\u00e1fica<\/strong><br \/>\nBILBAO, Galo, IB\u00c1\u00d1EZ, Juli\u00e1n y MART\u00cdN BERISTAIN, Carlos (coords.): <em>Iniciativa Glencree: nuestra experiencia compartida<\/em>. Iniciativa Glencree.<\/p>\n<p><a class=\"button blue  medium \" href=\"http:\/\/www.arovite.com\/documentos\/2012_Iniciativa_Glencree.pdf\" target=\"_blank\">Consultar PDF<\/a>[vc_empty_space height=&#8221;10&#8243;]<br \/>\n<strong>Resumen<\/strong><br \/>\nEl relato que aqu\u00ed se expone responde a nuestro deseo de contar una experiencia de encuentro y debate entre v\u00edctimas de violencia pol\u00edtica y terrorismo de diferente signo, que comenz\u00f3 en diciembre de 2007. Somos un grupo de personas que tenemos en com\u00fan haber padecido, personalmente y\/o a trav\u00e9s de nuestros familiares, un enorme e injusto sufrimiento, provocado por esos actos y por las consecuencias que han tenido en nuestras vidas y en las de nuestras familias. Entre nosotros hay personas cuyos maridos, padres o hermanos fueron secuestrados, torturados o asesinados por el GAL u otras organizaciones similares, y otras cuyos maridos, padres, hijos o hermanos fueron secuestrados, torturados o asesinados por ETA. Tambi\u00e9n hay personas que han sufrido violencia de persecuci\u00f3n y otras que han sufrido tortura o muerte de familiares por actuaciones policiales. Todas somos v\u00edctimas de vulneraciones de derechos humanos como consecuencia de la violencia en el Pa\u00eds Vasco. Somos un grupo sin un nombre que nos identifique, aunque utilizamos el de &#8220;iniciativa Glencree&#8221;, por el lugar de Irlanda en el que comenzaron nuestros encuentros. El clima de violencia y la polarizaci\u00f3n pol\u00edtica y social nos llevaron a alejarnos de Euskadi para hablar en un contexto que permitiera romper con las inercias del d\u00eda a d\u00eda y ofreciese la discreci\u00f3n necesaria.<br \/>\n[vc_empty_space height=&#8221;10&#8243;]<br \/>\n<strong>Tipo de documento<\/strong><br \/>\nInforme<br \/>\n[vc_empty_space height=&#8221;10&#8243;]<br \/>\n<a title=\"Enlace alternativo\" href=\"http:\/\/www.euskadi.eus\/contenidos\/informacion\/listado_glencree\/es_listado\/adjuntos\/RELATO%20INICIATIVA%20GLENCREE%20DEFINITIVO.pdf\" target=\"_blank\">Enlace alternativo.<\/a><br \/>\n[vc_empty_space height=&#8221;10&#8243;]<br \/>\n[\/vc_column_text][\/vc_column][\/vc_row]<\/p>\n<\/div>","protected":false},"excerpt":{"rendered":"<p>[vc_row][vc_column width=&#8221;1\/1&#8243;][vc_column_text][vc_empty_space height=&#8221;20&#8243;] Referencia bibliogr\u00e1fica BILBAO, Galo, IB\u00c1\u00d1EZ, Juli\u00e1n y MART\u00cdN BERISTAIN, Carlos (coords.): Iniciativa Glencree: nuestra experiencia compartida. Iniciativa Glencree. Consultar PDF[vc_empty_space height=&#8221;10&#8243;] Resumen El relato que aqu\u00ed se&hellip;<\/p>\n","protected":false},"author":2,"featured_media":0,"parent":0,"menu_order":0,"comment_status":"open","ping_status":"open","template":"","meta":{"om_disable_all_campaigns":false,"_monsterinsights_skip_tracking":false,"_monsterinsights_sitenote_active":false,"_monsterinsights_sitenote_note":"","_monsterinsights_sitenote_category":0,"_uf_show_specific_survey":0,"_uf_disable_surveys":false,"_vp_format_video_url":"","_vp_image_focal_point":[],"_vp_custom_popup_image":0,"_vp_format_audio_url":"","_vp_custom_thumbnail":0,"_vp_custom_thumbnail_focal_point":[],"_vp_hover_thumbnail":0,"_vp_hover_thumbnail_focal_point":[],"footnotes":""},"class_list":["post-4475","page","type-page","status-publish","hentry"],"aioseo_notices":[],"_links":{"self":[{"href":"https:\/\/www.arovite.com\/en\/wp-json\/wp\/v2\/pages\/4475","targetHints":{"allow":["GET"]}}],"collection":[{"href":"https:\/\/www.arovite.com\/en\/wp-json\/wp\/v2\/pages"}],"about":[{"href":"https:\/\/www.arovite.com\/en\/wp-json\/wp\/v2\/types\/page"}],"author":[{"embeddable":true,"href":"https:\/\/www.arovite.com\/en\/wp-json\/wp\/v2\/users\/2"}],"replies":[{"embeddable":true,"href":"https:\/\/www.arovite.com\/en\/wp-json\/wp\/v2\/comments?post=4475"}],"version-history":[{"count":0,"href":"https:\/\/www.arovite.com\/en\/wp-json\/wp\/v2\/pages\/4475\/revisions"}],"wp:attachment":[{"href":"https:\/\/www.arovite.com\/en\/wp-json\/wp\/v2\/media?parent=4475"}],"curies":[{"name":"wp","href":"https:\/\/api.w.org\/{rel}","templated":true}]}}