{"id":4423,"date":"2015-11-30T11:51:04","date_gmt":"2015-11-30T11:51:04","guid":{"rendered":"http:\/\/www.arovite.com\/secretaria-general-de-paz-y-convivencia-2015-2\/"},"modified":"2015-12-30T13:14:36","modified_gmt":"2015-12-30T13:14:36","slug":"secretaria-general-de-paz-y-convivencia-2015","status":"publish","type":"page","link":"https:\/\/www.arovite.com\/en\/secretaria-general-de-paz-y-convivencia-2015\/","title":{"rendered":"SECRETAR\u00cdA GENERAL DE PAZ Y CONVIVENCIA (2015)"},"content":{"rendered":"<div class=\"wpb-content-wrapper\"><p>[vc_row][vc_column width=&#8221;1\/1&#8243;][vc_column_text][vc_empty_space height=&#8221;20&#8243;]<br \/>\n<strong>Referencia bibliogr\u00e1fica<\/strong><br \/>\nSECRETAR\u00cdA GENERAL DE PAZ Y CONVIVENCIA (2015): <em>Programa Zuzendu: programa de divulgaci\u00f3n de una pedagog\u00eda de la autocr\u00edtica en derechos humanos<\/em>. Gobierno Vasco.<\/p>\n<p><a class=\"button blue  medium \" href=\"http:\/\/www.arovite.com\/documentos\/2015_Programa_Zuzendu.pdf\" target=\"_blank\">Consultar PDF<\/a>[vc_empty_space height=&#8221;10&#8243;]<br \/>\n<strong>Resumen<\/strong><br \/>\nEl Plan de Paz y Convivencia 2013-16 fue aprobado el 26 de noviembre de 2013. Desde entonces, se realiza un informe semestral del seguimiento de su cumplimiento. El informe correspondiente al segundo semestre de 2014 ha puesto de manifiesto que el cumplimiento del plan sigue una marcha positiva. Todas sus iniciativas est\u00e1n en funcionamiento con un nivel de desarrollo razonable y, seg\u00fan todas las encuestas, con un buen grado de sinton\u00eda social. Este mismo informe se\u00f1ala tambi\u00e9n, sin ambages, una debilidad: el estancamiento en el progreso de los consensos pol\u00edticos y parlamentarios. Diagnostica que, en esa distancia entre fuerzas pol\u00edticas, el principal problema se encuentra en el pasado. \u00abEl pasado nos duele y nos aleja\u00bb. Es aqu\u00ed donde debe hacerse un esfuerzo especial de reparaci\u00f3n de las relaciones pol\u00edticas. Paralelamente, el Programa Hitzeman, despu\u00e9s del periodo de cinco meses de consulta al que ha estado abierto, ha llegado a una conclusi\u00f3n similar: \u00abun pasado tan reciente de terrorismo, violencia, vulneraciones de derechos humanos y divisiones y las heridas abiertas y desconfianzas que todo ello ha dejado en la pol\u00edtica se convierten en un factor disgregador que dificulta la consecuci\u00f3n de consensos en materias tan sensibles como la reinserci\u00f3n\u00bb. En este marco de consideraciones la pregunta que es necesario plantear es c\u00f3mo crear condiciones que generen espacios de confianza, cooperaci\u00f3n y acuerdo entre fuerzas pol\u00edticas en materia de paz y convivencia, o de pol\u00edtica penitenciaria y reinserci\u00f3n, teniendo en cuenta este peso del pasado. En la b\u00fasqueda de respuesta a esta cuesti\u00f3n se sit\u00faa este programa denominado Zuzendu. Su hip\u00f3tesis de respuesta es la siguiente: la autocr\u00edtica en relaci\u00f3n con el pasado es la base sobre la que pueden crearse condiciones constructivas de confianza y colaboraci\u00f3n entre las distintas familias pol\u00edticas de este pa\u00eds. La autocr\u00edtica puede ser la clave que permita superar el pasado, rehacer el presente y enfocar el futuro con un m\u00ednimo de acuerdo. La autocr\u00edtica puede jugar tambi\u00e9n una funci\u00f3n relevante en los procesos de reinserci\u00f3n.<br \/>\n[vc_empty_space height=&#8221;10&#8243;]<br \/>\n<strong>Tipo de documento<\/strong><br \/>\nInforme<br \/>\n[vc_empty_space height=&#8221;10&#8243;]<br \/>\n<a title=\"Enlace alternativo\" href=\"https:\/\/www.euskadi.eus\/contenidos\/informacion\/documentos_paz_convivencia\/es_def\/adjuntos\/Programa-Zuzendu.pdf\" target=\"_blank\"><strong>Enlace alternativo.<\/strong><\/a><br \/>\n[\/vc_column_text][\/vc_column][\/vc_row]<\/p>\n<\/div>","protected":false},"excerpt":{"rendered":"<p>[vc_row][vc_column width=&#8221;1\/1&#8243;][vc_column_text][vc_empty_space height=&#8221;20&#8243;] Referencia bibliogr\u00e1fica SECRETAR\u00cdA GENERAL DE PAZ Y CONVIVENCIA (2015): Programa Zuzendu: programa de divulgaci\u00f3n de una pedagog\u00eda de la autocr\u00edtica en derechos humanos. Gobierno Vasco. Consultar PDF[vc_empty_space&hellip;<\/p>\n","protected":false},"author":1,"featured_media":0,"parent":0,"menu_order":0,"comment_status":"open","ping_status":"open","template":"","meta":{"om_disable_all_campaigns":false,"_monsterinsights_skip_tracking":false,"_monsterinsights_sitenote_active":false,"_monsterinsights_sitenote_note":"","_monsterinsights_sitenote_category":0,"_uf_show_specific_survey":0,"_uf_disable_surveys":false,"_vp_format_video_url":"","_vp_image_focal_point":[],"_vp_custom_popup_image":0,"_vp_format_audio_url":"","_vp_custom_thumbnail":0,"_vp_custom_thumbnail_focal_point":[],"_vp_hover_thumbnail":0,"_vp_hover_thumbnail_focal_point":[],"footnotes":""},"class_list":["post-4423","page","type-page","status-publish","hentry"],"aioseo_notices":[],"_links":{"self":[{"href":"https:\/\/www.arovite.com\/en\/wp-json\/wp\/v2\/pages\/4423","targetHints":{"allow":["GET"]}}],"collection":[{"href":"https:\/\/www.arovite.com\/en\/wp-json\/wp\/v2\/pages"}],"about":[{"href":"https:\/\/www.arovite.com\/en\/wp-json\/wp\/v2\/types\/page"}],"author":[{"embeddable":true,"href":"https:\/\/www.arovite.com\/en\/wp-json\/wp\/v2\/users\/1"}],"replies":[{"embeddable":true,"href":"https:\/\/www.arovite.com\/en\/wp-json\/wp\/v2\/comments?post=4423"}],"version-history":[{"count":1,"href":"https:\/\/www.arovite.com\/en\/wp-json\/wp\/v2\/pages\/4423\/revisions"}],"predecessor-version":[{"id":5531,"href":"https:\/\/www.arovite.com\/en\/wp-json\/wp\/v2\/pages\/4423\/revisions\/5531"}],"wp:attachment":[{"href":"https:\/\/www.arovite.com\/en\/wp-json\/wp\/v2\/media?parent=4423"}],"curies":[{"name":"wp","href":"https:\/\/api.w.org\/{rel}","templated":true}]}}