{"id":4385,"date":"2015-11-30T11:22:24","date_gmt":"2015-11-30T11:22:24","guid":{"rendered":"http:\/\/www.arovite.com\/barrenetxea-igor-2003-2\/"},"modified":"2025-10-05T08:32:55","modified_gmt":"2025-10-05T08:32:55","slug":"barrenetxea-igor-2003","status":"publish","type":"page","link":"https:\/\/www.arovite.com\/en\/barrenetxea-igor-2003\/","title":{"rendered":"BARRENETXEA, Igor (2003)"},"content":{"rendered":"<div class=\"wpb-content-wrapper\"><p>[vc_row][vc_column width=&#8221;1\/1&#8243;][vc_column_text][vc_empty_space height=&#8221;20&#8243;]<br \/>\n<strong>Referencia bibliogr\u00e1fica<\/strong><br \/>\nBARRENETXEA, Igor (2003): \u00abLa trilog\u00eda vasca de Imanol Uribe: una mirada al nacionalismo vasco radical a trav\u00e9s del cine\u00bb, <em>Ikusgaiak<\/em>, n\u00ba 6, pp. 77-101.<\/p>\n<p><a class=\"button blue  medium \" href=\"http:\/\/www.eusko-ikaskuntza.eus\/PDFAnlt\/ikusgaiak\/06\/06077101.pdf\" target=\"_blank\">Consultar PDF<\/a>[vc_empty_space height=&#8221;10&#8243;]<br \/>\n<strong>Resumen<\/strong><br \/>\nEste art\u00edculo estudia los filmes que componen la \u201ctrilog\u00eda vasca\u201d de Imanol Uribe compuesta por los filmes: El proceso de Burgos (1979), La fuga de Segovia (1981) y La muerte de Mikel (1984). A trav\u00e9s de la lectura hist\u00f3rico-ideol\u00f3gica de estos filmes se desvelan una serie de rasgos caracter\u00edsticos del nacionalismo radical vasco en actitudes, comportamientos y rituales sociales, como una muestra de esta radiograf\u00eda social que comporta el discurso cinematogr\u00e1fico en el contexto hist\u00f3rico pasado \u2013al que hace referencia\u2013, y actual \u2013momento de su filmaci\u00f3n\u2013.<br \/>\n[vc_empty_space height=&#8221;10&#8243;]<br \/>\n<strong>Laburpena<\/strong><br \/>\nArtikulu honek Imanol Uriberen \u201ceuskal trilogia\u201d osatzen duten filmak aztertzen ditu: Burgosko prozesua (1979), Segoviako ihesa (1981) eta Mikelen heriotza (1984). Film horien irakurketa historiko-ideologikoaren bidez, nazionalismo erradikalaren ezaugarri sail bat agertzen da gizarte jarrera, portaera eta erritualei dagokienez, diskurtso zinematografikoak dakarren gizarte erradiografiaren erakusgarri gisa, bai iraganeko testuinguru historikoan \u2013horren erreferentzia egiten baitu\u2013 eta bai oraingoan \u2013filmazioaren unea\u2013.<br \/>\n[vc_empty_space height=&#8221;10&#8243;]<br \/>\n<strong>Autor<\/strong><br \/>\nIgor Barrenetxea Mara\u00f1\u00f3n. <a title=\"Dialnet\" href=\"http:\/\/dialnet.unirioja.es\/servlet\/autor?codigo=153222\" target=\"_blank\">P\u00e1gina del autor en Dialnet.<\/a><br \/>\n[vc_empty_space height=&#8221;10&#8243;]<br \/>\n<strong>Tipo de documento<\/strong><br \/>\nArt\u00edculo<br \/>\n[vc_empty_space height=&#8221;10&#8243;][\/vc_column_text][\/vc_column][\/vc_row]<\/p>\n<\/div>","protected":false},"excerpt":{"rendered":"<p>[vc_row][vc_column width=&#8221;1\/1&#8243;][vc_column_text][vc_empty_space height=&#8221;20&#8243;] Referencia bibliogr\u00e1fica BARRENETXEA, Igor (2003): \u00abLa trilog\u00eda vasca de Imanol Uribe: una mirada al nacionalismo vasco radical a trav\u00e9s del cine\u00bb, Ikusgaiak, n\u00ba 6, pp. 77-101. Consultar&hellip;<\/p>\n","protected":false},"author":2,"featured_media":0,"parent":0,"menu_order":0,"comment_status":"open","ping_status":"open","template":"","meta":{"om_disable_all_campaigns":false,"_monsterinsights_skip_tracking":false,"_monsterinsights_sitenote_active":false,"_monsterinsights_sitenote_note":"","_monsterinsights_sitenote_category":0,"_uf_show_specific_survey":0,"_uf_disable_surveys":false,"_vp_format_video_url":"","_vp_image_focal_point":[],"_vp_custom_popup_image":0,"_vp_format_audio_url":"","_vp_custom_thumbnail":0,"_vp_custom_thumbnail_focal_point":[],"_vp_hover_thumbnail":0,"_vp_hover_thumbnail_focal_point":[],"footnotes":""},"class_list":["post-4385","page","type-page","status-publish","hentry"],"aioseo_notices":[],"_links":{"self":[{"href":"https:\/\/www.arovite.com\/en\/wp-json\/wp\/v2\/pages\/4385","targetHints":{"allow":["GET"]}}],"collection":[{"href":"https:\/\/www.arovite.com\/en\/wp-json\/wp\/v2\/pages"}],"about":[{"href":"https:\/\/www.arovite.com\/en\/wp-json\/wp\/v2\/types\/page"}],"author":[{"embeddable":true,"href":"https:\/\/www.arovite.com\/en\/wp-json\/wp\/v2\/users\/2"}],"replies":[{"embeddable":true,"href":"https:\/\/www.arovite.com\/en\/wp-json\/wp\/v2\/comments?post=4385"}],"version-history":[{"count":1,"href":"https:\/\/www.arovite.com\/en\/wp-json\/wp\/v2\/pages\/4385\/revisions"}],"predecessor-version":[{"id":24689,"href":"https:\/\/www.arovite.com\/en\/wp-json\/wp\/v2\/pages\/4385\/revisions\/24689"}],"wp:attachment":[{"href":"https:\/\/www.arovite.com\/en\/wp-json\/wp\/v2\/media?parent=4385"}],"curies":[{"name":"wp","href":"https:\/\/api.w.org\/{rel}","templated":true}]}}