{"id":4382,"date":"2015-11-30T11:22:06","date_gmt":"2015-11-30T11:22:06","guid":{"rendered":"http:\/\/www.arovite.com\/secretaria-general-para-la-paz-y-convivencia-2013-2\/"},"modified":"2015-12-30T13:17:28","modified_gmt":"2015-12-30T13:17:28","slug":"secretaria-general-para-la-paz-y-convivencia-2013","status":"publish","type":"page","link":"https:\/\/www.arovite.com\/en\/secretaria-general-para-la-paz-y-convivencia-2013\/","title":{"rendered":"SECRETAR\u00cdA GENERAL PARA LA PAZ Y CONVIVENCIA (2013)"},"content":{"rendered":"<div class=\"wpb-content-wrapper\"><p>[vc_row][vc_column width=&#8221;1\/1&#8243;][vc_column_text][vc_empty_space height=&#8221;20&#8243;]<br \/>\n<strong>Referencia bibliogr\u00e1fica<\/strong><br \/>\nSECRETAR\u00cdA GENERAL PARA LA PAZ Y CONVIVENCIA (2013): <em>Plan de paz y convivencia 2013-2016. Un objetivo de encuentro social<\/em>. Gobierno Vasco.<\/p>\n<p><a class=\"button blue  medium \" href=\"http:\/\/www.arovite.com\/documentos\/2013_Plan_Paz_Convivencia.pdf\" target=\"_blank\">Consultar PDF<\/a>[vc_empty_space height=&#8221;10&#8243;]<br \/>\n<strong>Resumen<\/strong><br \/>\nEn el inicio de la X Legislatura, el Gobierno Vasco ha decidido dotarse de una Secretar\u00eda General para la Paz y la Convivencia que, dentro de Lehendakaritza y bajo dependencia directa del Lehendakari, integre en una \u00fanica estructura las anteriores Direcciones de Victimas, adscrita al Departamento de Interior, y de Derechos Humanos, integrada en el Departamento de Justicia. En el entorno europeo, la estructura de las pol\u00edticas gubernamentales cuenta habitualmente con una direcci\u00f3n, instituto o instancia similar de derechos humanos dedicada a su defensa y promoci\u00f3n. En contextos de normalidad, este instrumento es suficiente para articular las pol\u00edticas p\u00fablicas de compromiso con el civismo y las libertades y derechos fundamentales. Nuestro contexto actual es, sin embargo, singular. Hace dos a\u00f1os, ETA anunci\u00f3 el cese definitivo de su actividad violenta, despu\u00e9s de m\u00e1s de cinco d\u00e9cadas. Todas las personas por debajo de 50 a\u00f1os hemos vivido toda nuestra vida con ello. Estamos ante un acontecimiento verdaderamente hist\u00f3rico. La creaci\u00f3n de una Secretar\u00eda General para la Paz y la Convivencia es una decisi\u00f3n directamente relacionada con este contexto sociopol\u00edtico excepcional. Es una respuesta adaptada a una coyuntura especial. Dos grandes puntos definen su misi\u00f3n espec\u00edfica: primero, contribuir a consolidar de modo definitivo e irreversible la paz; y, segundo, promover la mejora de una convivencia social y pol\u00edtica, da\u00f1ada por una vivencia traum\u00e1tica y sostenida de terrorismo, violencia y vulneraciones de derechos humanos. Muy probablemente, esta doble misi\u00f3n espec\u00edfica no tenga sentido en nuestras pol\u00edticas p\u00fablicas dentro de algunos a\u00f1os porque los retos entonces sean ya otros. Aunque, no obstante, es tambi\u00e9n probable que si ahora no hacemos este esfuerzo, tal vez, dentro de alg\u00fan tiempo lo echemos en falta. Quienes en este momento ostentamos cualquier responsabilidad parlamentaria, gubernamental o social tenemos la ocasi\u00f3n de poder enfrentar este doble reto de la paz y la convivencia. En este contexto, lo que est\u00e1 en juego no es solo uno u otro modelo, una u otra visi\u00f3n ideol\u00f3gica de esta etapa post-violencia. Lo que est\u00e1 en juego tiene que ver, en primera instancia, con el sufrimiento humano.<br \/>\n[vc_empty_space height=&#8221;10&#8243;]<br \/>\n<strong>Tipo de documento<\/strong><br \/>\nInforme<br \/>\n[vc_empty_space height=&#8221;10&#8243;]<br \/>\n<a title=\"Enlace alternativo\" href=\"http:\/\/www.irekia.euskadi.eus\/uploads\/attachments\/3871\/plan_paz_convivencia.pdf\" target=\"_blank\"><strong>Enlace alternativo.<\/strong><\/a><br \/>\n[\/vc_column_text][\/vc_column][\/vc_row]<\/p>\n<\/div>","protected":false},"excerpt":{"rendered":"<p>[vc_row][vc_column width=&#8221;1\/1&#8243;][vc_column_text][vc_empty_space height=&#8221;20&#8243;] Referencia bibliogr\u00e1fica SECRETAR\u00cdA GENERAL PARA LA PAZ Y CONVIVENCIA (2013): Plan de paz y convivencia 2013-2016. Un objetivo de encuentro social. Gobierno Vasco. Consultar PDF[vc_empty_space height=&#8221;10&#8243;] Resumen&hellip;<\/p>\n","protected":false},"author":1,"featured_media":0,"parent":0,"menu_order":0,"comment_status":"open","ping_status":"open","template":"","meta":{"om_disable_all_campaigns":false,"_monsterinsights_skip_tracking":false,"_monsterinsights_sitenote_active":false,"_monsterinsights_sitenote_note":"","_monsterinsights_sitenote_category":0,"_uf_show_specific_survey":0,"_uf_disable_surveys":false,"_vp_format_video_url":"","_vp_image_focal_point":[],"_vp_custom_popup_image":0,"_vp_format_audio_url":"","_vp_custom_thumbnail":0,"_vp_custom_thumbnail_focal_point":[],"_vp_hover_thumbnail":0,"_vp_hover_thumbnail_focal_point":[],"footnotes":""},"class_list":["post-4382","page","type-page","status-publish","hentry"],"aioseo_notices":[],"_links":{"self":[{"href":"https:\/\/www.arovite.com\/en\/wp-json\/wp\/v2\/pages\/4382","targetHints":{"allow":["GET"]}}],"collection":[{"href":"https:\/\/www.arovite.com\/en\/wp-json\/wp\/v2\/pages"}],"about":[{"href":"https:\/\/www.arovite.com\/en\/wp-json\/wp\/v2\/types\/page"}],"author":[{"embeddable":true,"href":"https:\/\/www.arovite.com\/en\/wp-json\/wp\/v2\/users\/1"}],"replies":[{"embeddable":true,"href":"https:\/\/www.arovite.com\/en\/wp-json\/wp\/v2\/comments?post=4382"}],"version-history":[{"count":1,"href":"https:\/\/www.arovite.com\/en\/wp-json\/wp\/v2\/pages\/4382\/revisions"}],"predecessor-version":[{"id":5537,"href":"https:\/\/www.arovite.com\/en\/wp-json\/wp\/v2\/pages\/4382\/revisions\/5537"}],"wp:attachment":[{"href":"https:\/\/www.arovite.com\/en\/wp-json\/wp\/v2\/media?parent=4382"}],"curies":[{"name":"wp","href":"https:\/\/api.w.org\/{rel}","templated":true}]}}