{"id":4342,"date":"2015-11-30T11:03:05","date_gmt":"2015-11-30T11:03:05","guid":{"rendered":"http:\/\/www.arovite.com\/tirapu-ainara-y-vilabrille-manu-coords-2014-2\/"},"modified":"2015-11-30T11:03:05","modified_gmt":"2015-11-30T11:03:05","slug":"tirapu-ainara-y-vilabrille-manu-coords-2014","status":"publish","type":"page","link":"https:\/\/www.arovite.com\/en\/tirapu-ainara-y-vilabrille-manu-coords-2014\/","title":{"rendered":"TIRAPU, Ainara y VILABRILLE, Manu (coords.) (2014)"},"content":{"rendered":"<div class=\"wpb-content-wrapper\"><p>[vc_row][vc_column width=&#8221;1\/1&#8243;][vc_column_text][vc_empty_space height=&#8221;20&#8243;]<br \/>\n<strong>Referencia bibliogr\u00e1fica<\/strong><br \/>\nTIRAPU, Ainara y VILABRILLE, Manu (coords.) (2014): <em>Foro social para impulsar el proceso de paz<\/em>. Lokarri.<\/p>\n<p><a class=\"button blue  medium \" href=\"http:\/\/issuu.com\/lokarri\/docs\/libro_foro_social\" target=\"_blank\">Consultar PDF<\/a>[vc_empty_space height=&#8221;10&#8243;]<br \/>\n<strong>Resumen<\/strong><br \/>\nMediante este libro ponemos a disposici\u00f3n de toda la ciudadan\u00eda lo sucedido a lo largo de este a\u00f1o, dando especial relevancia a lo expuesto en el Foro Social. Por ello, las ponencias de las personas expertas internacionales conforman el grueso de esta publicaci\u00f3n. Adem\u00e1s, la publicaci\u00f3n recoge los antecedentes, desarrollo y valoraci\u00f3n del Foro Social, as\u00ed como las Recomendaciones y el recorrido realizado. Con esta publicaci\u00f3n queremos seguir avanzando en el proceso de paz, contribuir a su consolidaci\u00f3n y fomentar el debate sobre las cuestiones recogidas en el Foro Social.<br \/>\n[vc_empty_space height=&#8221;10&#8243;]<br \/>\n<strong>Autor<\/strong><br \/>\nAinara Tirapu.<br \/>\nManu Vilabrille.<br \/>\n[vc_empty_space height=&#8221;10&#8243;]<br \/>\n<strong>Tipo de documento<\/strong><br \/>\nLibro<br \/>\n[vc_empty_space height=&#8221;10&#8243;]<br \/>\n<a title=\"Enlace alternativo\" href=\"http:\/\/www.lokarri.org\/files\/File\/PDF\/LIBRO%20FORO%20CAST%20DEF_Maquetaci%F3n%201.pdf\" target=\"_blank\"><strong>Enlace alternativo.<\/strong><\/a><br \/>\n[\/vc_column_text][\/vc_column][\/vc_row]<\/p>\n<\/div>","protected":false},"excerpt":{"rendered":"<p>[vc_row][vc_column width=&#8221;1\/1&#8243;][vc_column_text][vc_empty_space height=&#8221;20&#8243;] Referencia bibliogr\u00e1fica TIRAPU, Ainara y VILABRILLE, Manu (coords.) (2014): Foro social para impulsar el proceso de paz. Lokarri. Consultar PDF[vc_empty_space height=&#8221;10&#8243;] Resumen Mediante este libro ponemos a&hellip;<\/p>\n","protected":false},"author":1,"featured_media":0,"parent":0,"menu_order":0,"comment_status":"open","ping_status":"open","template":"","meta":{"om_disable_all_campaigns":false,"_monsterinsights_skip_tracking":false,"_monsterinsights_sitenote_active":false,"_monsterinsights_sitenote_note":"","_monsterinsights_sitenote_category":0,"_uf_show_specific_survey":0,"_uf_disable_surveys":false,"_vp_format_video_url":"","_vp_image_focal_point":[],"_vp_custom_popup_image":0,"_vp_format_audio_url":"","_vp_custom_thumbnail":0,"_vp_custom_thumbnail_focal_point":[],"_vp_hover_thumbnail":0,"_vp_hover_thumbnail_focal_point":[],"footnotes":""},"class_list":["post-4342","page","type-page","status-publish","hentry"],"aioseo_notices":[],"_links":{"self":[{"href":"https:\/\/www.arovite.com\/en\/wp-json\/wp\/v2\/pages\/4342","targetHints":{"allow":["GET"]}}],"collection":[{"href":"https:\/\/www.arovite.com\/en\/wp-json\/wp\/v2\/pages"}],"about":[{"href":"https:\/\/www.arovite.com\/en\/wp-json\/wp\/v2\/types\/page"}],"author":[{"embeddable":true,"href":"https:\/\/www.arovite.com\/en\/wp-json\/wp\/v2\/users\/1"}],"replies":[{"embeddable":true,"href":"https:\/\/www.arovite.com\/en\/wp-json\/wp\/v2\/comments?post=4342"}],"version-history":[{"count":0,"href":"https:\/\/www.arovite.com\/en\/wp-json\/wp\/v2\/pages\/4342\/revisions"}],"wp:attachment":[{"href":"https:\/\/www.arovite.com\/en\/wp-json\/wp\/v2\/media?parent=4342"}],"curies":[{"name":"wp","href":"https:\/\/api.w.org\/{rel}","templated":true}]}}