{"id":4339,"date":"2015-11-30T11:01:41","date_gmt":"2015-11-30T11:01:41","guid":{"rendered":"http:\/\/www.arovite.com\/azurmendi-mikel-1994-2\/"},"modified":"2025-10-05T08:30:09","modified_gmt":"2025-10-05T08:30:09","slug":"azurmendi-mikel-1994","status":"publish","type":"page","link":"https:\/\/www.arovite.com\/en\/azurmendi-mikel-1994\/","title":{"rendered":"AZURMENDI, Mikel (1994)"},"content":{"rendered":"<div class=\"wpb-content-wrapper\"><p>[vc_row][vc_column width=&#8221;1\/1&#8243;][vc_column_text][vc_empty_space height=&#8221;20&#8243;]<br \/>\n<strong>Referencia bibliogr\u00e1fica<\/strong><br \/>\nAZURMENDI, Mikel (1994): \u00abEtnicidad y violencia en el suelo vasco\u00bb, <em>Claves de Raz\u00f3n Pr\u00e1ctica<\/em>, n\u00ba 43, pp. 28-43.<\/p>\n<p><a class=\"button blue  medium \" href=\"https:\/\/ruc.udc.es\/dspace\/handle\/2183\/9321\" target=\"_blank\">Consultar PDF<\/a>[vc_empty_space height=&#8221;10&#8243;]<br \/>\n<strong>Resumen<\/strong><br \/>\nEn suelo vasco ha habido muchas identidades vascas. De entrada, hablar de \u00absuelo vasco\u00bb es ya una opci\u00f3n identitaria, pues es un punto de vista narrativo que evita reificar el proceso vital y experiencia! de cuantos a trav\u00e9s de los tiempos nos hemos ido reconociendo como vascos. Se trata de una perspectiva que revisa las nociones de identidad vasca de buena parte de historiadores, etn\u00f3logos y antrop\u00f3logos que han hablado o siguen hablando de \u00abetnia\u00bb y \u00abetnicidad\u00bb vascas consider\u00e1ndolas como una entidad ontol\u00f3gica con contenidos fijos e inmutables (tales como ciertos rasgos biol\u00f3gicos, lengua, costumbres, instituciones, etc.) que posibilitar\u00edan al humano de aqu\u00ed ser un vasco, concebido siempre como no-espa\u00f1ol o en abierta lucha con lo espa\u00f1ol. En cambio, referirnos al \u00absuelo vasco\u00bb s\u00f3lo supone denotar un determinado lugar de existencia, y con ello estar\u00edamos mostrando las coordenadas esenciales de la cultura vasca; a saber, desde el s. XVI al XIX, un ligamen imaginario (\u00e9tico, est\u00e9tico y pol\u00edtico) entre un determinado lugar, una casa y un morador, atados con un mismo y \u00fanico nombre, promoviendo unas disposiciones comunitarias en los sujetos con vistas a que sus intereses personales fuesen siempre los del conjunto del solar; y durante el s. XX, un at\u00edpico lugar en el mundo donde de manera repetida y obsesiva se asiste a una articulaci\u00f3n discursiva sobre qu\u00e9 constituye eso que nos hace ser vascos, iguales a nosotros mismos pero diferentes a los dem\u00e1s, y con qu\u00e9 programa de actuaci\u00f3n lograremos ser cualitativamente m\u00e1s vascos.<br \/>\n[vc_empty_space height=&#8221;10&#8243;]<br \/>\n<strong>Autor<\/strong><br \/>\nMikel Azurmendi. <a title=\"Dialnet\" href=\"http:\/\/dialnet.unirioja.es\/servlet\/autor?codigo=102454\" target=\"_blank\">P\u00e1gina del autor en Dialnet.<\/a><br \/>\n[vc_empty_space height=&#8221;10&#8243;]<br \/>\n<strong>Tipo de documento<\/strong><br \/>\nArt\u00edculo<br \/>\n[vc_empty_space height=&#8221;10&#8243;][\/vc_column_text][\/vc_column][\/vc_row]<\/p>\n<\/div>","protected":false},"excerpt":{"rendered":"<p>[vc_row][vc_column width=&#8221;1\/1&#8243;][vc_column_text][vc_empty_space height=&#8221;20&#8243;] Referencia bibliogr\u00e1fica AZURMENDI, Mikel (1994): \u00abEtnicidad y violencia en el suelo vasco\u00bb, Claves de Raz\u00f3n Pr\u00e1ctica, n\u00ba 43, pp. 28-43. Consultar PDF[vc_empty_space height=&#8221;10&#8243;] Resumen En suelo vasco&hellip;<\/p>\n","protected":false},"author":2,"featured_media":0,"parent":0,"menu_order":0,"comment_status":"open","ping_status":"open","template":"","meta":{"om_disable_all_campaigns":false,"_monsterinsights_skip_tracking":false,"_monsterinsights_sitenote_active":false,"_monsterinsights_sitenote_note":"","_monsterinsights_sitenote_category":0,"_uf_show_specific_survey":0,"_uf_disable_surveys":false,"_vp_format_video_url":"","_vp_image_focal_point":[],"_vp_custom_popup_image":0,"_vp_format_audio_url":"","_vp_custom_thumbnail":0,"_vp_custom_thumbnail_focal_point":[],"_vp_hover_thumbnail":0,"_vp_hover_thumbnail_focal_point":[],"footnotes":""},"class_list":["post-4339","page","type-page","status-publish","hentry"],"aioseo_notices":[],"_links":{"self":[{"href":"https:\/\/www.arovite.com\/en\/wp-json\/wp\/v2\/pages\/4339","targetHints":{"allow":["GET"]}}],"collection":[{"href":"https:\/\/www.arovite.com\/en\/wp-json\/wp\/v2\/pages"}],"about":[{"href":"https:\/\/www.arovite.com\/en\/wp-json\/wp\/v2\/types\/page"}],"author":[{"embeddable":true,"href":"https:\/\/www.arovite.com\/en\/wp-json\/wp\/v2\/users\/2"}],"replies":[{"embeddable":true,"href":"https:\/\/www.arovite.com\/en\/wp-json\/wp\/v2\/comments?post=4339"}],"version-history":[{"count":1,"href":"https:\/\/www.arovite.com\/en\/wp-json\/wp\/v2\/pages\/4339\/revisions"}],"predecessor-version":[{"id":24685,"href":"https:\/\/www.arovite.com\/en\/wp-json\/wp\/v2\/pages\/4339\/revisions\/24685"}],"wp:attachment":[{"href":"https:\/\/www.arovite.com\/en\/wp-json\/wp\/v2\/media?parent=4339"}],"curies":[{"name":"wp","href":"https:\/\/api.w.org\/{rel}","templated":true}]}}