{"id":4324,"date":"2015-11-30T10:58:15","date_gmt":"2015-11-30T10:58:15","guid":{"rendered":"http:\/\/www.arovite.com\/torres-henry-2010-2\/"},"modified":"2025-10-05T09:34:24","modified_gmt":"2025-10-05T09:34:24","slug":"torres-henry-2010","status":"publish","type":"page","link":"https:\/\/www.arovite.com\/en\/torres-henry-2010\/","title":{"rendered":"TORRES, Henry (2010)"},"content":{"rendered":"<div class=\"wpb-content-wrapper\"><p>[vc_row][vc_column width=&#8221;1\/1&#8243;][vc_column_text][vc_empty_space height=&#8221;20&#8243;]<br \/>\n<strong>Referencia bibliogr\u00e1fica<\/strong><br \/>\nTORRES, Henry (2010): \u00abEl concepto de terrorismo de Estado: una propuesta de Lege Ferenda\u00bb, <em>Revista Di\u00e1logos de Saberes<\/em>, n\u00ba 33, pp. 129-147.<\/p>\n<p><a class=\"button blue  medium \" href=\"https:\/\/dialnet.unirioja.es\/descarga\/articulo\/3618445.pdf\" target=\"_blank\">Consultar PDF<\/a>[vc_empty_space height=&#8221;10&#8243;]<br \/>\n<strong>Resumen<\/strong><br \/>\nNo existe un solo terrorismo. En medio de cierta cosmovisi\u00f3n dogm\u00e1tica de brindar seguridad, sin importar los m\u00e9todos o los medios empleados, existen sistemas de gobiernos criminales que ejecutan m\u00faltiples actos de terror y de terrorismo2 y, sin embargo, no son estimados sus autores como terroristas. En este art\u00edculo se plantea que el principal problema se halla en la discusi\u00f3n doctrinaria y por supuesto legal en torno a s\u00ed efectiva y, legalmente una construcci\u00f3n te\u00f3rica como es el Estado, puede cometer delitos. De la misma manera se recogen diversos planteamientos sobre el terrorismo de Estado y se propone el mismo como Lege ferenda.<br \/>\n[vc_empty_space height=&#8221;10&#8243;]<br \/>\n<strong>Abstract<\/strong><br \/>\nThere is not a terrorist. In the midst of some dogmatic worldview provide security, regardless of methods or means used, there are government systems that run multiple criminal acts of terror and terrorism, however, are estimates perpetrators as terrorists. This article suggests that the main problem lies in the doctrinal discussion and of course on legal and legally effective and a theoretical construct such as the State can commit crimes. In the same manner set out various approaches to state terrorism and seeks the same as Lege Ferenda.<br \/>\n[vc_empty_space height=&#8221;10&#8243;]<br \/>\n<strong>Autor<\/strong><br \/>\nHenry Torres. <a title=\"Dialnet\" href=\"http:\/\/dialnet.unirioja.es\/servlet\/autor?codigo=2596117\" target=\"_blank\">P\u00e1gina del autor en Dialnet.<\/a><br \/>\n[vc_empty_space height=&#8221;10&#8243;]<br \/>\n<strong>Tipo de documento<\/strong><br \/>\nArt\u00edculo<br \/>\n[vc_empty_space height=&#8221;10&#8243;]<br \/>\n<a title=\"Enlace alternativo\" href=\"http:\/\/dialnet.unirioja.es\/servlet\/articulo?codigo=3618445\" target=\"_blank\"><strong>Enlace alternativo.<\/strong><\/a><br \/>\n[\/vc_column_text][\/vc_column][\/vc_row]<\/p>\n<\/div>","protected":false},"excerpt":{"rendered":"<p>[vc_row][vc_column width=&#8221;1\/1&#8243;][vc_column_text][vc_empty_space height=&#8221;20&#8243;] Referencia bibliogr\u00e1fica TORRES, Henry (2010): \u00abEl concepto de terrorismo de Estado: una propuesta de Lege Ferenda\u00bb, Revista Di\u00e1logos de Saberes, n\u00ba 33, pp. 129-147. Consultar PDF[vc_empty_space height=&#8221;10&#8243;]&hellip;<\/p>\n","protected":false},"author":1,"featured_media":0,"parent":0,"menu_order":0,"comment_status":"open","ping_status":"open","template":"","meta":{"om_disable_all_campaigns":false,"_monsterinsights_skip_tracking":false,"_monsterinsights_sitenote_active":false,"_monsterinsights_sitenote_note":"","_monsterinsights_sitenote_category":0,"_uf_show_specific_survey":0,"_uf_disable_surveys":false,"_vp_format_video_url":"","_vp_image_focal_point":[],"_vp_custom_popup_image":0,"_vp_format_audio_url":"","_vp_custom_thumbnail":0,"_vp_custom_thumbnail_focal_point":[],"_vp_hover_thumbnail":0,"_vp_hover_thumbnail_focal_point":[],"footnotes":""},"class_list":["post-4324","page","type-page","status-publish","hentry"],"aioseo_notices":[],"_links":{"self":[{"href":"https:\/\/www.arovite.com\/en\/wp-json\/wp\/v2\/pages\/4324","targetHints":{"allow":["GET"]}}],"collection":[{"href":"https:\/\/www.arovite.com\/en\/wp-json\/wp\/v2\/pages"}],"about":[{"href":"https:\/\/www.arovite.com\/en\/wp-json\/wp\/v2\/types\/page"}],"author":[{"embeddable":true,"href":"https:\/\/www.arovite.com\/en\/wp-json\/wp\/v2\/users\/1"}],"replies":[{"embeddable":true,"href":"https:\/\/www.arovite.com\/en\/wp-json\/wp\/v2\/comments?post=4324"}],"version-history":[{"count":3,"href":"https:\/\/www.arovite.com\/en\/wp-json\/wp\/v2\/pages\/4324\/revisions"}],"predecessor-version":[{"id":24781,"href":"https:\/\/www.arovite.com\/en\/wp-json\/wp\/v2\/pages\/4324\/revisions\/24781"}],"wp:attachment":[{"href":"https:\/\/www.arovite.com\/en\/wp-json\/wp\/v2\/media?parent=4324"}],"curies":[{"name":"wp","href":"https:\/\/api.w.org\/{rel}","templated":true}]}}