{"id":4322,"date":"2015-11-30T10:58:38","date_gmt":"2015-11-30T10:58:38","guid":{"rendered":"http:\/\/www.arovite.com\/audiencia-nacional-2013-2\/"},"modified":"2015-11-30T10:58:38","modified_gmt":"2015-11-30T10:58:38","slug":"audiencia-nacional-2013","status":"publish","type":"page","link":"https:\/\/www.arovite.com\/en\/audiencia-nacional-2013\/","title":{"rendered":"AUDIENCIA NACIONAL (2013)"},"content":{"rendered":"<div class=\"wpb-content-wrapper\"><p>[vc_row][vc_column width=&#8221;1\/1&#8243;][vc_column_text][vc_empty_space height=&#8221;20&#8243;]<br \/>\n<strong>Referencia bibliogr\u00e1fica<\/strong><br \/>\nAUDIENCIA NACIONAL (2013): <em>Balance definitivo sobre la informaci\u00f3n solicitada por v\u00edctimas del terrorismo en relaci\u00f3n con 349 atentados cometidos por la banda terrorista ETA<\/em>. Presidencia de la Audiencia Nacional, Oficina de Asistencia a V\u00edctimas del Terrorismo.<\/p>\n<p><a class=\"button blue  medium \" href=\"http:\/\/www.arovite.com\/documentos\/2013_Audiencia_Nacional.pdf\" target=\"_blank\">Consultar PDF<\/a>[vc_empty_space height=&#8221;10&#8243;]<br \/>\n<strong>Resumen<\/strong><br \/>\nEl d\u00eda 8 de junio de 2010 se celebr\u00f3 en la Presidencia de la Audiencia Nacional una reuni\u00f3n entre el Presidente de este Tribunal y varios colectivos de v\u00edctimas del terrorismo representados por D\u00f1a. Maite Pagazaurtund\u00faa Ruiz, Presidenta de la Fundaci\u00f3n de V\u00edctimas del Terrorismo, D\u00f1a. Cristina Cuesta Gorostidi, Presidenta de la Fundaci\u00f3n Miguel \u00c1ngel Blanco, y D\u00f1a. Carmen Ladr\u00f3n de Guevara Pascual, Presidenta de la Asociaci\u00f3n Dignidad y Justicia. Entre las reivindicaciones que expusieron los representantes de los colectivos de v\u00edctimas del terrorismo mencionados con anterioridad se encontraba, en lo que aqu\u00ed interesa, la necesidad de que se averiguase el estado de los procedimientos referidos a un gran n\u00famero de atentados (calculaban alrededor de 350) que, seg\u00fan sus palabras recogidas en el acta, hab\u00edan quedado \u201csin resolver\u201d.<br \/>\n[vc_empty_space height=&#8221;10&#8243;]<br \/>\n<strong>Tipo de documento<\/strong><br \/>\nInforme<br \/>\n[vc_empty_space height=&#8221;10&#8243;][\/vc_column_text][\/vc_column][\/vc_row]<\/p>\n<\/div>","protected":false},"excerpt":{"rendered":"<p>[vc_row][vc_column width=&#8221;1\/1&#8243;][vc_column_text][vc_empty_space height=&#8221;20&#8243;] Referencia bibliogr\u00e1fica AUDIENCIA NACIONAL (2013): Balance definitivo sobre la informaci\u00f3n solicitada por v\u00edctimas del terrorismo en relaci\u00f3n con 349 atentados cometidos por la banda terrorista ETA. Presidencia&hellip;<\/p>\n","protected":false},"author":2,"featured_media":0,"parent":0,"menu_order":0,"comment_status":"open","ping_status":"open","template":"","meta":{"om_disable_all_campaigns":false,"_monsterinsights_skip_tracking":false,"_monsterinsights_sitenote_active":false,"_monsterinsights_sitenote_note":"","_monsterinsights_sitenote_category":0,"_uf_show_specific_survey":0,"_uf_disable_surveys":false,"_vp_format_video_url":"","_vp_image_focal_point":[],"_vp_custom_popup_image":0,"_vp_format_audio_url":"","_vp_custom_thumbnail":0,"_vp_custom_thumbnail_focal_point":[],"_vp_hover_thumbnail":0,"_vp_hover_thumbnail_focal_point":[],"footnotes":""},"class_list":["post-4322","page","type-page","status-publish","hentry"],"aioseo_notices":[],"_links":{"self":[{"href":"https:\/\/www.arovite.com\/en\/wp-json\/wp\/v2\/pages\/4322","targetHints":{"allow":["GET"]}}],"collection":[{"href":"https:\/\/www.arovite.com\/en\/wp-json\/wp\/v2\/pages"}],"about":[{"href":"https:\/\/www.arovite.com\/en\/wp-json\/wp\/v2\/types\/page"}],"author":[{"embeddable":true,"href":"https:\/\/www.arovite.com\/en\/wp-json\/wp\/v2\/users\/2"}],"replies":[{"embeddable":true,"href":"https:\/\/www.arovite.com\/en\/wp-json\/wp\/v2\/comments?post=4322"}],"version-history":[{"count":0,"href":"https:\/\/www.arovite.com\/en\/wp-json\/wp\/v2\/pages\/4322\/revisions"}],"wp:attachment":[{"href":"https:\/\/www.arovite.com\/en\/wp-json\/wp\/v2\/media?parent=4322"}],"curies":[{"name":"wp","href":"https:\/\/api.w.org\/{rel}","templated":true}]}}