{"id":4268,"date":"2015-11-30T10:36:00","date_gmt":"2015-11-30T10:36:00","guid":{"rendered":"http:\/\/www.arovite.com\/argituz-2012-2\/"},"modified":"2025-10-05T08:28:13","modified_gmt":"2025-10-05T08:28:13","slug":"argituz-2012","status":"publish","type":"page","link":"https:\/\/www.arovite.com\/en\/argituz-2012\/","title":{"rendered":"ARGITUZ (2012)"},"content":{"rendered":"<div class=\"wpb-content-wrapper\"><p>[vc_row][vc_column width=&#8221;1\/1&#8243;][vc_column_text][vc_empty_space height=&#8221;20&#8243;]<br \/>\n<strong>Referencia bibliogr\u00e1fica<\/strong><br \/>\nARGITUZ (2012): <em>Mapa (incompleto) de conculcaciones del derecho a la vida y a la integridad f\u00edsica y ps\u00edquica en relaci\u00f3n a la violencia de motivaci\u00f3n pol\u00edtic<\/em>a. Argituz.<\/p>\n<p><a class=\"button blue  medium \" href=\"https:\/\/drive.google.com\/file\/d\/11rEU7VoIqiaUEQ42nWdZ2imRGg0FZc-w\/view\" target=\"_blank\">Consultar PDF<\/a>[vc_empty_space height=&#8221;10&#8243;]<br \/>\n<strong>Resumen<\/strong><br \/>\nPeriodo que aqu\u00ed se desarrolla: 1968 a 2011 (con la excepci\u00f3n del atentado del Directorio Revolucionario Ib\u00e9rico de Liberaci\u00f3n (DRIL) de 1960). Destaca entre lo m\u00e1s apremiante conocer el paradero de las seis personas a\u00fan desaparecidas: Jos\u00e9 Humberto Fouz Escobedo, Jorge Juan Garc\u00eda Carneiro, Fernando Quiroga Veiga, Eduardo Moreno Bergaretxe, Jos\u00e9 Miguel Etxeberria \u00c1lvarez y Jean Louis Larre.<br \/>\n[vc_empty_space height=&#8221;10&#8243;]<br \/>\n<strong>Tipo de documento<\/strong><br \/>\nInforme<br \/>\n[vc_empty_space height=&#8221;10&#8243;]<br \/>\n[\/vc_column_text][\/vc_column][\/vc_row]<\/p>\n<\/div>","protected":false},"excerpt":{"rendered":"<p>[vc_row][vc_column width=&#8221;1\/1&#8243;][vc_column_text][vc_empty_space height=&#8221;20&#8243;] Referencia bibliogr\u00e1fica ARGITUZ (2012): Mapa (incompleto) de conculcaciones del derecho a la vida y a la integridad f\u00edsica y ps\u00edquica en relaci\u00f3n a la violencia de motivaci\u00f3n&hellip;<\/p>\n","protected":false},"author":2,"featured_media":0,"parent":0,"menu_order":0,"comment_status":"open","ping_status":"open","template":"","meta":{"om_disable_all_campaigns":false,"_monsterinsights_skip_tracking":false,"_monsterinsights_sitenote_active":false,"_monsterinsights_sitenote_note":"","_monsterinsights_sitenote_category":0,"_uf_show_specific_survey":0,"_uf_disable_surveys":false,"_vp_format_video_url":"","_vp_image_focal_point":[],"_vp_custom_popup_image":0,"_vp_format_audio_url":"","_vp_custom_thumbnail":0,"_vp_custom_thumbnail_focal_point":[],"_vp_hover_thumbnail":0,"_vp_hover_thumbnail_focal_point":[],"footnotes":""},"class_list":["post-4268","page","type-page","status-publish","hentry"],"aioseo_notices":[],"_links":{"self":[{"href":"https:\/\/www.arovite.com\/en\/wp-json\/wp\/v2\/pages\/4268","targetHints":{"allow":["GET"]}}],"collection":[{"href":"https:\/\/www.arovite.com\/en\/wp-json\/wp\/v2\/pages"}],"about":[{"href":"https:\/\/www.arovite.com\/en\/wp-json\/wp\/v2\/types\/page"}],"author":[{"embeddable":true,"href":"https:\/\/www.arovite.com\/en\/wp-json\/wp\/v2\/users\/2"}],"replies":[{"embeddable":true,"href":"https:\/\/www.arovite.com\/en\/wp-json\/wp\/v2\/comments?post=4268"}],"version-history":[{"count":1,"href":"https:\/\/www.arovite.com\/en\/wp-json\/wp\/v2\/pages\/4268\/revisions"}],"predecessor-version":[{"id":24680,"href":"https:\/\/www.arovite.com\/en\/wp-json\/wp\/v2\/pages\/4268\/revisions\/24680"}],"wp:attachment":[{"href":"https:\/\/www.arovite.com\/en\/wp-json\/wp\/v2\/media?parent=4268"}],"curies":[{"name":"wp","href":"https:\/\/api.w.org\/{rel}","templated":true}]}}