{"id":4258,"date":"2015-11-30T10:32:38","date_gmt":"2015-11-30T10:32:38","guid":{"rendered":"http:\/\/www.arovite.com\/argituz-2011-2\/"},"modified":"2025-10-05T08:27:27","modified_gmt":"2025-10-05T08:27:27","slug":"argituz-2011","status":"publish","type":"page","link":"https:\/\/www.arovite.com\/en\/argituz-2011\/","title":{"rendered":"ARGITUZ (2011)"},"content":{"rendered":"<div class=\"wpb-content-wrapper\"><p>[vc_row][vc_column width=&#8221;1\/1&#8243;][vc_column_text][vc_empty_space height=&#8221;20&#8243;]<br \/>\n<strong>Referencia bibliogr\u00e1fica<\/strong><br \/>\nARGITUZ (2011): <em>El largo camino hacia una pol\u00edtica p\u00fablica de v\u00edctimas incluyente y respetuosa con todas las v\u00edctimas<\/em>. Argituz.<\/p>\n<p><a class=\"button blue  medium \" href=\"https:\/\/drive.google.com\/file\/d\/19bvOFMaeQa4k6g644VOEcZdWOjKhVbv5\/view\" target=\"_blank\">Consultar PDF<\/a>[vc_empty_space height=&#8221;10&#8243;]<br \/>\n<strong>Resumen<\/strong><br \/>\nEl largo camino iniciado hace al menos 10 a\u00f1os respecto a una pol\u00edtica de reconocimiento hacia las v\u00edctimas de la violencia, el terrorismo y las violaciones de derechos humanos se encuentra en la actualidad en una encrucijada, tomando en cuenta nuevas iniciativas que pueden contribuir a una reconstrucci\u00f3n de relaciones sociales fracturadas y el reconocimiento de los derechos de las v\u00edctimas que no han sido tenidas en cuenta hasta la actualidad, desde una perspectiva global. Todo ello es parte no s\u00f3lo de una deuda hist\u00f3rica, sino tambi\u00e9n una contribuci\u00f3n al desarrollo de una empat\u00eda, reconocimiento social y apoyo como parte de las pol\u00edticas de reconstrucci\u00f3n del tejido social en el caso del Pa\u00eds Vasco.<br \/>\n[vc_empty_space height=&#8221;10&#8243;]<br \/>\n<strong>Tipo de documento<\/strong><br \/>\nInforme<br \/>\n[vc_empty_space height=&#8221;10&#8243;]<br \/>\n[\/vc_column_text][\/vc_column][\/vc_row]<\/p>\n<\/div>","protected":false},"excerpt":{"rendered":"<p>[vc_row][vc_column width=&#8221;1\/1&#8243;][vc_column_text][vc_empty_space height=&#8221;20&#8243;] Referencia bibliogr\u00e1fica ARGITUZ (2011): El largo camino hacia una pol\u00edtica p\u00fablica de v\u00edctimas incluyente y respetuosa con todas las v\u00edctimas. Argituz. Consultar PDF[vc_empty_space height=&#8221;10&#8243;] Resumen El largo&hellip;<\/p>\n","protected":false},"author":2,"featured_media":0,"parent":0,"menu_order":0,"comment_status":"open","ping_status":"open","template":"","meta":{"om_disable_all_campaigns":false,"_monsterinsights_skip_tracking":false,"_monsterinsights_sitenote_active":false,"_monsterinsights_sitenote_note":"","_monsterinsights_sitenote_category":0,"_uf_show_specific_survey":0,"_uf_disable_surveys":false,"_vp_format_video_url":"","_vp_image_focal_point":[],"_vp_custom_popup_image":0,"_vp_format_audio_url":"","_vp_custom_thumbnail":0,"_vp_custom_thumbnail_focal_point":[],"_vp_hover_thumbnail":0,"_vp_hover_thumbnail_focal_point":[],"footnotes":""},"class_list":["post-4258","page","type-page","status-publish","hentry"],"aioseo_notices":[],"_links":{"self":[{"href":"https:\/\/www.arovite.com\/en\/wp-json\/wp\/v2\/pages\/4258","targetHints":{"allow":["GET"]}}],"collection":[{"href":"https:\/\/www.arovite.com\/en\/wp-json\/wp\/v2\/pages"}],"about":[{"href":"https:\/\/www.arovite.com\/en\/wp-json\/wp\/v2\/types\/page"}],"author":[{"embeddable":true,"href":"https:\/\/www.arovite.com\/en\/wp-json\/wp\/v2\/users\/2"}],"replies":[{"embeddable":true,"href":"https:\/\/www.arovite.com\/en\/wp-json\/wp\/v2\/comments?post=4258"}],"version-history":[{"count":1,"href":"https:\/\/www.arovite.com\/en\/wp-json\/wp\/v2\/pages\/4258\/revisions"}],"predecessor-version":[{"id":24679,"href":"https:\/\/www.arovite.com\/en\/wp-json\/wp\/v2\/pages\/4258\/revisions\/24679"}],"wp:attachment":[{"href":"https:\/\/www.arovite.com\/en\/wp-json\/wp\/v2\/media?parent=4258"}],"curies":[{"name":"wp","href":"https:\/\/api.w.org\/{rel}","templated":true}]}}