{"id":4254,"date":"2015-11-30T10:30:27","date_gmt":"2015-11-30T10:30:27","guid":{"rendered":"http:\/\/www.arovite.com\/veres-luis-2011-2\/"},"modified":"2015-11-30T10:30:27","modified_gmt":"2015-11-30T10:30:27","slug":"veres-luis-2011","status":"publish","type":"page","link":"https:\/\/www.arovite.com\/en\/veres-luis-2011\/","title":{"rendered":"VERES, Luis (2011)"},"content":{"rendered":"<div class=\"wpb-content-wrapper\"><p>[vc_row][vc_column width=&#8221;1\/1&#8243;][vc_column_text][vc_empty_space height=&#8221;20&#8243;]<br \/>\n<strong>Referencia bibliogr\u00e1fica<\/strong><br \/>\nVERES, Luis (2011): \u00abIconos, terrorismo y comunicaci\u00f3n\u00bb, <em>El Argonauta Espa\u00f1ol<\/em>, n\u00ba 8.<\/p>\n<p><a class=\"button blue  medium \" href=\"http:\/\/argonauta.revues.org\/223\" target=\"_blank\">Consultar PDF<\/a>[vc_empty_space height=&#8221;10&#8243;]<br \/>\n<strong>Resumen<\/strong><br \/>\nCon frecuencia se habla de una especie de simbiosis entre los medios de comunicaci\u00f3n y el terrorismo. Mientras que los medios obtienen la informaci\u00f3n que desean y el espect\u00e1culo medi\u00e1tico que exige la audiencia, los terroristas se aprovechan del eco que tanto ans\u00edan. Por ese motivo uno de los factores claves en este tipo de informaciones es la cuesti\u00f3n iconogr\u00e1fica que incluye tanto fotograf\u00edas en prensa como las im\u00e1genes retransmitidas en televisi\u00f3n. Este trabajo trata de reflexionar sobre algunos ejemplos que incluyen im\u00e1genes de miembros de grupos terroristas como ETA.<br \/>\n[vc_empty_space height=&#8221;10&#8243;]<br \/>\n<strong>Abstract<\/strong><br \/>\nSome kind of symbiosis between media and terrorism is often mentioned. Media get the information and produce the show that the audience requires, terrorists benefiting this way from the echo, which they look forward. Because of this, the key factor in this kind of communication is iconography, pictures in newspapers and magazines, and television images. This paper provides a reflection on this issue, using various examples, among which images of members of terrorist groups like ETA.<br \/>\n[vc_empty_space height=&#8221;10&#8243;]<br \/>\n<strong>Autor<\/strong><br \/>\nLuis Veres. <a title=\"Dialnet\" href=\"http:\/\/dialnet.unirioja.es\/servlet\/autor?codigo=225463\" target=\"_blank\">P\u00e1gina del autor en Dialnet.<\/a><br \/>\n[vc_empty_space height=&#8221;10&#8243;]<br \/>\n<strong>Tipo de documento<\/strong><br \/>\nArt\u00edculo<br \/>\n[vc_empty_space height=&#8221;10&#8243;]<br \/>\n<a title=\"Enlace alternativo\" href=\"http:\/\/dialnet.unirioja.es\/servlet\/articulo?codigo=5029182\" target=\"_blank\"><strong>Enlace alternativo.<\/strong><\/a><br \/>\n[\/vc_column_text][\/vc_column][\/vc_row]<\/p>\n<\/div>","protected":false},"excerpt":{"rendered":"<p>[vc_row][vc_column width=&#8221;1\/1&#8243;][vc_column_text][vc_empty_space height=&#8221;20&#8243;] Referencia bibliogr\u00e1fica VERES, Luis (2011): \u00abIconos, terrorismo y comunicaci\u00f3n\u00bb, El Argonauta Espa\u00f1ol, n\u00ba 8. Consultar PDF[vc_empty_space height=&#8221;10&#8243;] Resumen Con frecuencia se habla de una especie de simbiosis&hellip;<\/p>\n","protected":false},"author":1,"featured_media":0,"parent":0,"menu_order":0,"comment_status":"open","ping_status":"open","template":"","meta":{"om_disable_all_campaigns":false,"_monsterinsights_skip_tracking":false,"_monsterinsights_sitenote_active":false,"_monsterinsights_sitenote_note":"","_monsterinsights_sitenote_category":0,"_uf_show_specific_survey":0,"_uf_disable_surveys":false,"_vp_format_video_url":"","_vp_image_focal_point":[],"_vp_custom_popup_image":0,"_vp_format_audio_url":"","_vp_custom_thumbnail":0,"_vp_custom_thumbnail_focal_point":[],"_vp_hover_thumbnail":0,"_vp_hover_thumbnail_focal_point":[],"footnotes":""},"class_list":["post-4254","page","type-page","status-publish","hentry"],"aioseo_notices":[],"_links":{"self":[{"href":"https:\/\/www.arovite.com\/en\/wp-json\/wp\/v2\/pages\/4254","targetHints":{"allow":["GET"]}}],"collection":[{"href":"https:\/\/www.arovite.com\/en\/wp-json\/wp\/v2\/pages"}],"about":[{"href":"https:\/\/www.arovite.com\/en\/wp-json\/wp\/v2\/types\/page"}],"author":[{"embeddable":true,"href":"https:\/\/www.arovite.com\/en\/wp-json\/wp\/v2\/users\/1"}],"replies":[{"embeddable":true,"href":"https:\/\/www.arovite.com\/en\/wp-json\/wp\/v2\/comments?post=4254"}],"version-history":[{"count":0,"href":"https:\/\/www.arovite.com\/en\/wp-json\/wp\/v2\/pages\/4254\/revisions"}],"wp:attachment":[{"href":"https:\/\/www.arovite.com\/en\/wp-json\/wp\/v2\/media?parent=4254"}],"curies":[{"name":"wp","href":"https:\/\/api.w.org\/{rel}","templated":true}]}}