{"id":4216,"date":"2015-11-30T10:16:00","date_gmt":"2015-11-30T10:16:00","guid":{"rendered":"http:\/\/www.arovite.com\/pablo-santiago-de-2005-2\/"},"modified":"2025-10-05T09:25:17","modified_gmt":"2025-10-05T09:25:17","slug":"pablo-santiago-de-2005","status":"publish","type":"page","link":"https:\/\/www.arovite.com\/en\/pablo-santiago-de-2005\/","title":{"rendered":"PABLO, Santiago de (2005)"},"content":{"rendered":"<div class=\"wpb-content-wrapper\"><p>[vc_row][vc_column width=&#8221;1\/1&#8243;][vc_column_text][vc_empty_space height=&#8221;20&#8243;]<br \/>\n<strong>Referencia bibliogr\u00e1fica<\/strong><br \/>\nPABLO, Santiago de (2005): \u00abSilencio roto (solo en parte). El franquismo y la transici\u00f3n en la historiograf\u00eda vasco-navarra\u00bb, <em>Vasconia<\/em>, n\u00ba 34, pp. 383-406.<\/p>\n<p><a class=\"button blue  medium \" href=\"https:\/\/ojs.eusko-ikaskuntza.eus\/index.php\/vasconia\/article\/view\/284\/280\" target=\"_blank\">Consultar PDF<\/a>[vc_empty_space height=&#8221;10&#8243;]<br \/>\n<strong>Resumen<\/strong><br \/>\nAunque se han publicado obras interesantes, la historiograf\u00eda sobre la dictadura franquista y la transici\u00f3n democr\u00e1tica en el Pa\u00eds Vasco ha avanzado relativamente poco en las \u00faltimas d\u00e9cadas, en comparaci\u00f3n con otras comunidades. Navarra cuenta con una historiograf\u00eda algo m\u00e1s completa sobre estas \u00e9pocas, pero en ambos casos son necesarias nuevas investigaciones monogr\u00e1ficas, especialmente sobre aspectos internos del r\u00e9gimen franquista y sobre la transici\u00f3n.<br \/>\n[vc_empty_space height=&#8221;10&#8243;]<br \/>\n<strong>Laburpena<\/strong><br \/>\nDiktadura frankistari eta Euskadiko transizio demokratikoari buruzko historiografiak, obra interesgarriak argitaratu badira ere, aski gutxi aurreratu du azken hamarkadetan, beste zenbait erkidegotan egindakoarekin konparatuz gero. Osatuxeagoa ageri da garai horiei buruzko Nafarroako historiografia, baina kasu biotan beharrezkoak dira ikerlan monografiko berriak, bereziki erregimen frankistaren eta transizioaren barne alderdien ingurukoak.<br \/>\n[vc_empty_space height=&#8221;10&#8243;]<br \/>\n<strong>Autor<\/strong><br \/>\nSantiago de Pablo. <a title=\"Dialnet\" href=\"http:\/\/dialnet.unirioja.es\/servlet\/autor?codigo=620836\" target=\"_blank\">P\u00e1gina del autor en Dialnet.<\/a><br \/>\n[vc_empty_space height=&#8221;10&#8243;]<br \/>\n<strong>Tipo de documento<\/strong><br \/>\nArt\u00edculo<br \/>\n[vc_empty_space height=&#8221;10&#8243;]<br \/>\n<a title=\"Enlace alternativo\" href=\"https:\/\/www.researchgate.net\/publication\/29822857_Silencio_roto_(slo_en_parte)._El_franquismo_y_la_transicin_en_la_historiografa_vasco-navarra\" target=\"_blank\"><strong>Enlace alternativo.<\/strong><\/a><br \/>\n[\/vc_column_text][\/vc_column][\/vc_row]<\/p>\n<\/div>","protected":false},"excerpt":{"rendered":"<p>[vc_row][vc_column width=&#8221;1\/1&#8243;][vc_column_text][vc_empty_space height=&#8221;20&#8243;] Referencia bibliogr\u00e1fica PABLO, Santiago de (2005): \u00abSilencio roto (solo en parte). El franquismo y la transici\u00f3n en la historiograf\u00eda vasco-navarra\u00bb, Vasconia, n\u00ba 34, pp. 383-406. Consultar PDF[vc_empty_space&hellip;<\/p>\n","protected":false},"author":1,"featured_media":0,"parent":0,"menu_order":0,"comment_status":"open","ping_status":"open","template":"","meta":{"om_disable_all_campaigns":false,"_monsterinsights_skip_tracking":false,"_monsterinsights_sitenote_active":false,"_monsterinsights_sitenote_note":"","_monsterinsights_sitenote_category":0,"_uf_show_specific_survey":0,"_uf_disable_surveys":false,"_vp_format_video_url":"","_vp_image_focal_point":[],"_vp_custom_popup_image":0,"_vp_format_audio_url":"","_vp_custom_thumbnail":0,"_vp_custom_thumbnail_focal_point":[],"_vp_hover_thumbnail":0,"_vp_hover_thumbnail_focal_point":[],"footnotes":""},"class_list":["post-4216","page","type-page","status-publish","hentry"],"aioseo_notices":[],"_links":{"self":[{"href":"https:\/\/www.arovite.com\/en\/wp-json\/wp\/v2\/pages\/4216","targetHints":{"allow":["GET"]}}],"collection":[{"href":"https:\/\/www.arovite.com\/en\/wp-json\/wp\/v2\/pages"}],"about":[{"href":"https:\/\/www.arovite.com\/en\/wp-json\/wp\/v2\/types\/page"}],"author":[{"embeddable":true,"href":"https:\/\/www.arovite.com\/en\/wp-json\/wp\/v2\/users\/1"}],"replies":[{"embeddable":true,"href":"https:\/\/www.arovite.com\/en\/wp-json\/wp\/v2\/comments?post=4216"}],"version-history":[{"count":2,"href":"https:\/\/www.arovite.com\/en\/wp-json\/wp\/v2\/pages\/4216\/revisions"}],"predecessor-version":[{"id":24766,"href":"https:\/\/www.arovite.com\/en\/wp-json\/wp\/v2\/pages\/4216\/revisions\/24766"}],"wp:attachment":[{"href":"https:\/\/www.arovite.com\/en\/wp-json\/wp\/v2\/media?parent=4216"}],"curies":[{"name":"wp","href":"https:\/\/api.w.org\/{rel}","templated":true}]}}