{"id":4122,"date":"2015-11-30T09:12:17","date_gmt":"2015-11-30T09:12:17","guid":{"rendered":"http:\/\/www.arovite.com\/pablo-santiago-de-1998-2\/"},"modified":"2015-12-30T12:20:40","modified_gmt":"2015-12-30T12:20:40","slug":"pablo-santiago-de-1998","status":"publish","type":"page","link":"https:\/\/www.arovite.com\/en\/pablo-santiago-de-1998\/","title":{"rendered":"PABLO, Santiago de (1998)"},"content":{"rendered":"<div class=\"wpb-content-wrapper\"><p>[vc_row][vc_column width=&#8221;1\/1&#8243;][vc_column_text][vc_empty_space height=&#8221;20&#8243;]<br \/>\n<strong>Referencia bibliogr\u00e1fica<\/strong><br \/>\nPABLO,  Santiago  de  (1998): \u00abEl terrorismo a trav\u00e9s del cine. Un an\u00e1lisis de las relaciones entre cine, historia y sociedad en el Pa\u00eds Vasco\u00bb, <em>Comunicaci\u00f3n y Sociedad<\/em>, vol. XI, n\u00ba 2, pp. 177-200.<\/p>\n<p><a class=\"button blue  medium \" href=\"http:\/\/dadun.unav.edu\/bitstream\/10171\/8834\/1\/20100226101129.pdf\" target=\"_blank\">Consultar PDF<\/a>[vc_empty_space height=&#8221;10&#8243;]<br \/>\n<strong>Resumen<\/strong><br \/>\nDesde el final del franquismo, diversos largometrajes han abordado el tema del terrorismo de ETA y la violencia en el Pa\u00eds Vasco. En los a\u00f1os de la transici\u00f3n democr\u00e1tica, hubo cierta mitificaci\u00f3n de la organizaci\u00f3n terrorista, a la que algunas pel\u00edculas ve\u00edan como una reacci\u00f3n a la represi\u00f3n dictatorial. Con el paso del tiempo, ha habido una mayor diversidad en la visi\u00f3n que el cine ha dado del \u201cproblema vasco\u201d, pero la mayor parte de las pel\u00edculas se han caracterizado por cierta ambig\u00fcedad ante ETA, lo que ha podido tener cierta repercusi\u00f3n a nivel social y pol\u00edtico.<br \/>\n[vc_empty_space height=&#8221;10&#8243;]<br \/>\n<strong>Autor<\/strong><br \/>\nSantiago de Pablo. <a title=\"Dialnet\" href=\"http:\/\/dialnet.unirioja.es\/servlet\/autor?codigo=620836\" target=\"_blank\">P\u00e1gina del autor en Dialnet.<\/a><br \/>\n[vc_empty_space height=&#8221;10&#8243;]<br \/>\n<strong>Tipo de documento<\/strong><br \/>\nArt\u00edculo<br \/>\n[vc_empty_space height=&#8221;10&#8243;]<br \/>\n[\/vc_column_text][\/vc_column][\/vc_row]<\/p>\n<\/div>","protected":false},"excerpt":{"rendered":"<p>[vc_row][vc_column width=&#8221;1\/1&#8243;][vc_column_text][vc_empty_space height=&#8221;20&#8243;] Referencia bibliogr\u00e1fica PABLO, Santiago de (1998): \u00abEl terrorismo a trav\u00e9s del cine. Un an\u00e1lisis de las relaciones entre cine, historia y sociedad en el Pa\u00eds Vasco\u00bb, Comunicaci\u00f3n&hellip;<\/p>\n","protected":false},"author":1,"featured_media":0,"parent":0,"menu_order":0,"comment_status":"open","ping_status":"open","template":"","meta":{"om_disable_all_campaigns":false,"_monsterinsights_skip_tracking":false,"_monsterinsights_sitenote_active":false,"_monsterinsights_sitenote_note":"","_monsterinsights_sitenote_category":0,"_uf_show_specific_survey":0,"_uf_disable_surveys":false,"_vp_format_video_url":"","_vp_image_focal_point":[],"_vp_custom_popup_image":0,"_vp_format_audio_url":"","_vp_custom_thumbnail":0,"_vp_custom_thumbnail_focal_point":[],"_vp_hover_thumbnail":0,"_vp_hover_thumbnail_focal_point":[],"footnotes":""},"class_list":["post-4122","page","type-page","status-publish","hentry"],"aioseo_notices":[],"_links":{"self":[{"href":"https:\/\/www.arovite.com\/en\/wp-json\/wp\/v2\/pages\/4122","targetHints":{"allow":["GET"]}}],"collection":[{"href":"https:\/\/www.arovite.com\/en\/wp-json\/wp\/v2\/pages"}],"about":[{"href":"https:\/\/www.arovite.com\/en\/wp-json\/wp\/v2\/types\/page"}],"author":[{"embeddable":true,"href":"https:\/\/www.arovite.com\/en\/wp-json\/wp\/v2\/users\/1"}],"replies":[{"embeddable":true,"href":"https:\/\/www.arovite.com\/en\/wp-json\/wp\/v2\/comments?post=4122"}],"version-history":[{"count":2,"href":"https:\/\/www.arovite.com\/en\/wp-json\/wp\/v2\/pages\/4122\/revisions"}],"predecessor-version":[{"id":4205,"href":"https:\/\/www.arovite.com\/en\/wp-json\/wp\/v2\/pages\/4122\/revisions\/4205"}],"wp:attachment":[{"href":"https:\/\/www.arovite.com\/en\/wp-json\/wp\/v2\/media?parent=4122"}],"curies":[{"name":"wp","href":"https:\/\/api.w.org\/{rel}","templated":true}]}}