{"id":4108,"date":"2015-11-30T09:01:17","date_gmt":"2015-11-30T09:01:17","guid":{"rendered":"http:\/\/www.arovite.com\/alonso-rogelio-2007-b-2\/"},"modified":"2025-10-05T08:25:38","modified_gmt":"2025-10-05T08:25:38","slug":"alonso-rogelio-2007-b","status":"publish","type":"page","link":"https:\/\/www.arovite.com\/en\/alonso-rogelio-2007-b\/","title":{"rendered":"ALONSO, Rogelio (2007) b"},"content":{"rendered":"<div class=\"wpb-content-wrapper\"><p>[vc_row][vc_column width=&#8221;1\/1&#8243;][vc_column_text][vc_empty_space height=&#8221;20&#8243;]<br \/>\n<strong>Referencia bibliogr\u00e1fica<\/strong><br \/>\nALONSO, Rogelio (2007): \u00ab\u00bfQu\u00e9 pol\u00edtica antiterrorista frente a ETA? Lecciones desde la perspectiva comparada\u00bb, <em>Cuadernos de Pensamiento Pol\u00edtico FAES<\/em>, n\u00ba 16, pp. 95-120.<\/p>\n<p><a class=\"button blue  medium \" href=\"https:\/\/fundacionfaes.org\/wp-content\/uploads\/2021\/10\/20130423182915que-politica-antiterrorista-frente-a-eta.pdf\" target=\"_blank\">Consultar PDF<\/a>[vc_empty_space height=&#8221;10&#8243;]<br \/>\n<strong>Resumen<\/strong><br \/>\nPuesto que el terrorismo contin\u00faa representando una de las m\u00e1ximas preocupaciones de la sociedad espa\u00f1ola y la organizaci\u00f3n terrorista ETA mantiene su amenaza a trav\u00e9s de diferentes mecanismos, resulta pertinente evaluar qu\u00e9 medidas son eficaces e ineficaces en la contenci\u00f3n y erradicaci\u00f3n de la violencia. Esta evaluaci\u00f3n debe realizarse teniendo en cuenta la amplia experiencia en la lucha antiterrorista que atesora nuestro pa\u00eds tras haber sido v\u00edctima de una intensa y prolongada campa\u00f1a terrorista durante m\u00e1s de tres d\u00e9cadas. As\u00ed pues, dicha experiencia, con sus \u00e9xitos y fracasos, debe necesariamente informar el an\u00e1lisis que permita la elaboraci\u00f3n de una pol\u00edtica antiterrorista eficaz que desee evitar errores pasados. Esta perspectiva comparada, que implica la consideraci\u00f3n de instrumentos previamente empleados en la pol\u00edtica antiterrorista de sucesivos gobiernos en Espa\u00f1a, constituye una de las dos partes en torno a las cuales se estructura el presente art\u00edculo. Al mismo tiempo, esta variable ser\u00e1 complementada con el an\u00e1lisis comparativo que se desprende de la valoraci\u00f3n de otros contextos internacionales en los cuales han tenido lugar conflictos marcados por la violencia pol\u00edtica.<br \/>\n[vc_empty_space height=&#8221;10&#8243;]<br \/>\n<strong>Autor<\/strong><br \/>\nRogelio Alonso. <a title=\"Dialnet\" href=\"http:\/\/dialnet.unirioja.es\/servlet\/autor?codigo=639679\" target=\"_blank\">P\u00e1gina del autor en Dialnet.<\/a><br \/>\n[vc_empty_space height=&#8221;10&#8243;]<br \/>\n<strong>Tipo de documento<\/strong><br \/>\nArt\u00edculo<br \/>\n[vc_empty_space height=&#8221;10&#8243;]<br \/>\n<a title=\"Dialnet\" href=\"http:\/\/dialnet.unirioja.es\/servlet\/articulo?codigo=2523905\" target=\"_blank\"><strong>Enlace alternativo<\/strong><\/a>[vc_empty_space height=&#8221;10&#8243;]<br \/>\n[\/vc_column_text][\/vc_column][\/vc_row]<\/p>\n<\/div>","protected":false},"excerpt":{"rendered":"<p>[vc_row][vc_column width=&#8221;1\/1&#8243;][vc_column_text][vc_empty_space height=&#8221;20&#8243;] Referencia bibliogr\u00e1fica ALONSO, Rogelio (2007): \u00ab\u00bfQu\u00e9 pol\u00edtica antiterrorista frente a ETA? Lecciones desde la perspectiva comparada\u00bb, Cuadernos de Pensamiento Pol\u00edtico FAES, n\u00ba 16, pp. 95-120. Consultar PDF[vc_empty_space&hellip;<\/p>\n","protected":false},"author":1,"featured_media":0,"parent":0,"menu_order":0,"comment_status":"open","ping_status":"open","template":"","meta":{"om_disable_all_campaigns":false,"_monsterinsights_skip_tracking":false,"_monsterinsights_sitenote_active":false,"_monsterinsights_sitenote_note":"","_monsterinsights_sitenote_category":0,"_uf_show_specific_survey":0,"_uf_disable_surveys":false,"_vp_format_video_url":"","_vp_image_focal_point":[],"_vp_custom_popup_image":0,"_vp_format_audio_url":"","_vp_custom_thumbnail":0,"_vp_custom_thumbnail_focal_point":[],"_vp_hover_thumbnail":0,"_vp_hover_thumbnail_focal_point":[],"footnotes":""},"class_list":["post-4108","page","type-page","status-publish","hentry"],"aioseo_notices":[],"_links":{"self":[{"href":"https:\/\/www.arovite.com\/en\/wp-json\/wp\/v2\/pages\/4108","targetHints":{"allow":["GET"]}}],"collection":[{"href":"https:\/\/www.arovite.com\/en\/wp-json\/wp\/v2\/pages"}],"about":[{"href":"https:\/\/www.arovite.com\/en\/wp-json\/wp\/v2\/types\/page"}],"author":[{"embeddable":true,"href":"https:\/\/www.arovite.com\/en\/wp-json\/wp\/v2\/users\/1"}],"replies":[{"embeddable":true,"href":"https:\/\/www.arovite.com\/en\/wp-json\/wp\/v2\/comments?post=4108"}],"version-history":[{"count":1,"href":"https:\/\/www.arovite.com\/en\/wp-json\/wp\/v2\/pages\/4108\/revisions"}],"predecessor-version":[{"id":24676,"href":"https:\/\/www.arovite.com\/en\/wp-json\/wp\/v2\/pages\/4108\/revisions\/24676"}],"wp:attachment":[{"href":"https:\/\/www.arovite.com\/en\/wp-json\/wp\/v2\/media?parent=4108"}],"curies":[{"name":"wp","href":"https:\/\/api.w.org\/{rel}","templated":true}]}}