{"id":4104,"date":"2015-11-30T08:58:55","date_gmt":"2015-11-30T08:58:55","guid":{"rendered":"http:\/\/www.arovite.com\/alonso-rogelio-2007-2\/"},"modified":"2025-10-05T08:25:08","modified_gmt":"2025-10-05T08:25:08","slug":"alonso-rogelio-2007","status":"publish","type":"page","link":"https:\/\/www.arovite.com\/en\/alonso-rogelio-2007\/","title":{"rendered":"ALONSO, Rogelio (2007)"},"content":{"rendered":"<div class=\"wpb-content-wrapper\"><p>[vc_row][vc_column width=&#8221;1\/1&#8243;][vc_column_text][vc_empty_space height=&#8221;20&#8243;]<br \/>\n<strong>Referencia bibliogr\u00e1fica<\/strong><br \/>\nALONSO, Rogelio (2007): \u00ab\u00bfInformaci\u00f3n o propaganda? La huelga de hambre del etarra Ignacio de Juana Chaos y su cobertura en The Times\u00bb, <em>An\u00e1lisis del Real Instituto Elcano<\/em>, n\u00ba 28.<\/p>\n<p><a class=\"button blue  medium \" href=\"=\"https:\/\/www.realinstitutoelcano.org\/analisis\/informacion-o-propaganda-la-huelga-de-hambre-del-etarra-ignacio-de-juana-chaos-y-su-cobertura-en-the-times-ari\/\" target=\"_blank\">Consultar PDF<\/a>[vc_empty_space height=&#8221;10&#8243;]<br \/>\n<strong>Resumen<\/strong><br \/>\nLa publicaci\u00f3n a comienzos de febrero, en el diario brit\u00e1nico The Times, de los testimonios de Ignacio de Juana Chaos, miembro de la organizaci\u00f3n terrorista ETA, junto a una fotograf\u00eda del recluso en huelga de hambre, demuestra que la forma en la que los medios de comunicaci\u00f3n abordan las cuestiones relacionadas con la banda puede contribuir a la manipulaci\u00f3n de la realidad en torno al terrorismo. Este episodio corrobora que la prensa puede convertirse en un agente que, instrumentalizado por una organizaci\u00f3n terrorista, llegue a distorsionar el contexto sociopol\u00edtico en el que la violencia se manifiesta, minusvalorando los efectos propagand\u00edsticos que el terrorismo persigue. Confirma adem\u00e1s que el terrorista es capaz de conseguir que su propaganda se vea revestida de credibilidad al ser presentadas sus acciones de una manera determinada por parte de un medio de comunicaci\u00f3n de prestigio que, apelando al derecho a la informaci\u00f3n y a la satisfacci\u00f3n del inter\u00e9s p\u00fablico, puede lograr, por el contrario, la desinformaci\u00f3n y la deslegitimaci\u00f3n de las instituciones democr\u00e1ticas con las que la sociedad se defiende del terrorismo.<br \/>\n[vc_empty_space height=&#8221;10&#8243;]<br \/>\n<strong>Autor<\/strong><br \/>\nRogelio Alonso. <a title=\"Dialnet\" href=\"http:\/\/dialnet.unirioja.es\/servlet\/autor?codigo=639679\" target=\"_blank\">P\u00e1gina del autor en Dialnet.<\/a><br \/>\n[vc_empty_space height=&#8221;10&#8243;]<br \/>\n<strong>Tipo de documento<\/strong><br \/>\nArt\u00edculo<br \/>\n[vc_empty_space height=&#8221;10&#8243;]<br \/>\n[\/vc_column_text][\/vc_column][\/vc_row]<\/p>\n<\/div>","protected":false},"excerpt":{"rendered":"<p>[vc_row][vc_column width=&#8221;1\/1&#8243;][vc_column_text][vc_empty_space height=&#8221;20&#8243;] Referencia bibliogr\u00e1fica ALONSO, Rogelio (2007): \u00ab\u00bfInformaci\u00f3n o propaganda? La huelga de hambre del etarra Ignacio de Juana Chaos y su cobertura en The Times\u00bb, An\u00e1lisis del Real&hellip;<\/p>\n","protected":false},"author":1,"featured_media":0,"parent":0,"menu_order":0,"comment_status":"open","ping_status":"open","template":"","meta":{"om_disable_all_campaigns":false,"_monsterinsights_skip_tracking":false,"_monsterinsights_sitenote_active":false,"_monsterinsights_sitenote_note":"","_monsterinsights_sitenote_category":0,"_uf_show_specific_survey":0,"_uf_disable_surveys":false,"_vp_format_video_url":"","_vp_image_focal_point":[],"_vp_custom_popup_image":0,"_vp_format_audio_url":"","_vp_custom_thumbnail":0,"_vp_custom_thumbnail_focal_point":[],"_vp_hover_thumbnail":0,"_vp_hover_thumbnail_focal_point":[],"footnotes":""},"class_list":["post-4104","page","type-page","status-publish","hentry"],"aioseo_notices":[],"_links":{"self":[{"href":"https:\/\/www.arovite.com\/en\/wp-json\/wp\/v2\/pages\/4104","targetHints":{"allow":["GET"]}}],"collection":[{"href":"https:\/\/www.arovite.com\/en\/wp-json\/wp\/v2\/pages"}],"about":[{"href":"https:\/\/www.arovite.com\/en\/wp-json\/wp\/v2\/types\/page"}],"author":[{"embeddable":true,"href":"https:\/\/www.arovite.com\/en\/wp-json\/wp\/v2\/users\/1"}],"replies":[{"embeddable":true,"href":"https:\/\/www.arovite.com\/en\/wp-json\/wp\/v2\/comments?post=4104"}],"version-history":[{"count":1,"href":"https:\/\/www.arovite.com\/en\/wp-json\/wp\/v2\/pages\/4104\/revisions"}],"predecessor-version":[{"id":24675,"href":"https:\/\/www.arovite.com\/en\/wp-json\/wp\/v2\/pages\/4104\/revisions\/24675"}],"wp:attachment":[{"href":"https:\/\/www.arovite.com\/en\/wp-json\/wp\/v2\/media?parent=4104"}],"curies":[{"name":"wp","href":"https:\/\/api.w.org\/{rel}","templated":true}]}}