{"id":4093,"date":"2015-11-30T08:49:21","date_gmt":"2015-11-30T08:49:21","guid":{"rendered":"http:\/\/www.arovite.com\/alonso-martin-y-casquete-jesus-2014-2\/"},"modified":"2015-11-30T08:49:21","modified_gmt":"2015-11-30T08:49:21","slug":"alonso-martin-y-casquete-jesus-2014","status":"publish","type":"page","link":"https:\/\/www.arovite.com\/en\/alonso-martin-y-casquete-jesus-2014\/","title":{"rendered":"ALONSO, Mart\u00edn y CASQUETE, Jes\u00fas (2014)"},"content":{"rendered":"<div class=\"wpb-content-wrapper\"><p>[vc_row][vc_column width=&#8221;1\/1&#8243;][vc_column_text][vc_empty_space height=&#8221;20&#8243;]<br \/>\n<strong>Referencia bibliogr\u00e1fica<\/strong><br \/>\nALONSO, Mart\u00edn y CASQUETE, Jes\u00fas (2014): \u00abETA, el miedo domesticado y el desaf\u00edo de los gestos\u00bb, <em>Claves de Raz\u00f3n Pr\u00e1ctica<\/em>, n\u00ba 236, pp. 66-77.<\/p>\n<p><a class=\"button blue  medium \" href=\"https:\/\/www.academia.edu\/8923497\/ETA_el_miedo_domesticado_y_el_desaf%C3%ADo_de_los_gestos\" target=\"_blank\">Consultar PDF<\/a>[vc_empty_space height=&#8221;10&#8243;]<br \/>\n<strong>Resumen<\/strong><br \/>\nEn junio de 2013 la organizaci\u00f3n pacifista Gesto por la Paz de Euskal Herria puso punto final a su trayectoria de denuncia de los asesinatos con coartada pol\u00edtica. Su creaci\u00f3n en 1985 supuso un cambio sustancial en lo que respecta a la movilizaci\u00f3n contra las violencias terroristas en el Pa\u00eds Vasco y Navarra. Es momento de efectuar un somero balance acerca de su significado hist\u00f3rico y del ejemplo de compromiso c\u00edvico mostrado por una organizaci\u00f3n genuina de la sociedad civil.<br \/>\n[vc_empty_space height=&#8221;10&#8243;]<br \/>\n<strong>Autor<\/strong><br \/>\nMart\u00edn Alonso Zarza. <a title=\"Dialnet\" href=\"http:\/\/dialnet.unirioja.es\/servlet\/autor?codigo=2327050\" target=\"_blank\">P\u00e1gina del autor en Dialnet.<\/a><br \/>\nJes\u00fas Casquete Badallo. <a title=\"Dialnet\" href=\"http:\/\/dialnet.unirioja.es\/servlet\/autor?codigo=776183\" target=\"_blank\">P\u00e1gina del autor en Dialnet.<\/a><br \/>\n[vc_empty_space height=&#8221;10&#8243;]<br \/>\n<strong>Tipo de documento<\/strong><br \/>\nArt\u00edculo<br \/>\n[vc_empty_space height=&#8221;10&#8243;]<br \/>\n[\/vc_column_text][\/vc_column][\/vc_row]<\/p>\n<\/div>","protected":false},"excerpt":{"rendered":"<p>[vc_row][vc_column width=&#8221;1\/1&#8243;][vc_column_text][vc_empty_space height=&#8221;20&#8243;] Referencia bibliogr\u00e1fica ALONSO, Mart\u00edn y CASQUETE, Jes\u00fas (2014): \u00abETA, el miedo domesticado y el desaf\u00edo de los gestos\u00bb, Claves de Raz\u00f3n Pr\u00e1ctica, n\u00ba 236, pp. 66-77. Consultar&hellip;<\/p>\n","protected":false},"author":1,"featured_media":0,"parent":0,"menu_order":0,"comment_status":"open","ping_status":"open","template":"","meta":{"om_disable_all_campaigns":false,"_monsterinsights_skip_tracking":false,"_monsterinsights_sitenote_active":false,"_monsterinsights_sitenote_note":"","_monsterinsights_sitenote_category":0,"_uf_show_specific_survey":0,"_uf_disable_surveys":false,"_vp_format_video_url":"","_vp_image_focal_point":[],"_vp_custom_popup_image":0,"_vp_format_audio_url":"","_vp_custom_thumbnail":0,"_vp_custom_thumbnail_focal_point":[],"_vp_hover_thumbnail":0,"_vp_hover_thumbnail_focal_point":[],"footnotes":""},"class_list":["post-4093","page","type-page","status-publish","hentry"],"aioseo_notices":[],"_links":{"self":[{"href":"https:\/\/www.arovite.com\/en\/wp-json\/wp\/v2\/pages\/4093","targetHints":{"allow":["GET"]}}],"collection":[{"href":"https:\/\/www.arovite.com\/en\/wp-json\/wp\/v2\/pages"}],"about":[{"href":"https:\/\/www.arovite.com\/en\/wp-json\/wp\/v2\/types\/page"}],"author":[{"embeddable":true,"href":"https:\/\/www.arovite.com\/en\/wp-json\/wp\/v2\/users\/1"}],"replies":[{"embeddable":true,"href":"https:\/\/www.arovite.com\/en\/wp-json\/wp\/v2\/comments?post=4093"}],"version-history":[{"count":0,"href":"https:\/\/www.arovite.com\/en\/wp-json\/wp\/v2\/pages\/4093\/revisions"}],"wp:attachment":[{"href":"https:\/\/www.arovite.com\/en\/wp-json\/wp\/v2\/media?parent=4093"}],"curies":[{"name":"wp","href":"https:\/\/api.w.org\/{rel}","templated":true}]}}