{"id":25224,"date":"2026-03-22T07:42:46","date_gmt":"2026-03-22T07:42:46","guid":{"rendered":"https:\/\/www.arovite.com\/intxaurre-vitorica-jose-ramon-vivente-torrado-trinidad-l-y-urrutia-asua-gorka-2023\/"},"modified":"2026-03-22T07:43:50","modified_gmt":"2026-03-22T07:43:50","slug":"intxaurre-vitorica-jose-ramon-vivente-torrado-trinidad-l-y-urrutia-asua-gorka-2023","status":"publish","type":"page","link":"https:\/\/www.arovite.com\/en\/intxaurre-vitorica-jose-ramon-vivente-torrado-trinidad-l-y-urrutia-asua-gorka-2023\/","title":{"rendered":"INTXAURRE VITORICA, Jos\u00e9 Ram\u00f3n, VIVENTE TORRADO, Trinidad L. y URRUTIA ASUA, Gorka (2023)"},"content":{"rendered":"<div class=\"wpb-content-wrapper\"><p>[vc_row][vc_column width=&#8221;1\/1&#8243;][vc_column_text][vc_empty_space height=&#8221;20&#8243;]<br \/>\n<strong>Referencia bibliogr\u00e1fica<\/strong><\/p>\n<p>INTXAURRE VITORICA, Jos\u00e9 Ram\u00f3n, VIVENTE TORRADO, Trinidad L. y URRUTIA ASUA, Gorka (2023): \u00abTruth, justice and reparation. Human rights violations and their impact on the police forces and their families in the context of ETA terrorism\u00bb, <em>The Age of Human Rights Journal<\/em>, n\u00ba 21, pp. 1-24.<\/p>\n<p><a class=\"button blue  medium \" href=\"https:\/\/revistaselectronicas.ujaen.es\/index.php\/TAHRJ\/article\/view\/7696\/8096\" target=\"_blank\">Consultar PDF<\/a>[vc_empty_space height=&#8221;10&#8243;]<br \/>\n<strong>Abstract<\/strong><br \/>\nETA violence had an impact not only on Basque and Spanish society as a whole, but especially on certain groups who suffered the effects of being direct targets of ETA attacks. One of the most directly affected groups were the police forces (members of the Ertzaintza and of the Spanish security forces), as well as their families. This article uses a qualitative methodology (based on semi-structured in-depth interviews) to reflect and analyse the threat that ETA posed for these police forces and their families in the Basque Country, with special emphasis on the way in which their fundamental rights were affected by ETA actions.<br \/>\n[vc_empty_space height=&#8221;10&#8243;]<br \/>\n<strong>Autor<\/strong><br \/>\nJos\u00e9 Ram\u00f3n Intxaurbe Vitorica. <a title=\"Dialnet\" href=\"https:\/\/dialnet.unirioja.es\/servlet\/autor?codigo=3621519\" target=\"_blank\">P\u00e1gina del autor en Dialnet.<\/a><br \/>\nTrinidad Vicente Torrado. <a title=\"Dialnet\" href=\"https:\/\/dialnet.unirioja.es\/servlet\/autor?codigo=935635\" target=\"_blank\">P\u00e1gina del autor en Dialnet.<\/a><br \/>\nGorka Urrutia Asua. <a title=\"Dialnet\" href=\"https:\/\/dialnet.unirioja.es\/servlet\/autor?codigo=1803204\" target=\"_blank\">P\u00e1gina del autor en Dialnet.<\/a><br \/>\n[vc_empty_space height=&#8221;10&#8243;]<br \/>\n<strong>Tipo de documento<\/strong><br \/>\nArt\u00edculo<br \/>\n[vc_empty_space height=&#8221;10&#8243;]<br \/>\n[\/vc_column_text][\/vc_column][\/vc_row]<\/p>\n<\/div>","protected":false},"excerpt":{"rendered":"<p>[vc_row][vc_column width=&#8221;1\/1&#8243;][vc_column_text][vc_empty_space height=&#8221;20&#8243;] Referencia bibliogr\u00e1fica INTXAURRE VITORICA, Jos\u00e9 Ram\u00f3n, VIVENTE TORRADO, Trinidad L. y URRUTIA ASUA, Gorka (2023): \u00abTruth, justice and reparation. Human rights violations and their impact on the&hellip;<\/p>\n","protected":false},"author":1,"featured_media":0,"parent":0,"menu_order":0,"comment_status":"closed","ping_status":"closed","template":"","meta":{"om_disable_all_campaigns":false,"_monsterinsights_skip_tracking":false,"_monsterinsights_sitenote_active":false,"_monsterinsights_sitenote_note":"","_monsterinsights_sitenote_category":0,"_uf_show_specific_survey":0,"_uf_disable_surveys":false,"_vp_format_video_url":"","_vp_image_focal_point":[],"_vp_custom_popup_image":0,"_vp_format_audio_url":"","_vp_custom_thumbnail":0,"_vp_custom_thumbnail_focal_point":[],"_vp_hover_thumbnail":0,"_vp_hover_thumbnail_focal_point":[],"footnotes":""},"class_list":["post-25224","page","type-page","status-publish","hentry"],"aioseo_notices":[],"_links":{"self":[{"href":"https:\/\/www.arovite.com\/en\/wp-json\/wp\/v2\/pages\/25224","targetHints":{"allow":["GET"]}}],"collection":[{"href":"https:\/\/www.arovite.com\/en\/wp-json\/wp\/v2\/pages"}],"about":[{"href":"https:\/\/www.arovite.com\/en\/wp-json\/wp\/v2\/types\/page"}],"author":[{"embeddable":true,"href":"https:\/\/www.arovite.com\/en\/wp-json\/wp\/v2\/users\/1"}],"replies":[{"embeddable":true,"href":"https:\/\/www.arovite.com\/en\/wp-json\/wp\/v2\/comments?post=25224"}],"version-history":[{"count":1,"href":"https:\/\/www.arovite.com\/en\/wp-json\/wp\/v2\/pages\/25224\/revisions"}],"predecessor-version":[{"id":25226,"href":"https:\/\/www.arovite.com\/en\/wp-json\/wp\/v2\/pages\/25224\/revisions\/25226"}],"wp:attachment":[{"href":"https:\/\/www.arovite.com\/en\/wp-json\/wp\/v2\/media?parent=25224"}],"curies":[{"name":"wp","href":"https:\/\/api.w.org\/{rel}","templated":true}]}}