{"id":25201,"date":"2026-03-07T10:11:44","date_gmt":"2026-03-07T10:11:44","guid":{"rendered":"https:\/\/www.arovite.com\/diaz-de-guerenu-juan-manuel-2007\/"},"modified":"2026-03-07T10:11:44","modified_gmt":"2026-03-07T10:11:44","slug":"diaz-de-guerenu-juan-manuel-2007","status":"publish","type":"page","link":"https:\/\/www.arovite.com\/en\/diaz-de-guerenu-juan-manuel-2007\/","title":{"rendered":"D\u00cdAZ DE GUERE\u00d1U, Juan Manuel (2007)"},"content":{"rendered":"<div class=\"wpb-content-wrapper\"><p>[vc_row][vc_column width=&#8221;1\/1&#8243;][vc_column_text][vc_empty_space height=&#8221;20&#8243;]<br \/>\n<strong>Referencia bibliogr\u00e1fica<\/strong><\/p>\n<p>D\u00cdAZ DE GUERE\u00d1U, Juan Manuel (2007): \u00abIntimidad del da\u00f1o: las v\u00edctimas del terrorismo en <em>Los peces de la amargura<\/em> de Fernando Aramburu\u00bb, <em>Monteagudo<\/em>, n\u00ba 12, pp. 185-196.<\/p>\n<p><a class=\"button blue  medium \" href=\"https:\/\/dialnet.unirioja.es\/descarga\/articulo\/2898827.pdf\" target=\"_blank\">Consultar PDF<\/a>[vc_empty_space height=&#8221;10&#8243;]<br \/>\n<strong>Resumen<\/strong><br \/>\nAnaliza <em>Los peces de la amargura<\/em>, la \u00faltima obra de Fernando Aramburu, un libro de cuentos publicado a finales del verano de 2006, y destaca su valor \u00e9tico de abordar el sufrimiento de las v\u00edctimas del terrorismo, as\u00ed como su valor literario de hacerlo con acierto est\u00e9tico El volumen ofrece al lector la posibilidad de quebrar, mediante la verdad de la ficci\u00f3n, mediante la franqueza del artificio literario, el muro de la indiferencia y la incomprensi\u00f3n del da\u00f1o. [vc_empty_space height=&#8221;10&#8243;]<br \/>\n<strong>Abstract<\/strong><br \/>\nThis paper analyzes <em>Los peces de la amargura<\/em>, the latest work by Fernando Aramburu, a book of short stories published at the end of Summer 2006. It highlights its ethical value by dealing with the sufferings of the victims of terrorism, as well as its literary value by doing it with great aesthetic skill. The volume offers the reader the possibility of breaking through the truth of fiction, through the honesty of literary artifice, the wall of indifference and lack of understanding of the damage.<br \/>\n[vc_empty_space height=&#8221;10&#8243;]<br \/>\n<strong>Autor<\/strong><br \/>\nJuan Manuel D\u00edaz de Guere\u00f1u. <a title=\"Dialnet\" href=\"https:\/\/dialnet.unirioja.es\/servlet\/autor?codigo=749651\" target=\"_blank\">P\u00e1gina del autor en Dialnet.<\/a><br \/>\n[vc_empty_space height=&#8221;10&#8243;]<br \/>\n<strong>Tipo de documento<\/strong><br \/>\nArt\u00edculo<br \/>\n[vc_empty_space height=&#8221;10&#8243;]<br \/>\n[\/vc_column_text][\/vc_column][\/vc_row]<\/p>\n<\/div>","protected":false},"excerpt":{"rendered":"<p>[vc_row][vc_column width=&#8221;1\/1&#8243;][vc_column_text][vc_empty_space height=&#8221;20&#8243;] Referencia bibliogr\u00e1fica D\u00cdAZ DE GUERE\u00d1U, Juan Manuel (2007): \u00abIntimidad del da\u00f1o: las v\u00edctimas del terrorismo en Los peces de la amargura de Fernando Aramburu\u00bb, Monteagudo, n\u00ba 12,&hellip;<\/p>\n","protected":false},"author":1,"featured_media":0,"parent":0,"menu_order":0,"comment_status":"closed","ping_status":"closed","template":"","meta":{"om_disable_all_campaigns":false,"_monsterinsights_skip_tracking":false,"_monsterinsights_sitenote_active":false,"_monsterinsights_sitenote_note":"","_monsterinsights_sitenote_category":0,"_uf_show_specific_survey":0,"_uf_disable_surveys":false,"_vp_format_video_url":"","_vp_image_focal_point":[],"_vp_custom_popup_image":0,"_vp_format_audio_url":"","_vp_custom_thumbnail":0,"_vp_custom_thumbnail_focal_point":[],"_vp_hover_thumbnail":0,"_vp_hover_thumbnail_focal_point":[],"footnotes":""},"class_list":["post-25201","page","type-page","status-publish","hentry"],"aioseo_notices":[],"_links":{"self":[{"href":"https:\/\/www.arovite.com\/en\/wp-json\/wp\/v2\/pages\/25201","targetHints":{"allow":["GET"]}}],"collection":[{"href":"https:\/\/www.arovite.com\/en\/wp-json\/wp\/v2\/pages"}],"about":[{"href":"https:\/\/www.arovite.com\/en\/wp-json\/wp\/v2\/types\/page"}],"author":[{"embeddable":true,"href":"https:\/\/www.arovite.com\/en\/wp-json\/wp\/v2\/users\/1"}],"replies":[{"embeddable":true,"href":"https:\/\/www.arovite.com\/en\/wp-json\/wp\/v2\/comments?post=25201"}],"version-history":[{"count":0,"href":"https:\/\/www.arovite.com\/en\/wp-json\/wp\/v2\/pages\/25201\/revisions"}],"wp:attachment":[{"href":"https:\/\/www.arovite.com\/en\/wp-json\/wp\/v2\/media?parent=25201"}],"curies":[{"name":"wp","href":"https:\/\/api.w.org\/{rel}","templated":true}]}}