{"id":24966,"date":"2026-01-18T16:54:43","date_gmt":"2026-01-18T16:54:43","guid":{"rendered":"https:\/\/www.arovite.com\/pinilla-gomez-raquel-2023\/"},"modified":"2026-01-18T16:54:43","modified_gmt":"2026-01-18T16:54:43","slug":"pinilla-gomez-raquel-2023","status":"publish","type":"page","link":"https:\/\/www.arovite.com\/en\/pinilla-gomez-raquel-2023\/","title":{"rendered":"PINILLA G\u00d3MEZ, Raquel (2023)"},"content":{"rendered":"<div class=\"wpb-content-wrapper\"><p>[vc_row][vc_column width=&#8221;1\/1&#8243;][vc_column_text][vc_empty_space height=&#8221;20&#8243;]<br \/>\n<strong>Referencia bibliogr\u00e1fica<\/strong><br \/>\nPINILLA G\u00d3MEZ, Raquel (2023): \u00ab\u00c1mbito ling\u00fc\u00edstico, estrategia ideol\u00f3gica y discurso pol\u00edtico de ETA (1959-2011)\u00bb, <em>Revista de Pensamiento Estrat\u00e9gico y Seguridad CISDE<\/em>, n\u00ba 8\/1, pp. 35-48. <\/p>\n<p><a class=\"button blue  medium \" href=\"http:\/\/www.uajournals.com\/cisdejournal\/images\/numeros\/15.pdf\" target=\"_blank\" rel=\"noopener\">Consultar PDF<\/a>[vc_empty_space height=&#8221;10&#8243;]<br \/>\n<strong>Resumen<\/strong><br \/>\nEste trabajo estudia las relaciones entre la estrategia ideol\u00f3gica, el discurso pol\u00edtico de la organizaci\u00f3n <em>Euskadi Ta Askatasuna<\/em> (ETA) y el lenguaje. Se aborda el discurso de los terroristas como elemento de su planificaci\u00f3n de propaganda y manipulaci\u00f3n comunicativa con fines pol\u00edticos: persuadir a la opini\u00f3n p\u00fablica y transmitir un mensaje firme en sus objetivos y medios. Las pr\u00e1cticas ling\u00fc\u00edsticas y discursivas son transmisoras de su ideario pol\u00edtico y suponen el germen de un discurso de odio. Los discursos del terrorismo act\u00faan en la l\u00ednea del pensamiento estrat\u00e9gico, en tanto que establecen unos objetivos, definen unos medios y, mediante su propaganda, obligan a la sociedad a que elija: con nosotros o con ellos. As\u00ed mismo, se excluye a las v\u00edctimas del relato e incluso se pretende equipararlas con los victimarios. Ante esto, se hace necesario construir un contrarrelato de rehumanizaci\u00f3n y presencia de las v\u00edctimas en el discurso p\u00fablico. [vc_empty_space height=&#8221;10&#8243;]<br \/>\n<strong>Abstract<\/strong><br \/>\nThe purpose of this paper is to study the relationship between ideologic strategy, the political discourse of the organization <em>Euskadi Ta Askatasuna<\/em> (ETA), and language. The discourse of terrorists is approached as an element of their propaganda planning and communicative manipulation for political purposes: to persuade the public opinion and to transmit a firm message in their objectives and means. Linguistic and discursive practices become an element transmitting their political ideology and they are the seed of a hate speech. Terrorist discourses act in line with strategic thinking, insofar as they establish objectives, define the means to achieve them, and, through their propagandistic narrative, they force society to choose: either with us or with them. Likewise, the victims are excluded from the story and are even equated with the perpetrators. In view of this, it is necessary to build a counter-narrative of rehumanization and presence of the victims in the public discourse. [vc_empty_space height=&#8221;10&#8243;]<br \/>\n<strong>Autor<\/strong><br \/>\nRaquel Pinilla G\u00f3mez. <a title=\"Dialnet\" href=\"https:\/\/dialnet.unirioja.es\/servlet\/autor?codigo=98374\" target=\"_blank\" rel=\"noopener\">P\u00e1gina del autor en Dialnet.<\/a><br \/>\n[vc_empty_space height=&#8221;10&#8243;]<br \/>\n<strong>Tipo de documento<\/strong><br \/>\nArt\u00edculo<br \/>\n[vc_empty_space height=&#8221;10&#8243;]<br \/>\n[\/vc_column_text][\/vc_column][\/vc_row]<\/p>\n<\/div>","protected":false},"excerpt":{"rendered":"<p>[vc_row][vc_column width=&#8221;1\/1&#8243;][vc_column_text][vc_empty_space height=&#8221;20&#8243;] Referencia bibliogr\u00e1fica PINILLA G\u00d3MEZ, Raquel (2023): \u00ab\u00c1mbito ling\u00fc\u00edstico, estrategia ideol\u00f3gica y discurso pol\u00edtico de ETA (1959-2011)\u00bb, Revista de Pensamiento Estrat\u00e9gico y Seguridad CISDE, n\u00ba 8\/1, pp. 35-48.&hellip;<\/p>\n","protected":false},"author":1,"featured_media":0,"parent":0,"menu_order":0,"comment_status":"closed","ping_status":"closed","template":"","meta":{"om_disable_all_campaigns":false,"_monsterinsights_skip_tracking":false,"_monsterinsights_sitenote_active":false,"_monsterinsights_sitenote_note":"","_monsterinsights_sitenote_category":0,"_uf_show_specific_survey":0,"_uf_disable_surveys":false,"_vp_format_video_url":"","_vp_image_focal_point":[],"_vp_custom_popup_image":0,"_vp_format_audio_url":"","_vp_custom_thumbnail":0,"_vp_custom_thumbnail_focal_point":[],"_vp_hover_thumbnail":0,"_vp_hover_thumbnail_focal_point":[],"footnotes":""},"class_list":["post-24966","page","type-page","status-publish","hentry"],"aioseo_notices":[],"_links":{"self":[{"href":"https:\/\/www.arovite.com\/en\/wp-json\/wp\/v2\/pages\/24966","targetHints":{"allow":["GET"]}}],"collection":[{"href":"https:\/\/www.arovite.com\/en\/wp-json\/wp\/v2\/pages"}],"about":[{"href":"https:\/\/www.arovite.com\/en\/wp-json\/wp\/v2\/types\/page"}],"author":[{"embeddable":true,"href":"https:\/\/www.arovite.com\/en\/wp-json\/wp\/v2\/users\/1"}],"replies":[{"embeddable":true,"href":"https:\/\/www.arovite.com\/en\/wp-json\/wp\/v2\/comments?post=24966"}],"version-history":[{"count":0,"href":"https:\/\/www.arovite.com\/en\/wp-json\/wp\/v2\/pages\/24966\/revisions"}],"wp:attachment":[{"href":"https:\/\/www.arovite.com\/en\/wp-json\/wp\/v2\/media?parent=24966"}],"curies":[{"name":"wp","href":"https:\/\/api.w.org\/{rel}","templated":true}]}}