{"id":24946,"date":"2026-01-18T16:24:38","date_gmt":"2026-01-18T16:24:38","guid":{"rendered":"https:\/\/www.arovite.com\/jimenez-ramos-maria-2017-2\/"},"modified":"2026-01-18T16:24:38","modified_gmt":"2026-01-18T16:24:38","slug":"jimenez-ramos-maria-2017-2","status":"publish","type":"page","link":"https:\/\/www.arovite.com\/en\/jimenez-ramos-maria-2017-2\/","title":{"rendered":"JIM\u00c9NEZ RAMOS, Mar\u00eda (2017)"},"content":{"rendered":"<div class=\"wpb-content-wrapper\"><p>[vc_row][vc_column width=&#8221;1\/1&#8243;][vc_column_text][vc_empty_space height=&#8221;20&#8243;]<br \/>\n<strong>Referencia bibliogr\u00e1fica<\/strong><br \/>\nJIM\u00c9NEZ RAMOS, Mar\u00eda (2017): \u00abETA: de la barbarie terrorista al reto de escribir el relato\u00bb, <em>Cuadernos del Centro Memorial de las V\u00edctimas del Terrorismo<\/em>, n\u00ba 4, pp. 54-72. <\/p>\n<p><a class=\"button blue  medium \" href=\"https:\/\/www.memorialvt.com\/wp-content\/uploads\/2017\/10\/Cuaderno04.pdf\" target=\"_blank\" rel=\"noopener\">Consultar PDF<\/a>[vc_empty_space height=&#8221;10&#8243;]<br \/>\n<strong>Resumen<\/strong><br \/>\nLos relatos en primera persona de las v\u00edctimas del terrorismo de ETA se erigen como las piezas de un puzle que componen la historia de lo que ocurri\u00f3. Para abordar este per\u00edodo de tiempo que se extiende durante casi medio siglo, se ha optado por la divisi\u00f3n temporal que expone el historiador Ra\u00fal L\u00f3pez Romo en su Informe Foronda. En dicha divisi\u00f3n, el autor aborda la historia de la banda terrorista en cuatro etapas: el franquismo (1968-1975); la transici\u00f3n democr\u00e1tica (1976-1981); la consolidaci\u00f3n democr\u00e1tica (1982-1994); y la socializaci\u00f3n del sufrimiento (1995-2010). A ellas se suma una quinta etapa que comienza en 2011, tras el anuncio del cese definitivo de la violencia de ETA. Todas ellas se ilustran con microhistorias que reflejan el alcance de la violencia pol\u00edtica ejercida tras las siglas de ETA. [vc_empty_space height=&#8221;10&#8243;]<br \/>\n<strong>Autor<\/strong><br \/>\nMar\u00eda Jim\u00e9nez Ramos. <a title=\"Dialnet\" href=\"https:\/\/dialnet.unirioja.es\/servlet\/autor?codigo=2150839\" target=\"_blank\" rel=\"noopener\">P\u00e1gina del autor en Dialnet.<\/a><br \/>\n[vc_empty_space height=&#8221;10&#8243;]<br \/>\n<strong>Tipo de documento<\/strong><br \/>\nArt\u00edculo<br \/>\n[vc_empty_space height=&#8221;10&#8243;]<br \/>\n[\/vc_column_text][\/vc_column][\/vc_row]<\/p>\n<\/div>","protected":false},"excerpt":{"rendered":"<p>[vc_row][vc_column width=&#8221;1\/1&#8243;][vc_column_text][vc_empty_space height=&#8221;20&#8243;] Referencia bibliogr\u00e1fica JIM\u00c9NEZ RAMOS, Mar\u00eda (2017): \u00abETA: de la barbarie terrorista al reto de escribir el relato\u00bb, Cuadernos del Centro Memorial de las V\u00edctimas del Terrorismo, n\u00ba&hellip;<\/p>\n","protected":false},"author":1,"featured_media":0,"parent":0,"menu_order":0,"comment_status":"closed","ping_status":"closed","template":"","meta":{"om_disable_all_campaigns":false,"_monsterinsights_skip_tracking":false,"_monsterinsights_sitenote_active":false,"_monsterinsights_sitenote_note":"","_monsterinsights_sitenote_category":0,"_uf_show_specific_survey":0,"_uf_disable_surveys":false,"_vp_format_video_url":"","_vp_image_focal_point":[],"_vp_custom_popup_image":0,"_vp_format_audio_url":"","_vp_custom_thumbnail":0,"_vp_custom_thumbnail_focal_point":[],"_vp_hover_thumbnail":0,"_vp_hover_thumbnail_focal_point":[],"footnotes":""},"class_list":["post-24946","page","type-page","status-publish","hentry"],"aioseo_notices":[],"_links":{"self":[{"href":"https:\/\/www.arovite.com\/en\/wp-json\/wp\/v2\/pages\/24946","targetHints":{"allow":["GET"]}}],"collection":[{"href":"https:\/\/www.arovite.com\/en\/wp-json\/wp\/v2\/pages"}],"about":[{"href":"https:\/\/www.arovite.com\/en\/wp-json\/wp\/v2\/types\/page"}],"author":[{"embeddable":true,"href":"https:\/\/www.arovite.com\/en\/wp-json\/wp\/v2\/users\/1"}],"replies":[{"embeddable":true,"href":"https:\/\/www.arovite.com\/en\/wp-json\/wp\/v2\/comments?post=24946"}],"version-history":[{"count":0,"href":"https:\/\/www.arovite.com\/en\/wp-json\/wp\/v2\/pages\/24946\/revisions"}],"wp:attachment":[{"href":"https:\/\/www.arovite.com\/en\/wp-json\/wp\/v2\/media?parent=24946"}],"curies":[{"name":"wp","href":"https:\/\/api.w.org\/{rel}","templated":true}]}}