{"id":24934,"date":"2026-01-18T16:08:27","date_gmt":"2026-01-18T16:08:27","guid":{"rendered":"https:\/\/www.arovite.com\/garcia-varela-pablo-2024\/"},"modified":"2026-01-18T16:09:28","modified_gmt":"2026-01-18T16:09:28","slug":"garcia-varela-pablo-2024","status":"publish","type":"page","link":"https:\/\/www.arovite.com\/en\/garcia-varela-pablo-2024\/","title":{"rendered":"GARC\u00cdA VARELA, Pablo (2024)"},"content":{"rendered":"<div class=\"wpb-content-wrapper\"><p>[vc_row][vc_column width=&#8221;1\/1&#8243;][vc_column_text][vc_empty_space height=&#8221;20&#8243;]<br \/>\n<strong>Referencia bibliogr\u00e1fica<\/strong><br \/>\nGARC\u00cdA VARELA, Pablo (2024): \u00abLos menores de edad v\u00edctimas mortales del terrorismo etnosocialista. Los casos de ETA y el IRA\u00bb, <em>Studia Historica. Historia Contempor\u00e1nea<\/em>, n\u00ba 42, pp. 309-331. <\/p>\n<p><a class=\"button blue  medium \" href=\"https:\/\/revistas.usal.es\/uno\/index.php\/0213-2087\/article\/view\/31376\/29663\" target=\"_blank\" rel=\"noopener\">Consultar PDF<\/a>[vc_empty_space height=&#8221;10&#8243;]<br \/>\n<strong>Resumen<\/strong><br \/>\nEl car\u00e1cter indiscriminado de las acciones terroristas de eta y el ira contra los civiles se cobr\u00f3 la vida de muchos menores de edad, algunos hijos de miembros del ej\u00e9rcito y las fuerzas de seguridad del Estado. Atentados dif\u00edciles de justificar que cuestionaron la posici\u00f3n moral de ambas organizaciones. La comparaci\u00f3n entre los dos grupos terroristas nos dar\u00e1 la posibilidad de estudiar la tipolog\u00eda de estos atentados, as\u00ed como su discurso pol\u00edtico y c\u00f3mo afrontaron las consecuencias de estas acciones. [vc_empty_space height=&#8221;10&#8243;]<br \/>\n<strong>Abstract<\/strong><br \/>\nThe indiscriminate nature of the terrorist actions of eta and the ira against the civilian population claimed the lives of many minors, some children of members of the army and the police. Attacks difficult to justify that questioned the moral position of both organizations. The comparison between the two terrorist groups will give us the opportunity to study the typology of these attacks, as well as their justification discourse and how to deal with the consequences of these actions. [vc_empty_space height=&#8221;10&#8243;]<br \/>\n<strong>Autor<\/strong><br \/>\nPablo Garc\u00eda Varela. <a title=\"Dialnet\" href=\"https:\/\/dialnet.unirioja.es\/servlet\/autor?codigo=5014097\" target=\"_blank\" rel=\"noopener\">P\u00e1gina del autor en Dialnet.<\/a><br \/>\n[vc_empty_space height=&#8221;10&#8243;]<br \/>\n<strong>Tipo de documento<\/strong><br \/>\nArt\u00edculo<br \/>\n[vc_empty_space height=&#8221;10&#8243;]<br \/>\n[\/vc_column_text][\/vc_column][\/vc_row]<\/p>\n<\/div>","protected":false},"excerpt":{"rendered":"<p>[vc_row][vc_column width=&#8221;1\/1&#8243;][vc_column_text][vc_empty_space height=&#8221;20&#8243;] Referencia bibliogr\u00e1fica GARC\u00cdA VARELA, Pablo (2024): \u00abLos menores de edad v\u00edctimas mortales del terrorismo etnosocialista. Los casos de ETA y el IRA\u00bb, Studia Historica. Historia Contempor\u00e1nea, n\u00ba&hellip;<\/p>\n","protected":false},"author":1,"featured_media":0,"parent":0,"menu_order":0,"comment_status":"closed","ping_status":"closed","template":"","meta":{"om_disable_all_campaigns":false,"_monsterinsights_skip_tracking":false,"_monsterinsights_sitenote_active":false,"_monsterinsights_sitenote_note":"","_monsterinsights_sitenote_category":0,"_uf_show_specific_survey":0,"_uf_disable_surveys":false,"_vp_format_video_url":"","_vp_image_focal_point":[],"_vp_custom_popup_image":0,"_vp_format_audio_url":"","_vp_custom_thumbnail":0,"_vp_custom_thumbnail_focal_point":[],"_vp_hover_thumbnail":0,"_vp_hover_thumbnail_focal_point":[],"footnotes":""},"class_list":["post-24934","page","type-page","status-publish","hentry"],"aioseo_notices":[],"_links":{"self":[{"href":"https:\/\/www.arovite.com\/en\/wp-json\/wp\/v2\/pages\/24934","targetHints":{"allow":["GET"]}}],"collection":[{"href":"https:\/\/www.arovite.com\/en\/wp-json\/wp\/v2\/pages"}],"about":[{"href":"https:\/\/www.arovite.com\/en\/wp-json\/wp\/v2\/types\/page"}],"author":[{"embeddable":true,"href":"https:\/\/www.arovite.com\/en\/wp-json\/wp\/v2\/users\/1"}],"replies":[{"embeddable":true,"href":"https:\/\/www.arovite.com\/en\/wp-json\/wp\/v2\/comments?post=24934"}],"version-history":[{"count":1,"href":"https:\/\/www.arovite.com\/en\/wp-json\/wp\/v2\/pages\/24934\/revisions"}],"predecessor-version":[{"id":24936,"href":"https:\/\/www.arovite.com\/en\/wp-json\/wp\/v2\/pages\/24934\/revisions\/24936"}],"wp:attachment":[{"href":"https:\/\/www.arovite.com\/en\/wp-json\/wp\/v2\/media?parent=24934"}],"curies":[{"name":"wp","href":"https:\/\/api.w.org\/{rel}","templated":true}]}}