{"id":24929,"date":"2026-01-18T16:04:25","date_gmt":"2026-01-18T16:04:25","guid":{"rendered":"https:\/\/www.arovite.com\/fundacion-centro-para-la-memoria-de-las-victimas-del-terrorismo-2025\/"},"modified":"2026-01-18T16:04:25","modified_gmt":"2026-01-18T16:04:25","slug":"fundacion-centro-para-la-memoria-de-las-victimas-del-terrorismo-2025","status":"publish","type":"page","link":"https:\/\/www.arovite.com\/en\/fundacion-centro-para-la-memoria-de-las-victimas-del-terrorismo-2025\/","title":{"rendered":"FUNDACI\u00d3N CENTRO PARA LA MEMORIA DE LAS V\u00cdCTIMAS DEL TERRORISMO (2025)"},"content":{"rendered":"<div class=\"wpb-content-wrapper\"><p>[vc_row][vc_column width=&#8221;1\/1&#8243;][vc_column_text][vc_empty_space height=&#8221;20&#8243;]<br \/>\n<strong>Referencia bibliogr\u00e1fica<\/strong><br \/>\nFUNDACI\u00d3N CENTRO PARA LA MEMORIA DE LAS V\u00cdCTIMAS DEL TERRORISMO (2025): \u00abBalance del terrorismo en Espa\u00f1a, 2024\u00bb, <em>Cuadernos del Centro Memorial de las V\u00edctimas del Terrorismo<\/em>, n\u00ba 15.<\/p>\n<p><a class=\"button blue  medium \" href=\"https:\/\/www.memorialvt.com\/wp-content\/uploads\/2025\/07\/FCMVTcuadernos15.pdf\" target=\"_blank\" rel=\"noopener\">Consultar PDF<\/a>[vc_empty_space height=&#8221;10&#8243;]<br \/>\n<strong>Resumen<\/strong><br \/>\nEsta publicaci\u00f3n recoge los datos m\u00e1s relevantes de la afecci\u00f3n del terrorismo a Espa\u00f1a durante el a\u00f1o 2024 como continuaci\u00f3n de los balances que se han publicado en los a\u00f1os anteriores, de forma que permite tener una perspectiva de la evoluci\u00f3n del fen\u00f3meno violento a lo largo del tiempo. [vc_empty_space height=&#8221;10&#8243;]<br \/>\n<strong>Tipo de documento<\/strong><br \/>\nInforme<br \/>\n[vc_empty_space height=&#8221;10&#8243;]<br \/>\n[\/vc_column_text][\/vc_column][\/vc_row]<\/p>\n<\/div>","protected":false},"excerpt":{"rendered":"<p>[vc_row][vc_column width=&#8221;1\/1&#8243;][vc_column_text][vc_empty_space height=&#8221;20&#8243;] Referencia bibliogr\u00e1fica FUNDACI\u00d3N CENTRO PARA LA MEMORIA DE LAS V\u00cdCTIMAS DEL TERRORISMO (2025): \u00abBalance del terrorismo en Espa\u00f1a, 2024\u00bb, Cuadernos del Centro Memorial de las V\u00edctimas del&hellip;<\/p>\n","protected":false},"author":1,"featured_media":0,"parent":0,"menu_order":0,"comment_status":"closed","ping_status":"closed","template":"","meta":{"om_disable_all_campaigns":false,"_monsterinsights_skip_tracking":false,"_monsterinsights_sitenote_active":false,"_monsterinsights_sitenote_note":"","_monsterinsights_sitenote_category":0,"_uf_show_specific_survey":0,"_uf_disable_surveys":false,"_vp_format_video_url":"","_vp_image_focal_point":[],"_vp_custom_popup_image":0,"_vp_format_audio_url":"","_vp_custom_thumbnail":0,"_vp_custom_thumbnail_focal_point":[],"_vp_hover_thumbnail":0,"_vp_hover_thumbnail_focal_point":[],"footnotes":""},"class_list":["post-24929","page","type-page","status-publish","hentry"],"aioseo_notices":[],"_links":{"self":[{"href":"https:\/\/www.arovite.com\/en\/wp-json\/wp\/v2\/pages\/24929","targetHints":{"allow":["GET"]}}],"collection":[{"href":"https:\/\/www.arovite.com\/en\/wp-json\/wp\/v2\/pages"}],"about":[{"href":"https:\/\/www.arovite.com\/en\/wp-json\/wp\/v2\/types\/page"}],"author":[{"embeddable":true,"href":"https:\/\/www.arovite.com\/en\/wp-json\/wp\/v2\/users\/1"}],"replies":[{"embeddable":true,"href":"https:\/\/www.arovite.com\/en\/wp-json\/wp\/v2\/comments?post=24929"}],"version-history":[{"count":0,"href":"https:\/\/www.arovite.com\/en\/wp-json\/wp\/v2\/pages\/24929\/revisions"}],"wp:attachment":[{"href":"https:\/\/www.arovite.com\/en\/wp-json\/wp\/v2\/media?parent=24929"}],"curies":[{"name":"wp","href":"https:\/\/api.w.org\/{rel}","templated":true}]}}