{"id":24867,"date":"2026-01-18T11:43:35","date_gmt":"2026-01-18T11:43:35","guid":{"rendered":"https:\/\/www.arovite.com\/fernandez-soldevilla-gaizka-y-jimenez-ramos-maria-2024\/"},"modified":"2026-01-18T11:43:35","modified_gmt":"2026-01-18T11:43:35","slug":"fernandez-soldevilla-gaizka-y-jimenez-ramos-maria-2024","status":"publish","type":"page","link":"https:\/\/www.arovite.com\/en\/fernandez-soldevilla-gaizka-y-jimenez-ramos-maria-2024\/","title":{"rendered":"FERN\u00c1NDEZ SOLDEVILLA, Gaizka y JIM\u00c9NEZ RAMOS, Mar\u00eda (2024)"},"content":{"rendered":"<div class=\"wpb-content-wrapper\"><p>[vc_row][vc_column width=&#8221;1\/1&#8243;][vc_column_text][vc_empty_space height=&#8221;20&#8243;]<br \/>\n<strong>Referencia bibliogr\u00e1fica<\/strong><br \/>\nFERN\u00c1NDEZ SOLDEVILLA, Gaizka y JIM\u00c9NEZ RAMOS, Mar\u00eda (2024): \u00abUn rastro de sangre. La historia de ETA a la luz de los heridos que caus\u00f3\u00bb, en R\u00cdOS SIERRA, Jer\u00f3nimo, GARC\u00cdA DE LAS HERAS, Mariano, GAGO ANT\u00d3N, Egoitz y LIM\u00d3N L\u00d3PEZ, Pedro (coords.): <em>Las v\u00edctimas frente al terrorismo de ETA. Narrativas, movilizaci\u00f3n y perspectiva comparada<\/em>. Madrid: Dykinson, pp. 15-35. <\/p>\n<p><a class=\"button blue  medium \" href=\"https:\/\/www.arovite.com\/documentos\/2024_Fernandez_y_Jimenez.pdf\" target=\"_blank\" rel=\"noopener\">Consultar PDF<\/a>[vc_empty_space height=&#8221;10&#8243;]<br \/>\n<strong>Resumen<\/strong><br \/>\nEste estudio analiza la historia del grupo terrorista ETA centr\u00e1ndose en las v\u00edctimas heridas, ofreciendo una perspectiva diferente a la tradicional, centrada en los fallecidos, para comprender el impacto humano y social del terrorismo vasco a trav\u00e9s de testimonios y narrativas de quienes sufrieron las consecuencias f\u00edsicas y psicol\u00f3gicas de los ataques, como se infiere de los resultados de b\u00fasqueda que apuntan a un an\u00e1lisis desde las v\u00edctimas frente al terrorismo. [vc_empty_space height=&#8221;10&#8243;]<br \/>\n<strong>Autor<\/strong><br \/>\nGaizka Fern\u00e1ndez Soldevilla. <a title=\"Dialnet\" href=\"https:\/\/dialnet.unirioja.es\/servlet\/autor?codigo=2407724\" target=\"_blank\" rel=\"noopener\">P\u00e1gina del autor en Dialnet.<\/a><br \/>\nMar\u00eda Jim\u00e9nez Ramos. <a title=\"Dialnet\" href=\"https:\/\/dialnet.unirioja.es\/servlet\/autor?codigo=2150839\" target=\"_blank\" rel=\"noopener\">P\u00e1gina del autor en Dialnet.<\/a><br \/>\n[vc_empty_space height=&#8221;10&#8243;]<br \/>\n<strong>Tipo de documento<\/strong><br \/>\nCap\u00edtulo de libro<br \/>\n[vc_empty_space height=&#8221;10&#8243;]<br \/>\n[\/vc_column_text][\/vc_column][\/vc_row]<\/p>\n<\/div>","protected":false},"excerpt":{"rendered":"<p>[vc_row][vc_column width=&#8221;1\/1&#8243;][vc_column_text][vc_empty_space height=&#8221;20&#8243;] Referencia bibliogr\u00e1fica FERN\u00c1NDEZ SOLDEVILLA, Gaizka y JIM\u00c9NEZ RAMOS, Mar\u00eda (2024): \u00abUn rastro de sangre. La historia de ETA a la luz de los heridos que caus\u00f3\u00bb, en&hellip;<\/p>\n","protected":false},"author":1,"featured_media":0,"parent":0,"menu_order":0,"comment_status":"closed","ping_status":"closed","template":"","meta":{"om_disable_all_campaigns":false,"_monsterinsights_skip_tracking":false,"_monsterinsights_sitenote_active":false,"_monsterinsights_sitenote_note":"","_monsterinsights_sitenote_category":0,"_uf_show_specific_survey":0,"_uf_disable_surveys":false,"_vp_format_video_url":"","_vp_image_focal_point":[],"_vp_custom_popup_image":0,"_vp_format_audio_url":"","_vp_custom_thumbnail":0,"_vp_custom_thumbnail_focal_point":[],"_vp_hover_thumbnail":0,"_vp_hover_thumbnail_focal_point":[],"footnotes":""},"class_list":["post-24867","page","type-page","status-publish","hentry"],"aioseo_notices":[],"_links":{"self":[{"href":"https:\/\/www.arovite.com\/en\/wp-json\/wp\/v2\/pages\/24867","targetHints":{"allow":["GET"]}}],"collection":[{"href":"https:\/\/www.arovite.com\/en\/wp-json\/wp\/v2\/pages"}],"about":[{"href":"https:\/\/www.arovite.com\/en\/wp-json\/wp\/v2\/types\/page"}],"author":[{"embeddable":true,"href":"https:\/\/www.arovite.com\/en\/wp-json\/wp\/v2\/users\/1"}],"replies":[{"embeddable":true,"href":"https:\/\/www.arovite.com\/en\/wp-json\/wp\/v2\/comments?post=24867"}],"version-history":[{"count":0,"href":"https:\/\/www.arovite.com\/en\/wp-json\/wp\/v2\/pages\/24867\/revisions"}],"wp:attachment":[{"href":"https:\/\/www.arovite.com\/en\/wp-json\/wp\/v2\/media?parent=24867"}],"curies":[{"name":"wp","href":"https:\/\/api.w.org\/{rel}","templated":true}]}}