{"id":24862,"date":"2026-01-18T11:31:47","date_gmt":"2026-01-18T11:31:47","guid":{"rendered":"https:\/\/www.arovite.com\/fernandez-soldevilla-gaizka-2019-2\/"},"modified":"2026-01-18T11:31:47","modified_gmt":"2026-01-18T11:31:47","slug":"fernandez-soldevilla-gaizka-2019-2","status":"publish","type":"page","link":"https:\/\/www.arovite.com\/en\/fernandez-soldevilla-gaizka-2019-2\/","title":{"rendered":"FERN\u00c1NDEZ SOLDEVILLA, Gaizka (2019)"},"content":{"rendered":"<div class=\"wpb-content-wrapper\"><p>[vc_row][vc_column width=&#8221;1\/1&#8243;][vc_column_text][vc_empty_space height=&#8221;20&#8243;]<br \/>\n<strong>Referencia bibliogr\u00e1fica<\/strong><br \/>\nFERN\u00c1NDEZ SOLDEVILLA, Gaizka (2019): \u00abCr\u00edmenes fundacionales. ETA, de la propaganda al terrorismo (1958-1968)\u00bb, en MORENO SECO, M\u00f3nica (coord.) y FERN\u00c1NDEZ SIRVENT, Rafael y GUTI\u00c9RREZ LLORET, Rosa Ana (eds.): <em>Del siglo XIX al XXI. Tendencias y debates: XIV Congreso de la Asociaci\u00f3n de Historia Contempor\u00e1nea, Universidad de Alicante 20-22 de septiembre de 2018<\/em>. Alicante: Biblioteca Virtual Miguel de Cervantes, pp. 1632-1644. <\/p>\n<p><a class=\"button blue  medium \" href=\"https:\/\/rua.ua.es\/server\/api\/core\/bitstreams\/41531407-90b0-4503-a8fb-db69d118cc01\/content\" target=\"_blank\" rel=\"noopener\">Consultar PDF<\/a>[vc_empty_space height=&#8221;10&#8243;]<br \/>\n<strong>Resumen<\/strong><br \/>\nEste estudio documenta la transici\u00f3n de ETA desde la propaganda radical a su primera acci\u00f3n terrorista con asesinato en 1968, un evento crucial que defini\u00f3 su evoluci\u00f3n hacia el terrorismo de larga duraci\u00f3n en Espa\u00f1a. [vc_empty_space height=&#8221;10&#8243;]<br \/>\n<strong>Autor<\/strong><br \/>\nGaizka Fern\u00e1ndez Soldevilla. <a title=\"Dialnet\" href=\"https:\/\/dialnet.unirioja.es\/servlet\/autor?codigo=2407724\" target=\"_blank\" rel=\"noopener\">P\u00e1gina del autor en Dialnet.<\/a><br \/>\n[vc_empty_space height=&#8221;10&#8243;]<br \/>\n<strong>Tipo de documento<\/strong><br \/>\nComunicaci\u00f3n<br \/>\n[vc_empty_space height=&#8221;10&#8243;]<br \/>\n[\/vc_column_text][\/vc_column][\/vc_row]<\/p>\n<\/div>","protected":false},"excerpt":{"rendered":"<p>[vc_row][vc_column width=&#8221;1\/1&#8243;][vc_column_text][vc_empty_space height=&#8221;20&#8243;] Referencia bibliogr\u00e1fica FERN\u00c1NDEZ SOLDEVILLA, Gaizka (2019): \u00abCr\u00edmenes fundacionales. ETA, de la propaganda al terrorismo (1958-1968)\u00bb, en MORENO SECO, M\u00f3nica (coord.) y FERN\u00c1NDEZ SIRVENT, Rafael y GUTI\u00c9RREZ LLORET,&hellip;<\/p>\n","protected":false},"author":1,"featured_media":0,"parent":0,"menu_order":0,"comment_status":"closed","ping_status":"closed","template":"","meta":{"om_disable_all_campaigns":false,"_monsterinsights_skip_tracking":false,"_monsterinsights_sitenote_active":false,"_monsterinsights_sitenote_note":"","_monsterinsights_sitenote_category":0,"_uf_show_specific_survey":0,"_uf_disable_surveys":false,"_vp_format_video_url":"","_vp_image_focal_point":[],"_vp_custom_popup_image":0,"_vp_format_audio_url":"","_vp_custom_thumbnail":0,"_vp_custom_thumbnail_focal_point":[],"_vp_hover_thumbnail":0,"_vp_hover_thumbnail_focal_point":[],"footnotes":""},"class_list":["post-24862","page","type-page","status-publish","hentry"],"aioseo_notices":[],"_links":{"self":[{"href":"https:\/\/www.arovite.com\/en\/wp-json\/wp\/v2\/pages\/24862","targetHints":{"allow":["GET"]}}],"collection":[{"href":"https:\/\/www.arovite.com\/en\/wp-json\/wp\/v2\/pages"}],"about":[{"href":"https:\/\/www.arovite.com\/en\/wp-json\/wp\/v2\/types\/page"}],"author":[{"embeddable":true,"href":"https:\/\/www.arovite.com\/en\/wp-json\/wp\/v2\/users\/1"}],"replies":[{"embeddable":true,"href":"https:\/\/www.arovite.com\/en\/wp-json\/wp\/v2\/comments?post=24862"}],"version-history":[{"count":0,"href":"https:\/\/www.arovite.com\/en\/wp-json\/wp\/v2\/pages\/24862\/revisions"}],"wp:attachment":[{"href":"https:\/\/www.arovite.com\/en\/wp-json\/wp\/v2\/media?parent=24862"}],"curies":[{"name":"wp","href":"https:\/\/api.w.org\/{rel}","templated":true}]}}