{"id":24829,"date":"2026-01-18T10:33:15","date_gmt":"2026-01-18T10:33:15","guid":{"rendered":"https:\/\/www.arovite.com\/cremaux-bouche-david-2024\/"},"modified":"2026-01-18T10:35:45","modified_gmt":"2026-01-18T10:35:45","slug":"cremaux-bouche-david-2024","status":"publish","type":"page","link":"https:\/\/www.arovite.com\/en\/cremaux-bouche-david-2024\/","title":{"rendered":"CR\u00c9MAUX BOUCHE, David (2024)"},"content":{"rendered":"<div class=\"wpb-content-wrapper\"><p>[vc_row][vc_column width=&#8221;1\/1&#8243;][vc_column_text][vc_empty_space height=&#8221;20&#8243;]<br \/>\n<strong>Referencia bibliogr\u00e1fica<\/strong><br \/>\nCR\u00c9MAUX BOUCHE, David (2024): \u00abLas v\u00edctimas indirectas del terrorismo de ETA en \u201cMadres\u201d de Fernando Aramburu o la puesta en escena de una comunidad al\u00f3gena, doliente y silenciada\u00bb, <em>Conce\u03c6tos<\/em>, n\u00ba 10, pp. 89-107. <\/p>\n<p><a class=\"button blue  medium \" href=\"https:\/\/revues.u-bordeaux-montaigne.fr\/conceptos\/article\/view\/542\/731?customUrl=https%3A%2F%2Frevues.u-bordeaux-montaigne.fr%2Findex.php%2Fconceptos%2Fissue%2Fview%2F44&#038;issueTitle=La%28s%29%20v%C3%ADctima%28s%29\" target=\"_blank\" rel=\"noopener\">Consultar PDF<\/a>[vc_empty_space height=&#8221;10&#8243;]<br \/>\n<strong>Resumen<\/strong><br \/>\nEl cuento \u201cMadres\u201d, sacado de la colecci\u00f3n <em>Los peces de la amargura<\/em> (2006) escrita por Fernando Aramburu, se centra en las v\u00edctimas indirectas del terrorismo nacionalista de ETA. Mientras la violencia terrorista divide, mata y condena al ostracismo una comunidad al\u00f3gena llamada \u201clos espa\u00f1oles\u201d, la sociedad vasca y las v\u00edctimas indirectas han de jugar un papel de circunstancia para sobrevivir y evitar las represalias de la comunidad nacionalista. El objetivo de este art\u00edculo es estudiar la representaci\u00f3n de las v\u00edctimas indirectas y la violencia a la que son sometidas, analizando en particular la forma en que Aramburu derriba las m\u00e1scaras para devolver su rostro y su humanidad a dichas v\u00edctimas silenciadas durante d\u00e9cadas. [vc_empty_space height=&#8221;10&#8243;]<br \/>\n<strong>Abstract<\/strong><br \/>\nThe short story \u2018Madres\u2019, taken from Fernando Aramburu&#8217;s collection <em>Los peces de la amargura<\/em> (2006), places the indirect victims of ETA&#8217;s nationalist terrorism at the centre of the story. While terrorist violence divides, kills and ostracises a non-native community known as \u2018the Spaniards\u2019, Basque society and the indirect victims have to play a role of circumstance in order to survive and not suffer the reprisals of the nationalist community. The aim of this article is to study the representation of indirect victims and the violence to which they are subjected, analysing in particular the way in which Aramburu breaks down the masks to give back their face and their humanity to these victims who have been silenced for decades. [vc_empty_space height=&#8221;10&#8243;]<br \/>\n<strong>Resum\u00e9<\/strong><br \/>\nLa nouvelle \u201cMadres\u201d, tir\u00e9e du recueil Los peces de la amargura (2006) de Fernando Aramburu, place les victimes indirectes du terrorisme nationaliste de l\u2019ETA au centre du propos. Alors que la violence terroriste divise, tue et ostracise une communaut\u00e9 allog\u00e8ne appell\u00e9e \u201cles Espagnols\u201d, la soci\u00e9t\u00e9 basque et les victimes indirectes se doivent de jouer un r\u00f4le de circonstances pour survivre et ne pas subir les repr\u00e9sailles de la communaut\u00e9 nationaliste. L\u2019objectif de cet article est d\u2019\u00e9tudier la repr\u00e9sentation des victimes indirectes et la violence qu\u2019elles subissent, en analysant notamment la mani\u00e8re dont Aramburu fait tomber les masques pour redonner leur visage et leur humanit\u00e9 \u00e0 ces victimes silenci\u00e9es durant des d\u00e9cennies. [vc_empty_space height=&#8221;10&#8243;]<br \/>\n<strong>Autor<\/strong><br \/>\nDavid Cr\u00e9maux Bouche. <a title=\"Dialnet\" href=\"https:\/\/dialnet.unirioja.es\/servlet\/autor?codigo=6190255\" target=\"_blank\" rel=\"noopener\">P\u00e1gina del autor en Dialnet.<\/a><br \/>\n[vc_empty_space height=&#8221;10&#8243;]<br \/>\n<strong>Tipo de documento<\/strong><br \/>\nArt\u00edculo<br \/>\n[vc_empty_space height=&#8221;10&#8243;]<br \/>\n[\/vc_column_text][\/vc_column][\/vc_row]<\/p>\n<\/div>","protected":false},"excerpt":{"rendered":"<p>[vc_row][vc_column width=&#8221;1\/1&#8243;][vc_column_text][vc_empty_space height=&#8221;20&#8243;] Referencia bibliogr\u00e1fica CR\u00c9MAUX BOUCHE, David (2024): \u00abLas v\u00edctimas indirectas del terrorismo de ETA en \u201cMadres\u201d de Fernando Aramburu o la puesta en escena de una comunidad al\u00f3gena,&hellip;<\/p>\n","protected":false},"author":1,"featured_media":0,"parent":0,"menu_order":0,"comment_status":"closed","ping_status":"closed","template":"","meta":{"om_disable_all_campaigns":false,"_monsterinsights_skip_tracking":false,"_monsterinsights_sitenote_active":false,"_monsterinsights_sitenote_note":"","_monsterinsights_sitenote_category":0,"_uf_show_specific_survey":0,"_uf_disable_surveys":false,"_vp_format_video_url":"","_vp_image_focal_point":[],"_vp_custom_popup_image":0,"_vp_format_audio_url":"","_vp_custom_thumbnail":0,"_vp_custom_thumbnail_focal_point":[],"_vp_hover_thumbnail":0,"_vp_hover_thumbnail_focal_point":[],"footnotes":""},"class_list":["post-24829","page","type-page","status-publish","hentry"],"aioseo_notices":[],"_links":{"self":[{"href":"https:\/\/www.arovite.com\/en\/wp-json\/wp\/v2\/pages\/24829","targetHints":{"allow":["GET"]}}],"collection":[{"href":"https:\/\/www.arovite.com\/en\/wp-json\/wp\/v2\/pages"}],"about":[{"href":"https:\/\/www.arovite.com\/en\/wp-json\/wp\/v2\/types\/page"}],"author":[{"embeddable":true,"href":"https:\/\/www.arovite.com\/en\/wp-json\/wp\/v2\/users\/1"}],"replies":[{"embeddable":true,"href":"https:\/\/www.arovite.com\/en\/wp-json\/wp\/v2\/comments?post=24829"}],"version-history":[{"count":2,"href":"https:\/\/www.arovite.com\/en\/wp-json\/wp\/v2\/pages\/24829\/revisions"}],"predecessor-version":[{"id":24835,"href":"https:\/\/www.arovite.com\/en\/wp-json\/wp\/v2\/pages\/24829\/revisions\/24835"}],"wp:attachment":[{"href":"https:\/\/www.arovite.com\/en\/wp-json\/wp\/v2\/media?parent=24829"}],"curies":[{"name":"wp","href":"https:\/\/api.w.org\/{rel}","templated":true}]}}