{"id":24516,"date":"2025-06-23T17:14:22","date_gmt":"2025-06-23T17:14:22","guid":{"rendered":"https:\/\/www.arovite.com\/basta-ya-2003-5\/"},"modified":"2025-06-23T17:14:22","modified_gmt":"2025-06-23T17:14:22","slug":"basta-ya-2003-5","status":"publish","type":"page","link":"https:\/\/www.arovite.com\/en\/basta-ya-2003-5\/","title":{"rendered":"BASTA YA (2003)"},"content":{"rendered":"<div class=\"wpb-content-wrapper\"><p>[vc_row][vc_column width=&#8221;1\/1&#8243;][vc_column_text][vc_empty_space height=&#8221;20&#8243;]<br \/>\n <strong>Referencia bibliogr\u00e1fica<\/strong><br \/>\nBASTA YA (2003): <em>Hasta aqu\u00ed<\/em>, n\u00ba 13.<\/p>\n<p><a class=\"button blue  medium \" href=\"https:\/\/www.arovite.com\/documentos\/2003_Hasta_aqu\u00ed_13.pdf\" target=\"_blank\" rel=\"noopener\">Consultar PDF<\/a>[vc_empty_space height=&#8221;10&#8243;]<br \/>\n<strong>Resumen<\/strong><br \/>\nEl secuestro y asesinato del concejal de Ermua (Bizkaia) Miguel \u00c1ngel Blanco, en julio de 1997, supuso un punto de inflexi\u00f3n en la reacci\u00f3n social contra el terrorismo, as\u00ed como una novedad en el asociacionismo de esa naturaleza. Al car\u00e1cter prepol\u00edtico y silencioso de Gesto por la Paz se le contrapuso un tipo de respuesta m\u00e1s beligerante y pol\u00edtica, que denunciaba no solo el terrorismo, sino tambi\u00e9n su car\u00e1cter etnonacionalista y la coincidencia que hab\u00edan alcanzado en los a\u00f1os en torno al cambio de siglos los partidos nacionalistas vascos, tanto los gubernamentales (PNV y EA) como los abiertamente partidarios de ETA (Herri Batasuna y sus sucesivas marcas). Es as\u00ed como algunas entidades c\u00edvicas contra el terrorismo surgidas despu\u00e9s del verano de 1997, como el Foro Ermua, se unieron en 1999 para crear \u00a1Basta Ya! Su cometido era adem\u00e1s defender el Estado de derecho y la Constituci\u00f3n. Su portavoz m\u00e1s habitual fue el fil\u00f3sofo donostiarra Fernando Savater. El contexto pol\u00edtico de esos a\u00f1os y la creciente toma de postura pol\u00edtica de esta entidad les llevaron hacia la constituci\u00f3n de un partido pol\u00edtico, confluyendo buena parte de ellos en Uni\u00f3n Progreso y Democracia, en mayo de 2007, lo que supuso la desaparici\u00f3n de \u00a1Basta Ya! Entre septiembre de 2001 y abril de 2005 publicaron cada dos meses la cabecera <em>Hasta aqu\u00ed<\/em>. [vc_empty_space height=&#8221;10&#8243;]<br \/>\n<strong>Tipo de documento<\/strong><br \/>\nRevista<br \/>\n[vc_empty_space height=&#8221;10&#8243;]<br \/>\n[\/vc_column_text][\/vc_column][\/vc_row]<\/p>\n<\/div>","protected":false},"excerpt":{"rendered":"<p>[vc_row][vc_column width=&#8221;1\/1&#8243;][vc_column_text][vc_empty_space height=&#8221;20&#8243;] Referencia bibliogr\u00e1fica BASTA YA (2003): Hasta aqu\u00ed, n\u00ba 13. Consultar PDF[vc_empty_space height=&#8221;10&#8243;] Resumen El secuestro y asesinato del concejal de Ermua (Bizkaia) Miguel \u00c1ngel Blanco, en julio&hellip;<\/p>\n","protected":false},"author":1,"featured_media":0,"parent":0,"menu_order":0,"comment_status":"closed","ping_status":"closed","template":"","meta":{"om_disable_all_campaigns":false,"_monsterinsights_skip_tracking":false,"_monsterinsights_sitenote_active":false,"_monsterinsights_sitenote_note":"","_monsterinsights_sitenote_category":0,"_uf_show_specific_survey":0,"_uf_disable_surveys":false,"_vp_format_video_url":"","_vp_image_focal_point":[],"_vp_custom_popup_image":0,"_vp_format_audio_url":"","_vp_custom_thumbnail":0,"_vp_custom_thumbnail_focal_point":[],"_vp_hover_thumbnail":0,"_vp_hover_thumbnail_focal_point":[],"footnotes":""},"class_list":["post-24516","page","type-page","status-publish","hentry"],"aioseo_notices":[],"_links":{"self":[{"href":"https:\/\/www.arovite.com\/en\/wp-json\/wp\/v2\/pages\/24516","targetHints":{"allow":["GET"]}}],"collection":[{"href":"https:\/\/www.arovite.com\/en\/wp-json\/wp\/v2\/pages"}],"about":[{"href":"https:\/\/www.arovite.com\/en\/wp-json\/wp\/v2\/types\/page"}],"author":[{"embeddable":true,"href":"https:\/\/www.arovite.com\/en\/wp-json\/wp\/v2\/users\/1"}],"replies":[{"embeddable":true,"href":"https:\/\/www.arovite.com\/en\/wp-json\/wp\/v2\/comments?post=24516"}],"version-history":[{"count":0,"href":"https:\/\/www.arovite.com\/en\/wp-json\/wp\/v2\/pages\/24516\/revisions"}],"wp:attachment":[{"href":"https:\/\/www.arovite.com\/en\/wp-json\/wp\/v2\/media?parent=24516"}],"curies":[{"name":"wp","href":"https:\/\/api.w.org\/{rel}","templated":true}]}}