{"id":24436,"date":"2025-06-23T16:48:03","date_gmt":"2025-06-23T16:48:03","guid":{"rendered":"https:\/\/www.arovite.com\/alfaro-fournier-felix-1976\/"},"modified":"2025-06-23T16:48:03","modified_gmt":"2025-06-23T16:48:03","slug":"alfaro-fournier-felix-1976","status":"publish","type":"page","link":"https:\/\/www.arovite.com\/en\/alfaro-fournier-felix-1976\/","title":{"rendered":"ALFARO FOURNIER, F\u00e9lix (1976)"},"content":{"rendered":"<div class=\"wpb-content-wrapper\"><p>[vc_row][vc_column width=&#8221;1\/1&#8243;][vc_column_text][vc_empty_space height=&#8221;20&#8243;]<br \/>\n <strong>Referencia bibliogr\u00e1fica<\/strong><br \/>\nALFARO FOURNIER, F\u00e9lix (1976): \u00abCarta abierta a ETA\u00bb, publicada en <em>Norte Expres<\/em>, 22 de noviembre de 1976, p. 12.<\/p>\n<p><a class=\"button blue  medium \" href=\"https:\/\/www.arovite.com\/documentos\/1976_Alfaro_Fournier.pdf\" target=\"_blank\" rel=\"noopener\">Consultar PDF<\/a>[vc_empty_space height=&#8221;10&#8243;]<br \/>\n<strong>Resumen<\/strong><br \/>\nEl industrial naipero alav\u00e9s F\u00e9lix Alfaro Fournier fue el primero o uno de los primeros empresarios que manifestaron p\u00fablicamente su rechazo a responder a la extorsi\u00f3n econ\u00f3mica que pretendi\u00f3 ETA. Luego vinieron otros muchos m\u00e1s, como el guipuzcoano Juan Alcorta, due\u00f1o de Koipe, que hizo lo propio en junio de 1980. Algunos pagaron con su vida su posici\u00f3n o debieron abandonar el pa\u00eds, como transterrados. La extorsi\u00f3n econ\u00f3mica \u2013el mal llamado \u201cimpuesto revolucionario\u201d\u2013 se extendi\u00f3 entre miles de empresarios de muy diferentes niveles econ\u00f3micos, desde gerentes de grandes empresas a profesionales aut\u00f3nomos. Un entorno pasivo, complaciente o c\u00f3mplice lo hizo posible, m\u00e1s todav\u00eda all\u00ed donde era mayor el apoyo ciudadano a la cultura pol\u00edtica creada por ETA, la izquierda abertzale (m\u00e1s en Gipuzkoa que en \u00c1lava, por ejemplo). El secuestro fue tambi\u00e9n otro medio m\u00e1s extremo para obtener recursos a cambio de la liberaci\u00f3n de los retenidos. En ocasiones, tambi\u00e9n, se busc\u00f3 el prestigio al interferir en la negociaci\u00f3n colectiva o en conflictos laborales, sobre todo en los primeros a\u00f1os de actuaci\u00f3n de las diferentes marcas de ETA (y de los Comandos Aut\u00f3nomos Antiterroristas), en el entorno de los \u201ca\u00f1os de plomo\u201d (1978-1980). Sobre la cuesti\u00f3n, ver los trabajos de Izaskun S\u00e1ez de la Fuente (coord.) (2017): <em>Informe sobre la extorsi\u00f3n y la violencia de ETA contra el mundo empresarial<\/em>. Vitoria: Gobierno Vasco; Izaskun S\u00e1ez de la Fuente (ed.) (2017): <em>Misivas del terror: An\u00e1lisis \u00e9tico-pol\u00edtico de la extorsi\u00f3n de ETA contra el mundo empresarial<\/em>. Madrid: Marcial Pons; Josu Ugarte (coord.) (2018): <em>La bolsa y la vida. La extorsi\u00f3n y la violencia de ETA contra el mundo empresarial<\/em>. Madrid: La Esfera de los Libros; y VV. AA. (2020): <em>Los empresarios y ETA. Una historia no contada<\/em>. San Sebasti\u00e1n: Nerea. [vc_empty_space height=&#8221;10&#8243;]<br \/>\n<strong>Tipo de documento<\/strong><br \/>\nDocumento<br \/>\n[vc_empty_space height=&#8221;10&#8243;]<br \/>\n[\/vc_column_text][\/vc_column][\/vc_row]<\/p>\n<\/div>","protected":false},"excerpt":{"rendered":"<p>[vc_row][vc_column width=&#8221;1\/1&#8243;][vc_column_text][vc_empty_space height=&#8221;20&#8243;] Referencia bibliogr\u00e1fica ALFARO FOURNIER, F\u00e9lix (1976): \u00abCarta abierta a ETA\u00bb, publicada en Norte Expres, 22 de noviembre de 1976, p. 12. Consultar PDF[vc_empty_space height=&#8221;10&#8243;] Resumen El industrial&hellip;<\/p>\n","protected":false},"author":1,"featured_media":0,"parent":0,"menu_order":0,"comment_status":"closed","ping_status":"closed","template":"","meta":{"om_disable_all_campaigns":false,"_monsterinsights_skip_tracking":false,"_monsterinsights_sitenote_active":false,"_monsterinsights_sitenote_note":"","_monsterinsights_sitenote_category":0,"_uf_show_specific_survey":0,"_uf_disable_surveys":false,"_vp_format_video_url":"","_vp_image_focal_point":[],"_vp_custom_popup_image":0,"_vp_format_audio_url":"","_vp_custom_thumbnail":0,"_vp_custom_thumbnail_focal_point":[],"_vp_hover_thumbnail":0,"_vp_hover_thumbnail_focal_point":[],"footnotes":""},"class_list":["post-24436","page","type-page","status-publish","hentry"],"aioseo_notices":[],"_links":{"self":[{"href":"https:\/\/www.arovite.com\/en\/wp-json\/wp\/v2\/pages\/24436","targetHints":{"allow":["GET"]}}],"collection":[{"href":"https:\/\/www.arovite.com\/en\/wp-json\/wp\/v2\/pages"}],"about":[{"href":"https:\/\/www.arovite.com\/en\/wp-json\/wp\/v2\/types\/page"}],"author":[{"embeddable":true,"href":"https:\/\/www.arovite.com\/en\/wp-json\/wp\/v2\/users\/1"}],"replies":[{"embeddable":true,"href":"https:\/\/www.arovite.com\/en\/wp-json\/wp\/v2\/comments?post=24436"}],"version-history":[{"count":0,"href":"https:\/\/www.arovite.com\/en\/wp-json\/wp\/v2\/pages\/24436\/revisions"}],"wp:attachment":[{"href":"https:\/\/www.arovite.com\/en\/wp-json\/wp\/v2\/media?parent=24436"}],"curies":[{"name":"wp","href":"https:\/\/api.w.org\/{rel}","templated":true}]}}