{"id":24414,"date":"2025-06-23T16:35:23","date_gmt":"2025-06-23T16:35:23","guid":{"rendered":"https:\/\/www.arovite.com\/castells-arteche-luis-y-rivera-antonio-2021-2\/"},"modified":"2025-06-23T16:35:23","modified_gmt":"2025-06-23T16:35:23","slug":"castells-arteche-luis-y-rivera-antonio-2021-2","status":"publish","type":"page","link":"https:\/\/www.arovite.com\/en\/castells-arteche-luis-y-rivera-antonio-2021-2\/","title":{"rendered":"CASTELLS ARTECHE, LUIS y RIVERA, Antonio (2021)"},"content":{"rendered":"<div class=\"wpb-content-wrapper\"><p>[vc_row][vc_column width=&#8221;1\/1&#8243;][vc_column_text][vc_empty_space height=&#8221;20&#8243;]<br \/>\n <strong>Referencia bibliogr\u00e1fica<\/strong><br \/>\nCASTELLS ARTECHE, LUIS y RIVERA, Antonio (2021): \u00abPol\u00edticas de memoria de la violencia terrorista. Cuando el pasado no lo es\u00bb, en LEONISIO, Rafael; MOLINA, Fernando y MURO, Diego (eds.): <em>ETA. Terror y terrorismo<\/em>, Madrid: Marcial Pons, pp. 291-316. <\/p>\n<p><a class=\"button blue  medium \" href=\"https:\/\/www.arovite.com\/documentos\/2021b_Castells_y_Rivera.pdf\" target=\"_blank\" rel=\"noopener\">Consultar PDF<\/a>[vc_empty_space height=&#8221;10&#8243;]<br \/>\n<strong>Resumen<\/strong><br \/>\nA lo largo de este cap\u00edtulo Luis Castells y Antonio Rivera desvelan las razones que subyacen tras la estrategia discursiva del nacionalismo vasco radical, que renuncia a la violencia hoy pero que no condena su uso en el pasado a fin de no impugnar la opci\u00f3n de sus presos y de ofrecer un relato hist\u00f3rico en el que se sienta integrado. Tambi\u00e9n aluden a la pol\u00edtica de memoria del Gobierno vasco, una memoria \u00abinclusiva\u00bb que, partiendo de la idea del conflicto vasco, habla de violencias por ambos lados, equiparando subliminalmente a la banda terrorista con el Estado, y que desposee a las v\u00edctimas de ETA de su dimensi\u00f3n pol\u00edtica obviando la centralidad del terrorismo como fen\u00f3meno singular de nuestra historia. En el gran dilema que se plantea a las sociedades postrauma a la hora de gestionar el binomio \u00abpaz y verdad\u00bb, los autores se decantan por el conocimiento hist\u00f3rico riguroso de lo sucedido, por el tratamiento espec\u00edfico a cada v\u00edctima, con su propio significado, y por la recuperaci\u00f3n de los valores democr\u00e1ticos conculcados por el terrorismo. [vc_empty_space height=&#8221;10&#8243;]<br \/>\n<strong>Autor<\/strong><br \/>\nLuis Castells Arteche. <a title=\"Dialnet\" href=\"https:\/\/dialnet.unirioja.es\/servlet\/autor?codigo=145543\" target=\"_blank\" rel=\"noopener\">P\u00e1gina del autor en Dialnet.<\/a><br \/>\nAntonio Rivera. <a title=\"Dialnet\" href=\"https:\/\/dialnet.unirioja.es\/servlet\/autor?codigo=181403\" target=\"_blank\" rel=\"noopener\">P\u00e1gina del autor en Dialnet.<\/a><br \/>\n[vc_empty_space height=&#8221;10&#8243;]<br \/>\n<strong>Tipo de documento<\/strong><br \/>\nCap\u00edtulo de libro<br \/>\n[vc_empty_space height=&#8221;10&#8243;]<br \/>\n[\/vc_column_text][\/vc_column][\/vc_row]<\/p>\n<\/div>","protected":false},"excerpt":{"rendered":"<p>[vc_row][vc_column width=&#8221;1\/1&#8243;][vc_column_text][vc_empty_space height=&#8221;20&#8243;] Referencia bibliogr\u00e1fica CASTELLS ARTECHE, LUIS y RIVERA, Antonio (2021): \u00abPol\u00edticas de memoria de la violencia terrorista. Cuando el pasado no lo es\u00bb, en LEONISIO, Rafael; MOLINA, Fernando&hellip;<\/p>\n","protected":false},"author":1,"featured_media":0,"parent":0,"menu_order":0,"comment_status":"closed","ping_status":"closed","template":"","meta":{"om_disable_all_campaigns":false,"_monsterinsights_skip_tracking":false,"_monsterinsights_sitenote_active":false,"_monsterinsights_sitenote_note":"","_monsterinsights_sitenote_category":0,"_uf_show_specific_survey":0,"_uf_disable_surveys":false,"_vp_format_video_url":"","_vp_image_focal_point":[],"_vp_custom_popup_image":0,"_vp_format_audio_url":"","_vp_custom_thumbnail":0,"_vp_custom_thumbnail_focal_point":[],"_vp_hover_thumbnail":0,"_vp_hover_thumbnail_focal_point":[],"footnotes":""},"class_list":["post-24414","page","type-page","status-publish","hentry"],"aioseo_notices":[],"_links":{"self":[{"href":"https:\/\/www.arovite.com\/en\/wp-json\/wp\/v2\/pages\/24414","targetHints":{"allow":["GET"]}}],"collection":[{"href":"https:\/\/www.arovite.com\/en\/wp-json\/wp\/v2\/pages"}],"about":[{"href":"https:\/\/www.arovite.com\/en\/wp-json\/wp\/v2\/types\/page"}],"author":[{"embeddable":true,"href":"https:\/\/www.arovite.com\/en\/wp-json\/wp\/v2\/users\/1"}],"replies":[{"embeddable":true,"href":"https:\/\/www.arovite.com\/en\/wp-json\/wp\/v2\/comments?post=24414"}],"version-history":[{"count":0,"href":"https:\/\/www.arovite.com\/en\/wp-json\/wp\/v2\/pages\/24414\/revisions"}],"wp:attachment":[{"href":"https:\/\/www.arovite.com\/en\/wp-json\/wp\/v2\/media?parent=24414"}],"curies":[{"name":"wp","href":"https:\/\/api.w.org\/{rel}","templated":true}]}}