{"id":24151,"date":"2024-10-16T17:54:54","date_gmt":"2024-10-16T17:54:54","guid":{"rendered":"https:\/\/www.arovite.com\/bases-de-datos\/sugerencias-de-lectura\/aspectos-de-genero\/"},"modified":"2025-06-15T12:57:07","modified_gmt":"2025-06-15T12:57:07","slug":"gender-aspects","status":"publish","type":"page","link":"https:\/\/www.arovite.com\/en\/bases-de-datos\/reading-suggestions\/gender-aspects\/","title":{"rendered":"Gender aspects"},"content":{"rendered":"<div class=\"wpb-content-wrapper\"><p>[vc_row][vc_column]\n<div class=\"vp-portfolio vp-uid-225f80a2 vp-id-23466  \"\n\tdata-vp-layout=\"grid\" data-vp-content-source=\"post-based\" data-vp-items-style=\"default\" data-vp-items-click-action=\"url\" data-vp-items-gap=\"30\" data-vp-items-gap-vertical=\"\" data-vp-pagination=\"load-more\" data-vp-next-page-url=\"\" data-vp-grid-columns=\"3\" data-vp-grid-images-aspect-ratio=\"4:4\" data-vp-grid-items-vertical-align=\"top\" >\n\t<div class=\"vp-portfolio__preloader-wrap\">\n\t\t<div class=\"vp-portfolio__preloader\">\n\t\t\t<img decoding=\"async\" loading=\"eager\" src=\"https:\/\/www.arovite.com\/wp-content\/plugins\/visual-portfolio-pro\/core-plugin\/assets\/images\/logo-dark.svg\" alt=\"Visual Portfolio, Posts &amp; Image Gallery for WordPress\" width=\"20\" height=\"20\" data-skip-lazy>\n\t\t<\/div>\n\t<\/div>\n\t\t<div class=\"vp-portfolio__items-wrap\">\n\t\t\t\n<div class=\"vp-portfolio__items vp-portfolio__items-style-default vp-portfolio__items-show-overlay-hover\">\n\n\t\t<article\t\tclass=\"vp-portfolio__item-wrap post-18163 portfolio type-portfolio status-publish format-standard has-post-thumbnail hentry portfolio_category-gender-aspects portfolio_category-reading-suggestions vp-portfolio__item-uid-ad68e984\" data-vp-filter=\"gender-aspects,reading-suggestions\" \t\t>\n\t\t\t\t\t\t\t\t\t<figure class=\"vp-portfolio__item\">\n\t\t\t\t\n<div class=\"vp-portfolio__item-img-wrap\">\n\t<div class=\"vp-portfolio__item-img\">\n\t\t\t<a\n\t\thref=\"https:\/\/www.arovite.com\/en\/portfolio\/reading-suggestions\/mujeres-victimas-del-terrorismo-y-mujeres-contra-el-terrorismo-historia-memoria-labor-y-legado\/\"\n\t\t\t>\n\t\n\t\t<noscript><img loading=\"lazy\" decoding=\"async\" width=\"1500\" height=\"1000\" data-skip-lazy src=\"https:\/\/www.arovite.com\/wp-content\/uploads\/2023\/10\/arovite-sugerencias-de-lectura-mujeres-victimas-del-terrorismo.jpg\" class=\"wp-image-22828\" alt=\"\" srcset=\"https:\/\/www.arovite.com\/wp-content\/uploads\/2023\/10\/arovite-sugerencias-de-lectura-mujeres-victimas-del-terrorismo.jpg 1500w, https:\/\/www.arovite.com\/wp-content\/uploads\/2023\/10\/arovite-sugerencias-de-lectura-mujeres-victimas-del-terrorismo-300x200.jpg 300w, https:\/\/www.arovite.com\/wp-content\/uploads\/2023\/10\/arovite-sugerencias-de-lectura-mujeres-victimas-del-terrorismo-1024x683.jpg 1024w, https:\/\/www.arovite.com\/wp-content\/uploads\/2023\/10\/arovite-sugerencias-de-lectura-mujeres-victimas-del-terrorismo-768x512.jpg 768w, https:\/\/www.arovite.com\/wp-content\/uploads\/2023\/10\/arovite-sugerencias-de-lectura-mujeres-victimas-del-terrorismo-500x333.jpg 500w, https:\/\/www.arovite.com\/wp-content\/uploads\/2023\/10\/arovite-sugerencias-de-lectura-mujeres-victimas-del-terrorismo-800x533.jpg 800w, https:\/\/www.arovite.com\/wp-content\/uploads\/2023\/10\/arovite-sugerencias-de-lectura-mujeres-victimas-del-terrorismo-1280x853.jpg 1280w, https:\/\/www.arovite.com\/wp-content\/uploads\/2023\/10\/arovite-sugerencias-de-lectura-mujeres-victimas-del-terrorismo-100x68.jpg 100w, https:\/\/www.arovite.com\/wp-content\/uploads\/2023\/10\/arovite-sugerencias-de-lectura-mujeres-victimas-del-terrorismo-450x300.jpg 450w\" sizes=\"auto, (max-width: 1500px) 100vw, 1500px\" \/><\/noscript><img fetchpriority=\"high\" decoding=\"async\" width=\"1500\" height=\"1000\" src=\"https:\/\/www.arovite.com\/wp-content\/uploads\/2023\/10\/arovite-sugerencias-de-lectura-mujeres-victimas-del-terrorismo.jpg\" class=\"wp-image-22828 vp-lazyload\" alt srcset=\"data:image\/svg+xml;base64,PHN2ZyB3aWR0aD0iMTUwMCIgaGVpZ2h0PSIxMDAwIiB2aWV3Qm94PSIwIDAgMTUwMCAxMDAwIiBmaWxsPSJub25lIiB4bWxucz0iaHR0cDovL3d3dy53My5vcmcvMjAwMC9zdmciPjwvc3ZnPg==\" data-src=\"https:\/\/www.arovite.com\/wp-content\/uploads\/2023\/10\/arovite-sugerencias-de-lectura-mujeres-victimas-del-terrorismo.jpg\" data-srcset=\"https:\/\/www.arovite.com\/wp-content\/uploads\/2023\/10\/arovite-sugerencias-de-lectura-mujeres-victimas-del-terrorismo.jpg 1500w, https:\/\/www.arovite.com\/wp-content\/uploads\/2023\/10\/arovite-sugerencias-de-lectura-mujeres-victimas-del-terrorismo-300x200.jpg 300w, https:\/\/www.arovite.com\/wp-content\/uploads\/2023\/10\/arovite-sugerencias-de-lectura-mujeres-victimas-del-terrorismo-1024x683.jpg 1024w, https:\/\/www.arovite.com\/wp-content\/uploads\/2023\/10\/arovite-sugerencias-de-lectura-mujeres-victimas-del-terrorismo-768x512.jpg 768w, https:\/\/www.arovite.com\/wp-content\/uploads\/2023\/10\/arovite-sugerencias-de-lectura-mujeres-victimas-del-terrorismo-500x333.jpg 500w, https:\/\/www.arovite.com\/wp-content\/uploads\/2023\/10\/arovite-sugerencias-de-lectura-mujeres-victimas-del-terrorismo-800x533.jpg 800w, https:\/\/www.arovite.com\/wp-content\/uploads\/2023\/10\/arovite-sugerencias-de-lectura-mujeres-victimas-del-terrorismo-1280x853.jpg 1280w, https:\/\/www.arovite.com\/wp-content\/uploads\/2023\/10\/arovite-sugerencias-de-lectura-mujeres-victimas-del-terrorismo-100x68.jpg 100w, https:\/\/www.arovite.com\/wp-content\/uploads\/2023\/10\/arovite-sugerencias-de-lectura-mujeres-victimas-del-terrorismo-450x300.jpg 450w\" data-sizes=\"auto\" loading=\"eager\">\n\t\t<div class=\"vp-portfolio__item-overlay\">\n\t\t\t\t\t<\/div>\n\n\t\t<\/a>\t<\/div>\n<\/div>\n\n\t<figcaption class=\"vp-portfolio__item-caption vp-portfolio__item-caption-text-align-center\">\n\t\t<div class=\"vp-portfolio__item-meta\">\n\t\t\t\n<h2 class=\"vp-portfolio__item-meta-title\">\n\t\t<a\n\t\thref=\"https:\/\/www.arovite.com\/en\/portfolio\/reading-suggestions\/mujeres-victimas-del-terrorismo-y-mujeres-contra-el-terrorismo-historia-memoria-labor-y-legado\/\"\n\t\t\t>\n\tMujeres v\u00edctimas del terrorismo y mujeres contra el terrorismo. Historia, memoria, labor y legado<\/a><\/h2>\n\n<div class=\"vp-portfolio__item-meta-excerpt\">\n\t<div>\n\t\tGONZ\u00c1LEZ PIOTE, Laura, CRESPO ALC\u00c1ZAR, Alfredo y RODR\u00cdGUEZ JIM\u00c9NEZ, Jos\u00e9 Luis (coords.)\t<\/div>\n<\/div>\n\t\t<\/div>\n\t<\/figcaption>\n\t\t\t<\/figure>\n\t\t\t\t\t<\/article>\n\t\t\n\t\t<article\t\tclass=\"vp-portfolio__item-wrap post-12289 portfolio type-portfolio status-publish format-standard has-post-thumbnail hentry portfolio_category-gender-aspects portfolio_category-reading-suggestions vp-portfolio__item-uid-bec57329\" data-vp-filter=\"gender-aspects,reading-suggestions\" \t\t>\n\t\t\t\t\t\t\t\t\t<figure class=\"vp-portfolio__item\">\n\t\t\t\t\n<div class=\"vp-portfolio__item-img-wrap\">\n\t<div class=\"vp-portfolio__item-img\">\n\t\t\t<a\n\t\thref=\"https:\/\/www.arovite.com\/en\/portfolio\/reading-suggestions\/resistencia-socialista-en-femenino-violencia-de-eta-y-mujeres-del-pse-desde-la-transicion-hasta-2011\/\"\n\t\t\t>\n\t\n\t\t<noscript><img loading=\"lazy\" decoding=\"async\" width=\"1500\" height=\"1000\" data-skip-lazy src=\"https:\/\/www.arovite.com\/wp-content\/uploads\/2023\/10\/arovite-sugerencias-de-lectura-resistencia-socialista-en-femenino.jpg\" class=\"wp-image-22831\" alt=\"\" srcset=\"https:\/\/www.arovite.com\/wp-content\/uploads\/2023\/10\/arovite-sugerencias-de-lectura-resistencia-socialista-en-femenino.jpg 1500w, https:\/\/www.arovite.com\/wp-content\/uploads\/2023\/10\/arovite-sugerencias-de-lectura-resistencia-socialista-en-femenino-300x200.jpg 300w, https:\/\/www.arovite.com\/wp-content\/uploads\/2023\/10\/arovite-sugerencias-de-lectura-resistencia-socialista-en-femenino-1024x683.jpg 1024w, https:\/\/www.arovite.com\/wp-content\/uploads\/2023\/10\/arovite-sugerencias-de-lectura-resistencia-socialista-en-femenino-768x512.jpg 768w, https:\/\/www.arovite.com\/wp-content\/uploads\/2023\/10\/arovite-sugerencias-de-lectura-resistencia-socialista-en-femenino-500x333.jpg 500w, https:\/\/www.arovite.com\/wp-content\/uploads\/2023\/10\/arovite-sugerencias-de-lectura-resistencia-socialista-en-femenino-800x533.jpg 800w, https:\/\/www.arovite.com\/wp-content\/uploads\/2023\/10\/arovite-sugerencias-de-lectura-resistencia-socialista-en-femenino-1280x853.jpg 1280w, https:\/\/www.arovite.com\/wp-content\/uploads\/2023\/10\/arovite-sugerencias-de-lectura-resistencia-socialista-en-femenino-100x68.jpg 100w, https:\/\/www.arovite.com\/wp-content\/uploads\/2023\/10\/arovite-sugerencias-de-lectura-resistencia-socialista-en-femenino-450x300.jpg 450w\" sizes=\"auto, (max-width: 1500px) 100vw, 1500px\" \/><\/noscript><img decoding=\"async\" width=\"1500\" height=\"1000\" src=\"https:\/\/www.arovite.com\/wp-content\/uploads\/2023\/10\/arovite-sugerencias-de-lectura-resistencia-socialista-en-femenino.jpg\" class=\"wp-image-22831 vp-lazyload\" alt srcset=\"data:image\/svg+xml;base64,PHN2ZyB3aWR0aD0iMTUwMCIgaGVpZ2h0PSIxMDAwIiB2aWV3Qm94PSIwIDAgMTUwMCAxMDAwIiBmaWxsPSJub25lIiB4bWxucz0iaHR0cDovL3d3dy53My5vcmcvMjAwMC9zdmciPjwvc3ZnPg==\" data-src=\"https:\/\/www.arovite.com\/wp-content\/uploads\/2023\/10\/arovite-sugerencias-de-lectura-resistencia-socialista-en-femenino.jpg\" data-srcset=\"https:\/\/www.arovite.com\/wp-content\/uploads\/2023\/10\/arovite-sugerencias-de-lectura-resistencia-socialista-en-femenino.jpg 1500w, https:\/\/www.arovite.com\/wp-content\/uploads\/2023\/10\/arovite-sugerencias-de-lectura-resistencia-socialista-en-femenino-300x200.jpg 300w, https:\/\/www.arovite.com\/wp-content\/uploads\/2023\/10\/arovite-sugerencias-de-lectura-resistencia-socialista-en-femenino-1024x683.jpg 1024w, https:\/\/www.arovite.com\/wp-content\/uploads\/2023\/10\/arovite-sugerencias-de-lectura-resistencia-socialista-en-femenino-768x512.jpg 768w, https:\/\/www.arovite.com\/wp-content\/uploads\/2023\/10\/arovite-sugerencias-de-lectura-resistencia-socialista-en-femenino-500x333.jpg 500w, https:\/\/www.arovite.com\/wp-content\/uploads\/2023\/10\/arovite-sugerencias-de-lectura-resistencia-socialista-en-femenino-800x533.jpg 800w, https:\/\/www.arovite.com\/wp-content\/uploads\/2023\/10\/arovite-sugerencias-de-lectura-resistencia-socialista-en-femenino-1280x853.jpg 1280w, https:\/\/www.arovite.com\/wp-content\/uploads\/2023\/10\/arovite-sugerencias-de-lectura-resistencia-socialista-en-femenino-100x68.jpg 100w, https:\/\/www.arovite.com\/wp-content\/uploads\/2023\/10\/arovite-sugerencias-de-lectura-resistencia-socialista-en-femenino-450x300.jpg 450w\" data-sizes=\"auto\" loading=\"eager\">\n\t\t<div class=\"vp-portfolio__item-overlay\">\n\t\t\t\t\t<\/div>\n\n\t\t<\/a>\t<\/div>\n<\/div>\n\n\t<figcaption class=\"vp-portfolio__item-caption vp-portfolio__item-caption-text-align-center\">\n\t\t<div class=\"vp-portfolio__item-meta\">\n\t\t\t\n<h2 class=\"vp-portfolio__item-meta-title\">\n\t\t<a\n\t\thref=\"https:\/\/www.arovite.com\/en\/portfolio\/reading-suggestions\/resistencia-socialista-en-femenino-violencia-de-eta-y-mujeres-del-pse-desde-la-transicion-hasta-2011\/\"\n\t\t\t>\n\tResistencia socialista en femenino. Violencia de ETA y mujeres del PSE desde la Transici\u00f3n hasta 2011<\/a><\/h2>\n\n<div class=\"vp-portfolio__item-meta-excerpt\">\n\t<div>\n\t\tHIDALGO GARC\u00cdA DE ORELL\u00c1N, Sara y COMONTE SANTAMAR\u00cdA, \u00c1ngel\t<\/div>\n<\/div>\n\t\t<\/div>\n\t<\/figcaption>\n\t\t\t<\/figure>\n\t\t\t\t\t<\/article>\n\t\t\n<\/div>\n\t\t<\/div>\n\t\t\t\t<div class=\"vp-portfolio__layout-elements vp-portfolio__layout-elements-bottom vp-portfolio__layout-elements-align-center\">\n\t\t\t\t<div class=\"vp-portfolio__pagination-wrap\">\n\t\t\n<div class=\"vp-pagination vp-pagination__no-more vp-pagination__style-minimal\" data-vp-pagination-type=\"load-more\">\n\t<div class=\"vp-pagination__item\">\n\t\t<a class=\"vp-pagination__load-more\" href=\"\">\n\t\t\t<span>Load more<\/span>\n\t\t\t<span class=\"vp-pagination__load-more-loading\"><span class=\"vp-spinner\"><\/span><span class=\"vp-screen-reader-text\"> Loading more...<\/span><\/span>\n\t\t\t<span class=\"vp-pagination__load-more-no-more\">You have reached the end of the list<\/span>\n\t\t<\/a>\n\t<\/div>\n<\/div>\n\t\t<\/div>\n\t\t\t\t<\/div>\n\t\t\n<\/div>\n[\/vc_column][\/vc_row]<\/p>\n<\/div>","protected":false},"excerpt":{"rendered":"<p>[vc_row][vc_column][\/vc_column][\/vc_row]<\/p>\n","protected":false},"author":2,"featured_media":0,"parent":4001,"menu_order":0,"comment_status":"closed","ping_status":"closed","template":"","meta":{"om_disable_all_campaigns":false,"_monsterinsights_skip_tracking":false,"_monsterinsights_sitenote_active":false,"_monsterinsights_sitenote_note":"","_monsterinsights_sitenote_category":0,"_uf_show_specific_survey":0,"_uf_disable_surveys":false,"_vp_format_video_url":"","_vp_image_focal_point":[],"_vp_custom_popup_image":0,"_vp_format_audio_url":"","_vp_custom_thumbnail":0,"_vp_custom_thumbnail_focal_point":[],"_vp_hover_thumbnail":0,"_vp_hover_thumbnail_focal_point":[],"footnotes":""},"class_list":["post-24151","page","type-page","status-publish","hentry"],"aioseo_notices":[],"_links":{"self":[{"href":"https:\/\/www.arovite.com\/en\/wp-json\/wp\/v2\/pages\/24151","targetHints":{"allow":["GET"]}}],"collection":[{"href":"https:\/\/www.arovite.com\/en\/wp-json\/wp\/v2\/pages"}],"about":[{"href":"https:\/\/www.arovite.com\/en\/wp-json\/wp\/v2\/types\/page"}],"author":[{"embeddable":true,"href":"https:\/\/www.arovite.com\/en\/wp-json\/wp\/v2\/users\/2"}],"replies":[{"embeddable":true,"href":"https:\/\/www.arovite.com\/en\/wp-json\/wp\/v2\/comments?post=24151"}],"version-history":[{"count":2,"href":"https:\/\/www.arovite.com\/en\/wp-json\/wp\/v2\/pages\/24151\/revisions"}],"predecessor-version":[{"id":24153,"href":"https:\/\/www.arovite.com\/en\/wp-json\/wp\/v2\/pages\/24151\/revisions\/24153"}],"up":[{"embeddable":true,"href":"https:\/\/www.arovite.com\/en\/wp-json\/wp\/v2\/pages\/4001"}],"wp:attachment":[{"href":"https:\/\/www.arovite.com\/en\/wp-json\/wp\/v2\/media?parent=24151"}],"curies":[{"name":"wp","href":"https:\/\/api.w.org\/{rel}","templated":true}]}}